{"id":865,"date":"2022-05-02T09:06:48","date_gmt":"2022-05-02T09:06:48","guid":{"rendered":"https:\/\/extranet.infocpam.fr\/rapportannuel-cpam25-2022\/?page_id=865"},"modified":"2023-06-02T10:00:25","modified_gmt":"2023-06-02T10:00:25","slug":"la-cpam-du-doubs","status":"publish","type":"page","link":"https:\/\/extranet.infocpam.fr\/rapportannuel-cpam25-2022\/la-cpam-du-doubs\/","title":{"rendered":"Diverses statistiques"},"content":{"rendered":"\t\t<div data-elementor-type=\"wp-page\" data-elementor-id=\"865\" class=\"elementor elementor-865\">\n\t\t\t\t\t\t\t\t\t<section class=\"elementor-section elementor-top-section elementor-element elementor-element-7d440594 elementor-section-boxed elementor-section-height-default elementor-section-height-default\" data-id=\"7d440594\" data-element_type=\"section\">\n\t\t\t\t\t\t<div class=\"elementor-container elementor-column-gap-default\">\n\t\t\t\t\t<div class=\"elementor-column elementor-col-100 elementor-top-column elementor-element elementor-element-6cfbf8a5\" data-id=\"6cfbf8a5\" data-element_type=\"column\">\n\t\t\t<div class=\"elementor-widget-wrap elementor-element-populated\">\n\t\t\t\t\t\t\t\t<div class=\"elementor-element elementor-element-57f6b17 elementor-widget elementor-widget-heading\" data-id=\"57f6b17\" data-element_type=\"widget\" data-widget_type=\"heading.default\">\n\t\t\t\t<div class=\"elementor-widget-container\">\n\t\t\t<style>\/*! elementor - v3.12.1 - 02-04-2023 *\/\n.elementor-heading-title{padding:0;margin:0;line-height:1}.elementor-widget-heading .elementor-heading-title[class*=elementor-size-]>a{color:inherit;font-size:inherit;line-height:inherit}.elementor-widget-heading .elementor-heading-title.elementor-size-small{font-size:15px}.elementor-widget-heading .elementor-heading-title.elementor-size-medium{font-size:19px}.elementor-widget-heading .elementor-heading-title.elementor-size-large{font-size:29px}.elementor-widget-heading .elementor-heading-title.elementor-size-xl{font-size:39px}.elementor-widget-heading .elementor-heading-title.elementor-size-xxl{font-size:59px}<\/style><div id=\"ez-toc-container\" class=\"ez-toc-v2_0_83 ez-toc-wrap-left counter-hierarchy ez-toc-counter ez-toc-grey ez-toc-container-direction\">\n<label for=\"ez-toc-cssicon-toggle-item-6a0746e02b86f\" class=\"ez-toc-cssicon-toggle-label\"><span class=\"\"><span class=\"eztoc-hide\" style=\"display:none;\">Toggle<\/span><span class=\"ez-toc-icon-toggle-span\"><svg style=\"fill: #999999;color:#999999\" xmlns=\"http:\/\/www.w3.org\/2000\/svg\" class=\"list-377408\" width=\"20px\" height=\"20px\" viewBox=\"0 0 24 24\" fill=\"none\"><path d=\"M6 6H4v2h2V6zm14 0H8v2h12V6zM4 11h2v2H4v-2zm16 0H8v2h12v-2zM4 16h2v2H4v-2zm16 0H8v2h12v-2z\" fill=\"currentColor\"><\/path><\/svg><svg style=\"fill: #999999;color:#999999\" class=\"arrow-unsorted-368013\" xmlns=\"http:\/\/www.w3.org\/2000\/svg\" width=\"10px\" height=\"10px\" viewBox=\"0 0 24 24\" version=\"1.2\" baseProfile=\"tiny\"><path d=\"M18.2 9.3l-6.2-6.3-6.2 6.3c-.2.2-.3.4-.3.7s.1.5.3.7c.2.2.4.3.7.3h11c.3 0 .5-.1.7-.3.2-.2.3-.5.3-.7s-.1-.5-.3-.7zM5.8 14.7l6.2 6.3 6.2-6.3c.2-.2.3-.5.3-.7s-.1-.5-.3-.7c-.2-.2-.4-.3-.7-.3h-11c-.3 0-.5.1-.7.3-.2.2-.3.5-.3.7s.1.5.3.7z\"\/><\/svg><\/span><\/span><\/label><input type=\"checkbox\"  id=\"ez-toc-cssicon-toggle-item-6a0746e02b86f\"  aria-label=\"Toggle\" \/><nav><ul class='ez-toc-list ez-toc-list-level-1 ' ><li class='ez-toc-page-1 ez-toc-heading-level-2'><a class=\"ez-toc-link ez-toc-heading-1\" href=\"https:\/\/extranet.infocpam.fr\/rapportannuel-cpam25-2022\/la-cpam-du-doubs\/#Demographie\" >D\u00e9mographie<\/a><\/li><li class='ez-toc-page-1 ez-toc-heading-level-2'><a class=\"ez-toc-link ez-toc-heading-2\" href=\"https:\/\/extranet.infocpam.fr\/rapportannuel-cpam25-2022\/la-cpam-du-doubs\/#Offre_et_consommation_de_soins\" >Offre et consommation de soins<\/a><ul class='ez-toc-list-level-4' ><li class='ez-toc-heading-level-4'><ul class='ez-toc-list-level-4' ><li class='ez-toc-heading-level-4'><a class=\"ez-toc-link ez-toc-heading-3\" href=\"https:\/\/extranet.infocpam.fr\/rapportannuel-cpam25-2022\/la-cpam-du-doubs\/#3_208_professionnels_de_Sante_au_31122022\" >3 208 professionnels de Sant\u00e9 au 31\/12\/2022<\/a><\/li><li class='ez-toc-page-1 ez-toc-heading-level-4'><a class=\"ez-toc-link ez-toc-heading-4\" href=\"https:\/\/extranet.infocpam.fr\/rapportannuel-cpam25-2022\/la-cpam-du-doubs\/#237_etablissements_medico-sociaux\" >237 \u00e9tablissements m\u00e9dico-sociaux<\/a><\/li><li class='ez-toc-page-1 ez-toc-heading-level-4'><a class=\"ez-toc-link ez-toc-heading-5\" href=\"https:\/\/extranet.infocpam.fr\/rapportannuel-cpam25-2022\/la-cpam-du-doubs\/#34_482_entreprises\" >34 482 entreprises<\/a><\/li><\/ul><\/li><\/ul><\/li><\/ul><\/nav><\/div>\n<h2 class=\"elementor-heading-title elementor-size-default\"><span class=\"ez-toc-section\" id=\"Demographie\"><\/span>D\u00e9mographie<span class=\"ez-toc-section-end\"><\/span><\/h2>\t\t<\/div>\n\t\t\t\t<\/div>\n\t\t\t\t<section class=\"elementor-section elementor-inner-section elementor-element elementor-element-d8e8622 elementor-section-boxed elementor-section-height-default elementor-section-height-default\" data-id=\"d8e8622\" data-element_type=\"section\">\n\t\t\t\t\t\t<div class=\"elementor-container elementor-column-gap-default\">\n\t\t\t\t\t<div class=\"elementor-column elementor-col-50 elementor-inner-column elementor-element elementor-element-9469b12\" data-id=\"9469b12\" data-element_type=\"column\">\n\t\t\t<div class=\"elementor-widget-wrap elementor-element-populated\">\n\t\t\t\t\t\t\t\t<div class=\"elementor-element elementor-element-61333d5 elementor-widget__width-initial elementor-widget elementor-widget-image\" data-id=\"61333d5\" data-element_type=\"widget\" data-widget_type=\"image.default\">\n\t\t\t\t<div class=\"elementor-widget-container\">\n\t\t\t<style>\/*! elementor - v3.12.1 - 02-04-2023 *\/\n.elementor-widget-image{text-align:center}.elementor-widget-image a{display:inline-block}.elementor-widget-image a img[src$=\".svg\"]{width:48px}.elementor-widget-image img{vertical-align:middle;display:inline-block}<\/style>\t\t\t\t\t\t\t\t\t\t\t\t<img loading=\"lazy\" decoding=\"async\" width=\"581\" height=\"686\" src=\"https:\/\/extranet.infocpam.fr\/rapportannuel-cpam25-2022\/wp-content\/uploads\/2023\/05\/carte-accueils2022-11.png\" class=\"attachment-large size-large wp-image-1887\" alt=\"\" srcset=\"https:\/\/extranet.infocpam.fr\/rapportannuel-cpam25-2022\/wp-content\/uploads\/2023\/05\/carte-accueils2022-11.png 581w, https:\/\/extranet.infocpam.fr\/rapportannuel-cpam25-2022\/wp-content\/uploads\/2023\/05\/carte-accueils2022-11-254x300.png 254w\" sizes=\"auto, (max-width: 581px) 100vw, 581px\" \/>\t\t\t\t\t\t\t\t\t\t\t\t\t\t\t<\/div>\n\t\t\t\t<\/div>\n\t\t\t\t\t<\/div>\n\t\t<\/div>\n\t\t\t\t<div class=\"elementor-column elementor-col-50 elementor-inner-column elementor-element elementor-element-cb1f544\" data-id=\"cb1f544\" data-element_type=\"column\">\n\t\t\t<div class=\"elementor-widget-wrap elementor-element-populated\">\n\t\t\t\t\t\t\t\t<div class=\"elementor-element elementor-element-a714211 elementor-widget__width-initial elementor-widget elementor-widget-text-editor\" data-id=\"a714211\" data-element_type=\"widget\" data-widget_type=\"text-editor.default\">\n\t\t\t\t<div class=\"elementor-widget-container\">\n\t\t\t<style>\/*! elementor - v3.12.1 - 02-04-2023 *\/\n.elementor-widget-text-editor.elementor-drop-cap-view-stacked .elementor-drop-cap{background-color:#69727d;color:#fff}.elementor-widget-text-editor.elementor-drop-cap-view-framed .elementor-drop-cap{color:#69727d;border:3px solid;background-color:transparent}.elementor-widget-text-editor:not(.elementor-drop-cap-view-default) .elementor-drop-cap{margin-top:8px}.elementor-widget-text-editor:not(.elementor-drop-cap-view-default) .elementor-drop-cap-letter{width:1em;height:1em}.elementor-widget-text-editor .elementor-drop-cap{float:left;text-align:center;line-height:1;font-size:50px}.elementor-widget-text-editor .elementor-drop-cap-letter{display:inline-block}<\/style>\t\t\t\t<p>! &#8212;&#8211;La population du Doubs est estim\u00e9e \u00e0 543 200 habitants au 1<sup>er<\/sup> janvier 2021. Apr\u00e8s avoir bien progress\u00e9 dans les ann\u00e9es 2010, elle se stabilise depuis peu \u00e0 cause d\u2019une baisse des naissances et d\u2019un nombre de d\u00e9c\u00e8s en hausse.<\/p><p>Retrouvez des donn\u00e9es approfondies sur le sujet dans cette rubrique sur le site de l\u2019Insee :<\/p><p><a href=\"https:\/\/www.insee.fr\/fr\/statistiques\/2011101?geo=DEP-25\">Dossier complet &#8211; D\u00e9partement du Doubs (25)<\/a><\/p>\t\t\t\t\t\t<\/div>\n\t\t\t\t<\/div>\n\t\t\t\t\t<\/div>\n\t\t<\/div>\n\t\t\t\t\t\t\t<\/div>\n\t\t<\/section>\n\t\t\t\t\t<\/div>\n\t\t<\/div>\n\t\t\t\t\t\t\t<\/div>\n\t\t<\/section>\n\t\t\t\t<section class=\"elementor-section elementor-top-section elementor-element elementor-element-7f3411e elementor-section-boxed elementor-section-height-default elementor-section-height-default\" data-id=\"7f3411e\" data-element_type=\"section\">\n\t\t\t\t\t\t<div class=\"elementor-container elementor-column-gap-default\">\n\t\t\t\t\t<div class=\"elementor-column elementor-col-100 elementor-top-column elementor-element elementor-element-2726589\" data-id=\"2726589\" data-element_type=\"column\">\n\t\t\t<div class=\"elementor-widget-wrap\">\n\t\t\t\t\t\t\t\t\t<\/div>\n\t\t<\/div>\n\t\t\t\t\t\t\t<\/div>\n\t\t<\/section>\n\t\t\t\t<section class=\"elementor-section elementor-top-section elementor-element elementor-element-1c25875 elementor-section-boxed elementor-section-height-default elementor-section-height-default\" data-id=\"1c25875\" data-element_type=\"section\">\n\t\t\t\t\t\t<div class=\"elementor-container elementor-column-gap-default\">\n\t\t\t\t\t<div class=\"elementor-column elementor-col-100 elementor-top-column elementor-element elementor-element-45bcaa5\" data-id=\"45bcaa5\" data-element_type=\"column\">\n\t\t\t<div class=\"elementor-widget-wrap elementor-element-populated\">\n\t\t\t\t\t\t\t\t<div class=\"elementor-element elementor-element-df56c96 elementor-widget elementor-widget-heading\" data-id=\"df56c96\" data-element_type=\"widget\" data-widget_type=\"heading.default\">\n\t\t\t\t<div class=\"elementor-widget-container\">\n\t\t\t<h2 class=\"elementor-heading-title elementor-size-default\"><span class=\"ez-toc-section\" id=\"Offre_et_consommation_de_soins\"><\/span>Offre et consommation de soins<span class=\"ez-toc-section-end\"><\/span><\/h2>\t\t<\/div>\n\t\t\t\t<\/div>\n\t\t\t\t<div class=\"elementor-element elementor-element-0680b0e elementor-widget__width-initial elementor-widget elementor-widget-image\" data-id=\"0680b0e\" data-element_type=\"widget\" data-widget_type=\"image.default\">\n\t\t\t\t<div class=\"elementor-widget-container\">\n\t\t\t\t\t\t\t\t\t\t\t\t\t\t\t<img loading=\"lazy\" decoding=\"async\" width=\"308\" height=\"211\" src=\"https:\/\/extranet.infocpam.fr\/rapportannuel-cpam25-2022\/wp-content\/uploads\/2023\/05\/image-hopital.png\" class=\"attachment-medium_large size-medium_large wp-image-1879\" alt=\"\" srcset=\"https:\/\/extranet.infocpam.fr\/rapportannuel-cpam25-2022\/wp-content\/uploads\/2023\/05\/image-hopital.png 308w, https:\/\/extranet.infocpam.fr\/rapportannuel-cpam25-2022\/wp-content\/uploads\/2023\/05\/image-hopital-300x206.png 300w\" sizes=\"auto, (max-width: 308px) 100vw, 308px\" \/>\t\t\t\t\t\t\t\t\t\t\t\t\t\t\t<\/div>\n\t\t\t\t<\/div>\n\t\t\t\t\t<\/div>\n\t\t<\/div>\n\t\t\t\t\t\t\t<\/div>\n\t\t<\/section>\n\t\t\t\t<section class=\"elementor-section elementor-top-section elementor-element elementor-element-80d9746 elementor-section-boxed elementor-section-height-default elementor-section-height-default\" data-id=\"80d9746\" data-element_type=\"section\">\n\t\t\t\t\t\t<div class=\"elementor-container elementor-column-gap-default\">\n\t\t\t\t\t<div class=\"elementor-column elementor-col-50 elementor-top-column elementor-element elementor-element-93a0959\" data-id=\"93a0959\" data-element_type=\"column\">\n\t\t\t<div class=\"elementor-widget-wrap elementor-element-populated\">\n\t\t\t\t\t\t\t\t<div class=\"elementor-element elementor-element-dc462c2 elementor-widget elementor-widget-text-editor\" data-id=\"dc462c2\" data-element_type=\"widget\" data-widget_type=\"text-editor.default\">\n\t\t\t\t<div class=\"elementor-widget-container\">\n\t\t\t\t\t\t\t<h4><span class=\"ez-toc-section\" id=\"3_208_professionnels_de_Sante_au_31122022\"><\/span><strong>3 208 professionnels de Sant\u00e9 au 31\/12\/2022<\/strong><span class=\"ez-toc-section-end\"><\/span><\/h4><p>dont <br \/>500 m\u00e9decins g\u00e9n\u00e9ralistes<br \/>422 m\u00e9decins sp\u00e9cialistes<br \/>254 chirurgiens dentistes<br \/>180 pharmaciens<br \/>602 infirmiers<br \/>505 masseurs-kin\u00e9sith\u00e9rapeutes<br \/>143 taxis conventionn\u00e9s<br \/>27 laboratoires<br \/>64 sages-femmes<br \/>132 orthophonistes<br \/>95 p\u00e9dicures<br \/>23 psychologues\/psychoth\u00e9rapeutes<\/p>\t\t\t\t\t\t<\/div>\n\t\t\t\t<\/div>\n\t\t\t\t\t<\/div>\n\t\t<\/div>\n\t\t\t\t<div class=\"elementor-column elementor-col-50 elementor-top-column elementor-element elementor-element-aacd8c9\" data-id=\"aacd8c9\" data-element_type=\"column\">\n\t\t\t<div class=\"elementor-widget-wrap elementor-element-populated\">\n\t\t\t\t\t\t\t\t<div class=\"elementor-element elementor-element-b9f35e2 elementor-widget elementor-widget-text-editor\" data-id=\"b9f35e2\" data-element_type=\"widget\" data-widget_type=\"text-editor.default\">\n\t\t\t\t<div class=\"elementor-widget-container\">\n\t\t\t\t\t\t\t<h4><span class=\"ez-toc-section\" id=\"237_etablissements_medico-sociaux\"><\/span><strong>237 \u00e9tablissements m\u00e9dico-sociaux<\/strong><span class=\"ez-toc-section-end\"><\/span><\/h4><h4><span class=\"ez-toc-section\" id=\"34_482_entreprises\"><\/span><strong>34 482 entreprises<\/strong><span class=\"ez-toc-section-end\"><\/span><\/h4>\t\t\t\t\t\t<\/div>\n\t\t\t\t<\/div>\n\t\t\t\t<div class=\"elementor-element elementor-element-c513def elementor-widget__width-initial elementor-widget elementor-widget-image\" data-id=\"c513def\" data-element_type=\"widget\" data-widget_type=\"image.default\">\n\t\t\t\t<div class=\"elementor-widget-container\">\n\t\t\t\t\t\t\t\t\t\t\t\t\t\t\t<img loading=\"lazy\" decoding=\"async\" width=\"277\" height=\"195\" src=\"https:\/\/extranet.infocpam.fr\/rapportannuel-cpam25-2022\/wp-content\/uploads\/2023\/05\/logo-entreprise.png\" class=\"attachment-medium_large size-medium_large wp-image-1881\" alt=\"\" srcset=\"https:\/\/extranet.infocpam.fr\/rapportannuel-cpam25-2022\/wp-content\/uploads\/2023\/05\/logo-entreprise.png 277w, https:\/\/extranet.infocpam.fr\/rapportannuel-cpam25-2022\/wp-content\/uploads\/2023\/05\/logo-entreprise-120x85.png 120w\" sizes=\"auto, (max-width: 277px) 100vw, 277px\" \/>\t\t\t\t\t\t\t\t\t\t\t\t\t\t\t<\/div>\n\t\t\t\t<\/div>\n\t\t\t\t\t<\/div>\n\t\t<\/div>\n\t\t\t\t\t\t\t<\/div>\n\t\t<\/section>\n\t\t\t\t\t\t\t<\/div>\n\t\t","protected":false},"excerpt":{"rendered":"<p>D\u00e9mographie ! &#8212;&#8211;La population du Doubs est estim\u00e9e \u00e0 543 200 habitants au 1er janvier 2021. Apr\u00e8s avoir bien progress\u00e9 dans les ann\u00e9es 2010, elle &hellip; <\/p>\n","protected":false},"author":1,"featured_media":0,"parent":0,"menu_order":0,"comment_status":"closed","ping_status":"closed","template":"","meta":{"footnotes":""},"class_list":["post-865","page","type-page","status-publish","hentry"],"_links":{"self":[{"href":"https:\/\/extranet.infocpam.fr\/rapportannuel-cpam25-2022\/wp-json\/wp\/v2\/pages\/865","targetHints":{"allow":["GET"]}}],"collection":[{"href":"https:\/\/extranet.infocpam.fr\/rapportannuel-cpam25-2022\/wp-json\/wp\/v2\/pages"}],"about":[{"href":"https:\/\/extranet.infocpam.fr\/rapportannuel-cpam25-2022\/wp-json\/wp\/v2\/types\/page"}],"author":[{"embeddable":true,"href":"https:\/\/extranet.infocpam.fr\/rapportannuel-cpam25-2022\/wp-json\/wp\/v2\/users\/1"}],"replies":[{"embeddable":true,"href":"https:\/\/extranet.infocpam.fr\/rapportannuel-cpam25-2022\/wp-json\/wp\/v2\/comments?post=865"}],"version-history":[{"count":55,"href":"https:\/\/extranet.infocpam.fr\/rapportannuel-cpam25-2022\/wp-json\/wp\/v2\/pages\/865\/revisions"}],"predecessor-version":[{"id":2173,"href":"https:\/\/extranet.infocpam.fr\/rapportannuel-cpam25-2022\/wp-json\/wp\/v2\/pages\/865\/revisions\/2173"}],"wp:attachment":[{"href":"https:\/\/extranet.infocpam.fr\/rapportannuel-cpam25-2022\/wp-json\/wp\/v2\/media?parent=865"}],"curies":[{"name":"wp","href":"https:\/\/api.w.org\/{rel}","templated":true}]}}