{"id":1002,"date":"2022-05-05T11:33:12","date_gmt":"2022-05-05T11:33:12","guid":{"rendered":"https:\/\/extranet.infocpam.fr\/rapportannuel-cpam25-2022\/?page_id=1002"},"modified":"2023-05-31T09:10:49","modified_gmt":"2023-05-31T09:10:49","slug":"nouveau-conseil","status":"publish","type":"page","link":"https:\/\/extranet.infocpam.fr\/rapportannuel-cpam25-2022\/nouveau-conseil\/","title":{"rendered":"Le Conseil"},"content":{"rendered":"\t\t<div data-elementor-type=\"wp-page\" data-elementor-id=\"1002\" class=\"elementor elementor-1002\">\n\t\t\t\t\t\t\t\t\t<section class=\"elementor-section elementor-top-section elementor-element elementor-element-1abcc10 elementor-section-boxed elementor-section-height-default elementor-section-height-default\" data-id=\"1abcc10\" data-element_type=\"section\">\n\t\t\t\t\t\t<div class=\"elementor-container elementor-column-gap-default\">\n\t\t\t\t\t<div class=\"elementor-column elementor-col-100 elementor-top-column elementor-element elementor-element-9f9730d\" data-id=\"9f9730d\" data-element_type=\"column\">\n\t\t\t<div class=\"elementor-widget-wrap elementor-element-populated\">\n\t\t\t\t\t\t\t\t<div class=\"elementor-element elementor-element-4a860de elementor-widget elementor-widget-heading\" data-id=\"4a860de\" data-element_type=\"widget\" data-widget_type=\"heading.default\">\n\t\t\t\t<div class=\"elementor-widget-container\">\n\t\t\t<style>\/*! elementor - v3.12.1 - 02-04-2023 *\/\n.elementor-heading-title{padding:0;margin:0;line-height:1}.elementor-widget-heading .elementor-heading-title[class*=elementor-size-]>a{color:inherit;font-size:inherit;line-height:inherit}.elementor-widget-heading .elementor-heading-title.elementor-size-small{font-size:15px}.elementor-widget-heading .elementor-heading-title.elementor-size-medium{font-size:19px}.elementor-widget-heading .elementor-heading-title.elementor-size-large{font-size:29px}.elementor-widget-heading .elementor-heading-title.elementor-size-xl{font-size:39px}.elementor-widget-heading .elementor-heading-title.elementor-size-xxl{font-size:59px}<\/style><div id=\"ez-toc-container\" class=\"ez-toc-v2_0_83 ez-toc-wrap-left counter-hierarchy ez-toc-counter ez-toc-grey ez-toc-container-direction\">\n<label for=\"ez-toc-cssicon-toggle-item-6a073a9988974\" class=\"ez-toc-cssicon-toggle-label\"><span class=\"\"><span class=\"eztoc-hide\" style=\"display:none;\">Toggle<\/span><span class=\"ez-toc-icon-toggle-span\"><svg style=\"fill: #999999;color:#999999\" xmlns=\"http:\/\/www.w3.org\/2000\/svg\" class=\"list-377408\" width=\"20px\" height=\"20px\" viewBox=\"0 0 24 24\" fill=\"none\"><path d=\"M6 6H4v2h2V6zm14 0H8v2h12V6zM4 11h2v2H4v-2zm16 0H8v2h12v-2zM4 16h2v2H4v-2zm16 0H8v2h12v-2z\" fill=\"currentColor\"><\/path><\/svg><svg style=\"fill: #999999;color:#999999\" class=\"arrow-unsorted-368013\" xmlns=\"http:\/\/www.w3.org\/2000\/svg\" width=\"10px\" height=\"10px\" viewBox=\"0 0 24 24\" version=\"1.2\" baseProfile=\"tiny\"><path d=\"M18.2 9.3l-6.2-6.3-6.2 6.3c-.2.2-.3.4-.3.7s.1.5.3.7c.2.2.4.3.7.3h11c.3 0 .5-.1.7-.3.2-.2.3-.5.3-.7s-.1-.5-.3-.7zM5.8 14.7l6.2 6.3 6.2-6.3c.2-.2.3-.5.3-.7s-.1-.5-.3-.7c-.2-.2-.4-.3-.7-.3h-11c-.3 0-.5.1-.7.3-.2.2-.3.5-.3.7s.1.5.3.7z\"\/><\/svg><\/span><\/span><\/label><input type=\"checkbox\"  id=\"ez-toc-cssicon-toggle-item-6a073a9988974\"  aria-label=\"Toggle\" \/><nav><ul class='ez-toc-list ez-toc-list-level-1 ' ><li class='ez-toc-page-1 ez-toc-heading-level-2'><a class=\"ez-toc-link ez-toc-heading-1\" href=\"https:\/\/extranet.infocpam.fr\/rapportannuel-cpam25-2022\/nouveau-conseil\/#Faits_marquants\" >Faits marquants<\/a><\/li><li class='ez-toc-page-1 ez-toc-heading-level-2'><a class=\"ez-toc-link ez-toc-heading-2\" href=\"https:\/\/extranet.infocpam.fr\/rapportannuel-cpam25-2022\/nouveau-conseil\/#Composition_du_conseil\" >Composition du conseil<\/a><ul class='ez-toc-list-level-3' ><li class='ez-toc-heading-level-3'><a class=\"ez-toc-link ez-toc-heading-3\" href=\"https:\/\/extranet.infocpam.fr\/rapportannuel-cpam25-2022\/nouveau-conseil\/#Titulaires\" >Titulaires<\/a><ul class='ez-toc-list-level-4' ><li class='ez-toc-heading-level-4'><a class=\"ez-toc-link ez-toc-heading-4\" href=\"https:\/\/extranet.infocpam.fr\/rapportannuel-cpam25-2022\/nouveau-conseil\/#Suppleants\" >Suppl\u00e9ants<\/a><\/li><\/ul><\/li><\/ul><\/li><\/ul><\/nav><\/div>\n<h2 class=\"elementor-heading-title elementor-size-default\"><span class=\"ez-toc-section\" id=\"Faits_marquants\"><\/span>Faits marquants<span class=\"ez-toc-section-end\"><\/span><\/h2>\t\t<\/div>\n\t\t\t\t<\/div>\n\t\t\t\t<div class=\"elementor-element elementor-element-f05da66 elementor-widget elementor-widget-text-editor\" data-id=\"f05da66\" data-element_type=\"widget\" data-widget_type=\"text-editor.default\">\n\t\t\t\t<div class=\"elementor-widget-container\">\n\t\t\t<style>\/*! elementor - v3.12.1 - 02-04-2023 *\/\n.elementor-widget-text-editor.elementor-drop-cap-view-stacked .elementor-drop-cap{background-color:#69727d;color:#fff}.elementor-widget-text-editor.elementor-drop-cap-view-framed .elementor-drop-cap{color:#69727d;border:3px solid;background-color:transparent}.elementor-widget-text-editor:not(.elementor-drop-cap-view-default) .elementor-drop-cap{margin-top:8px}.elementor-widget-text-editor:not(.elementor-drop-cap-view-default) .elementor-drop-cap-letter{width:1em;height:1em}.elementor-widget-text-editor .elementor-drop-cap{float:left;text-align:center;line-height:1;font-size:50px}.elementor-widget-text-editor .elementor-drop-cap-letter{display:inline-block}<\/style>\t\t\t\t\t\t\t\t\t\t<\/div>\n\t\t\t\t<\/div>\n\t\t\t\t<section class=\"elementor-section elementor-inner-section elementor-element elementor-element-3a57054 elementor-section-boxed elementor-section-height-default elementor-section-height-default\" data-id=\"3a57054\" data-element_type=\"section\">\n\t\t\t\t\t\t<div class=\"elementor-container elementor-column-gap-default\">\n\t\t\t\t\t<div class=\"elementor-column elementor-col-50 elementor-inner-column elementor-element elementor-element-167df48\" data-id=\"167df48\" data-element_type=\"column\">\n\t\t\t<div class=\"elementor-widget-wrap elementor-element-populated\">\n\t\t\t\t\t\t\t\t<div class=\"elementor-element elementor-element-634b4d4 elementor-widget elementor-widget-text-editor\" data-id=\"634b4d4\" data-element_type=\"widget\" data-widget_type=\"text-editor.default\">\n\t\t\t\t<div class=\"elementor-widget-container\">\n\t\t\t\t\t\t\t<p>\u00a0<\/p>\n<p>\u00a0<\/p>\n<p><strong>Installation du Conseil par M. Patrice Beaumont &#8211; MNC, le 14 avril 2022<\/strong><\/p>\t\t\t\t\t\t<\/div>\n\t\t\t\t<\/div>\n\t\t\t\t\t<\/div>\n\t\t<\/div>\n\t\t\t\t<div class=\"elementor-column elementor-col-50 elementor-inner-column elementor-element elementor-element-6488bd3\" data-id=\"6488bd3\" data-element_type=\"column\">\n\t\t\t<div class=\"elementor-widget-wrap elementor-element-populated\">\n\t\t\t\t\t\t\t\t<div class=\"elementor-element elementor-element-d8b9824 elementor-widget elementor-widget-image\" data-id=\"d8b9824\" data-element_type=\"widget\" data-widget_type=\"image.default\">\n\t\t\t\t<div class=\"elementor-widget-container\">\n\t\t\t<style>\/*! elementor - v3.12.1 - 02-04-2023 *\/\n.elementor-widget-image{text-align:center}.elementor-widget-image a{display:inline-block}.elementor-widget-image a img[src$=\".svg\"]{width:48px}.elementor-widget-image img{vertical-align:middle;display:inline-block}<\/style>\t\t\t\t\t\t\t\t\t\t\t\t<img loading=\"lazy\" decoding=\"async\" width=\"768\" height=\"415\" src=\"https:\/\/extranet.infocpam.fr\/rapportannuel-cpam25-2022\/wp-content\/uploads\/2023\/05\/conseil-768x415.png\" class=\"attachment-medium_large size-medium_large wp-image-1776\" alt=\"\" srcset=\"https:\/\/extranet.infocpam.fr\/rapportannuel-cpam25-2022\/wp-content\/uploads\/2023\/05\/conseil-768x415.png 768w, https:\/\/extranet.infocpam.fr\/rapportannuel-cpam25-2022\/wp-content\/uploads\/2023\/05\/conseil-300x162.png 300w, https:\/\/extranet.infocpam.fr\/rapportannuel-cpam25-2022\/wp-content\/uploads\/2023\/05\/conseil.png 1011w\" sizes=\"auto, (max-width: 768px) 100vw, 768px\" \/>\t\t\t\t\t\t\t\t\t\t\t\t\t\t\t<\/div>\n\t\t\t\t<\/div>\n\t\t\t\t\t<\/div>\n\t\t<\/div>\n\t\t\t\t\t\t\t<\/div>\n\t\t<\/section>\n\t\t\t\t<section class=\"elementor-section elementor-inner-section elementor-element elementor-element-c2edfe2 elementor-section-boxed elementor-section-height-default elementor-section-height-default\" data-id=\"c2edfe2\" data-element_type=\"section\">\n\t\t\t\t\t\t<div class=\"elementor-container elementor-column-gap-default\">\n\t\t\t\t\t<div class=\"elementor-column elementor-col-50 elementor-inner-column elementor-element elementor-element-d228327\" data-id=\"d228327\" data-element_type=\"column\">\n\t\t\t<div class=\"elementor-widget-wrap elementor-element-populated\">\n\t\t\t\t\t\t\t\t<div class=\"elementor-element elementor-element-339e82e elementor-widget elementor-widget-image\" data-id=\"339e82e\" data-element_type=\"widget\" data-widget_type=\"image.default\">\n\t\t\t\t<div class=\"elementor-widget-container\">\n\t\t\t\t\t\t\t\t\t\t\t\t\t\t\t<img loading=\"lazy\" decoding=\"async\" width=\"768\" height=\"230\" src=\"https:\/\/extranet.infocpam.fr\/rapportannuel-cpam25-2022\/wp-content\/uploads\/2023\/05\/conseil2-768x230.png\" class=\"attachment-medium_large size-medium_large wp-image-1777\" alt=\"\" srcset=\"https:\/\/extranet.infocpam.fr\/rapportannuel-cpam25-2022\/wp-content\/uploads\/2023\/05\/conseil2-768x230.png 768w, https:\/\/extranet.infocpam.fr\/rapportannuel-cpam25-2022\/wp-content\/uploads\/2023\/05\/conseil2-300x90.png 300w, https:\/\/extranet.infocpam.fr\/rapportannuel-cpam25-2022\/wp-content\/uploads\/2023\/05\/conseil2-1024x306.png 1024w, https:\/\/extranet.infocpam.fr\/rapportannuel-cpam25-2022\/wp-content\/uploads\/2023\/05\/conseil2.png 1345w\" sizes=\"auto, (max-width: 768px) 100vw, 768px\" \/>\t\t\t\t\t\t\t\t\t\t\t\t\t\t\t<\/div>\n\t\t\t\t<\/div>\n\t\t\t\t\t<\/div>\n\t\t<\/div>\n\t\t\t\t<div class=\"elementor-column elementor-col-50 elementor-inner-column elementor-element elementor-element-d6ef0d0\" data-id=\"d6ef0d0\" data-element_type=\"column\">\n\t\t\t<div class=\"elementor-widget-wrap elementor-element-populated\">\n\t\t\t\t\t\t\t\t<div class=\"elementor-element elementor-element-57570ad elementor-widget elementor-widget-text-editor\" data-id=\"57570ad\" data-element_type=\"widget\" data-widget_type=\"text-editor.default\">\n\t\t\t\t<div class=\"elementor-widget-container\">\n\t\t\t\t\t\t\t<ul>\n<li>Retour r\u00e9gulier sur les r\u00e9sultats au titre des objectifs du Contrat Pluriannuel de Gestion de la caisse, avec un focus sur la relation de service <br \/><br \/><\/li>\n<li>Adoption du r\u00e8glement int\u00e9rieur du conseil<br \/><br \/><\/li>\n<li>Pr\u00e9sentation <br \/>&#8211; des mesures pour l\u2019h\u00f4pital (rapport Braun)<br \/>&#8211; du dispositif de Pr\u00e9vention de la d\u00e9sinsertion professionnelle \u2013 PDP<br \/>&#8211; de la Gestion du risque \u2013 GDR<br \/><br \/><\/li>\n<li>Retour suite \u00e0 la r\u00e9union d\u00e9partementale du Conseil National de la Refondation (CNR) sant\u00e9. <br \/><br \/>Au cours de l\u2019ann\u00e9e 2022, la Commission d\u2019Action Sanitaire et Sociale (CASS) s\u2019est r\u00e9unie 7 fois, la Commission de Recours Amiable (CRA) 8 fois et la Commission de la Relation aux Usagers (CRU) deux fois.<\/li>\n<\/ul>\t\t\t\t\t\t<\/div>\n\t\t\t\t<\/div>\n\t\t\t\t\t<\/div>\n\t\t<\/div>\n\t\t\t\t\t\t\t<\/div>\n\t\t<\/section>\n\t\t\t\t\t<\/div>\n\t\t<\/div>\n\t\t\t\t\t\t\t<\/div>\n\t\t<\/section>\n\t\t\t\t<section class=\"elementor-section elementor-top-section elementor-element elementor-element-603ba06 elementor-section-boxed elementor-section-height-default elementor-section-height-default\" data-id=\"603ba06\" data-element_type=\"section\">\n\t\t\t\t\t\t<div class=\"elementor-container elementor-column-gap-default\">\n\t\t\t\t\t<div class=\"elementor-column elementor-col-50 elementor-top-column elementor-element elementor-element-72c6ef5\" data-id=\"72c6ef5\" data-element_type=\"column\">\n\t\t\t<div class=\"elementor-widget-wrap elementor-element-populated\">\n\t\t\t\t\t\t\t\t<div class=\"elementor-element elementor-element-f028ec7 elementor-widget elementor-widget-heading\" data-id=\"f028ec7\" data-element_type=\"widget\" data-widget_type=\"heading.default\">\n\t\t\t\t<div class=\"elementor-widget-container\">\n\t\t\t<h2 class=\"elementor-heading-title elementor-size-default\"><span class=\"ez-toc-section\" id=\"Composition_du_conseil\"><\/span>Composition du conseil<span class=\"ez-toc-section-end\"><\/span><\/h2>\t\t<\/div>\n\t\t\t\t<\/div>\n\t\t\t\t<div class=\"elementor-element elementor-element-9a3653c elementor-widget elementor-widget-text-editor\" data-id=\"9a3653c\" data-element_type=\"widget\" data-widget_type=\"text-editor.default\">\n\t\t\t\t<div class=\"elementor-widget-container\">\n\t\t\t\t\t\t\t<p><strong>Pr\u00e9sidente\u00a0<\/strong>: Mme Laura IBANEZ \u2013 FNMF<\/p>\n<p>1\u00e8re Vice-Pr\u00e9sidente : Mme Danielle GOUFFON \u2013 CGT<\/p>\n<p>2\u00e8me Vice-Pr\u00e9sident : M. Nicolas BOUVERET \u2013 CFTC<\/p>\n<p>3\u00e8me Vice-Pr\u00e9sident\u00a0: M. Antonio Jos\u00e9 SERRA \u2013 UNAF<\/p>\t\t\t\t\t\t<\/div>\n\t\t\t\t<\/div>\n\t\t\t\t\t<\/div>\n\t\t<\/div>\n\t\t\t\t<div class=\"elementor-column elementor-col-50 elementor-top-column elementor-element elementor-element-368ca09\" data-id=\"368ca09\" data-element_type=\"column\">\n\t\t\t<div class=\"elementor-widget-wrap elementor-element-populated\">\n\t\t\t\t\t\t\t\t<div class=\"elementor-element elementor-element-7aee0d5 elementor-widget elementor-widget-image\" data-id=\"7aee0d5\" data-element_type=\"widget\" data-widget_type=\"image.default\">\n\t\t\t\t<div class=\"elementor-widget-container\">\n\t\t\t\t\t\t\t\t\t\t\t\t\t\t\t<img loading=\"lazy\" decoding=\"async\" width=\"1024\" height=\"685\" src=\"https:\/\/extranet.infocpam.fr\/rapportannuel-cpam25-2022\/wp-content\/uploads\/2023\/05\/bureau-1024x685.png\" class=\"attachment-large size-large wp-image-1778\" alt=\"\" srcset=\"https:\/\/extranet.infocpam.fr\/rapportannuel-cpam25-2022\/wp-content\/uploads\/2023\/05\/bureau-1024x685.png 1024w, https:\/\/extranet.infocpam.fr\/rapportannuel-cpam25-2022\/wp-content\/uploads\/2023\/05\/bureau-300x201.png 300w, https:\/\/extranet.infocpam.fr\/rapportannuel-cpam25-2022\/wp-content\/uploads\/2023\/05\/bureau-768x514.png 768w, https:\/\/extranet.infocpam.fr\/rapportannuel-cpam25-2022\/wp-content\/uploads\/2023\/05\/bureau.png 1126w\" sizes=\"auto, (max-width: 1024px) 100vw, 1024px\" \/>\t\t\t\t\t\t\t\t\t\t\t\t\t\t\t<\/div>\n\t\t\t\t<\/div>\n\t\t\t\t\t<\/div>\n\t\t<\/div>\n\t\t\t\t\t\t\t<\/div>\n\t\t<\/section>\n\t\t\t\t<section class=\"elementor-section elementor-top-section elementor-element elementor-element-d5de792 elementor-section-boxed elementor-section-height-default elementor-section-height-default\" data-id=\"d5de792\" data-element_type=\"section\">\n\t\t\t\t\t\t<div class=\"elementor-container elementor-column-gap-default\">\n\t\t\t\t\t<div class=\"elementor-column elementor-col-100 elementor-top-column elementor-element elementor-element-d84260e\" data-id=\"d84260e\" data-element_type=\"column\">\n\t\t\t<div class=\"elementor-widget-wrap elementor-element-populated\">\n\t\t\t\t\t\t\t\t<div class=\"elementor-element elementor-element-3941c05 elementor-widget elementor-widget-heading\" data-id=\"3941c05\" data-element_type=\"widget\" data-widget_type=\"heading.default\">\n\t\t\t\t<div class=\"elementor-widget-container\">\n\t\t\t<h3 class=\"elementor-heading-title elementor-size-default\"><span class=\"ez-toc-section\" id=\"Titulaires\"><\/span>Titulaires<span class=\"ez-toc-section-end\"><\/span><\/h3>\t\t<\/div>\n\t\t\t\t<\/div>\n\t\t\t\t\t<\/div>\n\t\t<\/div>\n\t\t\t\t\t\t\t<\/div>\n\t\t<\/section>\n\t\t\t\t<section class=\"elementor-section elementor-top-section elementor-element elementor-element-265a83a8 elementor-section-boxed elementor-section-height-default elementor-section-height-default\" data-id=\"265a83a8\" data-element_type=\"section\">\n\t\t\t\t\t\t<div class=\"elementor-container elementor-column-gap-default\">\n\t\t\t\t\t<div class=\"elementor-column elementor-col-100 elementor-top-column elementor-element elementor-element-61ab46e2\" data-id=\"61ab46e2\" data-element_type=\"column\">\n\t\t\t<div class=\"elementor-widget-wrap elementor-element-populated\">\n\t\t\t\t\t\t\t\t<div class=\"elementor-element elementor-element-73f4d282 elementor-widget elementor-widget-text-editor\" data-id=\"73f4d282\" data-element_type=\"widget\" data-widget_type=\"text-editor.default\">\n\t\t\t\t<div class=\"elementor-widget-container\">\n\t\t\t\t\t\t\t<table width=\"483\">\n<tbody>\n<tr>\n<td width=\"152\">\n<p><strong>Organisation d\u00e9signatrice<\/strong><\/p>\n<\/td>\n<td width=\"83\">\n<p><strong>Civilit\u00e9<\/strong><\/p>\n<\/td>\n<td width=\"143\">\n<p><strong>Nom<\/strong><\/p>\n<\/td>\n<td width=\"105\">\n<p><strong>Pr\u00e9nom<\/strong><\/p>\n<\/td>\n<\/tr>\n<tr>\n<td colspan=\"4\" width=\"483\">\u00a0<\/td>\n<\/tr>\n<tr>\n<td width=\"152\">\n<p>FNMF<\/p>\n<\/td>\n<td width=\"83\">\n<p>M<\/p>\n<\/td>\n<td width=\"143\">\n<p>BOILLON<\/p>\n<\/td>\n<td width=\"105\">\n<p>Bernard<\/p>\n<\/td>\n<\/tr>\n<tr>\n<td width=\"152\">\n<p>CFTC<\/p>\n<\/td>\n<td width=\"83\">\n<p>M<\/p>\n<\/td>\n<td width=\"143\">\n<p>BOUVERET<\/p>\n<\/td>\n<td width=\"105\">\n<p>Nicolas<\/p>\n<\/td>\n<\/tr>\n<tr>\n<td width=\"152\">\n<p>UNAASS<\/p>\n<\/td>\n<td width=\"83\">\n<p>M<\/p>\n<\/td>\n<td width=\"143\">\n<p>CADIA<\/p>\n<\/td>\n<td width=\"105\">\n<p>Adrien<\/p>\n<\/td>\n<\/tr>\n<tr>\n<td width=\"152\">\n<p>MEDEF<\/p>\n<\/td>\n<td width=\"83\">\n<p>M<\/p>\n<\/td>\n<td width=\"143\">\n<p>DERAY<\/p>\n<\/td>\n<td width=\"105\">\n<p>Olivier<\/p>\n<\/td>\n<\/tr>\n<tr>\n<td width=\"152\">\n<p>CGT<\/p>\n<\/td>\n<td width=\"83\">\n<p>Mme<\/p>\n<\/td>\n<td width=\"143\">\n<p>DETOT<\/p>\n<\/td>\n<td width=\"105\">\n<p>Valerie<\/p>\n<\/td>\n<\/tr>\n<tr>\n<td width=\"152\">\n<p>FNATH<\/p>\n<\/td>\n<td width=\"83\">\n<p>M<\/p>\n<\/td>\n<td width=\"143\">\n<p>FERRARO<\/p>\n<\/td>\n<td width=\"105\">\n<p>Damiano<\/p>\n<\/td>\n<\/tr>\n<tr>\n<td width=\"152\">\n<p>MEDEF<\/p>\n<\/td>\n<td width=\"83\">\n<p>Mme<\/p>\n<\/td>\n<td width=\"143\">\n<p>FOSTIER<\/p>\n<\/td>\n<td width=\"105\">\n<p>Florence<\/p>\n<\/td>\n<\/tr>\n<tr>\n<td width=\"152\">\n<p>CPSTI<\/p>\n<\/td>\n<td width=\"83\">\n<p>M.<\/p>\n<\/td>\n<td width=\"143\">\n<p>GENDRAUD<\/p>\n<\/td>\n<td width=\"105\">\n<p>Didier<\/p>\n<\/td>\n<\/tr>\n<tr>\n<td width=\"152\">\n<p>CGT<\/p>\n<\/td>\n<td width=\"83\">\n<p>Mme<\/p>\n<\/td>\n<td width=\"143\">\n<p>GOUFFON<\/p>\n<\/td>\n<td width=\"105\">\n<p>Dani\u00e8le<\/p>\n<\/td>\n<\/tr>\n<tr>\n<td width=\"152\">\n<p>FNMF<\/p>\n<\/td>\n<td width=\"83\">\n<p>Mme<\/p>\n<\/td>\n<td width=\"143\">\n<p>IBANEZ SAUMELL<\/p>\n<\/td>\n<td width=\"105\">\n<p>Laura<\/p>\n<\/td>\n<\/tr>\n<tr>\n<td width=\"152\">\n<p>MEDEF<\/p>\n<\/td>\n<td width=\"83\">\n<p>Mme<\/p>\n<\/td>\n<td width=\"143\">\n<p>JEANNERET<\/p>\n<\/td>\n<td width=\"105\">\n<p>Fran\u00e7oise<\/p>\n<\/td>\n<\/tr>\n<tr>\n<td width=\"152\">\n<p>Personne qualifi\u00e9e<\/p>\n<\/td>\n<td width=\"83\">\n<p>M<\/p>\n<\/td>\n<td width=\"143\">\n<p>JOURNOT<\/p>\n<\/td>\n<td width=\"105\">\n<p>Daniel<\/p>\n<\/td>\n<\/tr>\n<tr>\n<td width=\"152\">\n<p>CFE-CGC<\/p>\n<\/td>\n<td width=\"83\">\n<p>M<\/p>\n<\/td>\n<td width=\"143\">\n<p>LABBACI<\/p>\n<\/td>\n<td width=\"105\">\n<p>Joseph<\/p>\n<\/td>\n<\/tr>\n<tr>\n<td width=\"152\">\n<p>UNAASS<\/p>\n<\/td>\n<td width=\"83\">\n<p>M.<\/p>\n<\/td>\n<td width=\"143\">\n<p>LEONARD<\/p>\n<\/td>\n<td width=\"105\">\n<p>J\u00e9r\u00e9my<\/p>\n<\/td>\n<\/tr>\n<tr>\n<td width=\"152\">\n<p>U2P<\/p>\n<\/td>\n<td width=\"83\">\n<p>M<\/p>\n<\/td>\n<td width=\"143\">\n<p>MARIE<\/p>\n<\/td>\n<td width=\"105\">\n<p>Fran\u00e7ois-Xavier<\/p>\n<\/td>\n<\/tr>\n<tr>\n<td width=\"152\">\n<p>CPME<\/p>\n<\/td>\n<td width=\"83\">\n<p>Mme<\/p>\n<\/td>\n<td width=\"143\">\n<p>MAYER BLONDEAU<\/p>\n<\/td>\n<td width=\"105\">\n<p>Christine<\/p>\n<\/td>\n<\/tr>\n<tr>\n<td width=\"152\">\n<p>MEDEF<\/p>\n<\/td>\n<td width=\"83\">\n<p>Mme<\/p>\n<\/td>\n<td width=\"143\">\n<p>MILLON FREMILLON<\/p>\n<\/td>\n<td width=\"105\">\n<p>Christine<\/p>\n<\/td>\n<\/tr>\n<tr>\n<td width=\"152\">\n<p>CGT-FO<\/p>\n<\/td>\n<td width=\"83\">\n<p>Mme<\/p>\n<\/td>\n<td width=\"143\">\n<p>PERREY<\/p>\n<\/td>\n<td width=\"105\">\n<p>Lise<\/p>\n<\/td>\n<\/tr>\n<tr>\n<td width=\"152\">\n<p>CFDT<\/p>\n<\/td>\n<td width=\"83\">\n<p>Mme<\/p>\n<\/td>\n<td width=\"143\">\n<p>ROLLET<\/p>\n<\/td>\n<td width=\"105\">\n<p>Fran\u00e7oise<\/p>\n<\/td>\n<\/tr>\n<tr>\n<td width=\"152\">\n<p>CFDT<\/p>\n<\/td>\n<td width=\"83\">\n<p>Mme<\/p>\n<\/td>\n<td width=\"143\">\n<p>SCHUH NEFF<\/p>\n<\/td>\n<td width=\"105\">\n<p>Beatrice<\/p>\n<\/td>\n<\/tr>\n<tr>\n<td width=\"152\">\n<p>UNAF<\/p>\n<\/td>\n<td width=\"83\">\n<p>M<\/p>\n<\/td>\n<td width=\"143\">\n<p>SERRA<\/p>\n<\/td>\n<td width=\"105\">\n<p>Antonio-Jos\u00e9<\/p>\n<\/td>\n<\/tr>\n<tr>\n<td width=\"152\">\n<p>CGT-FO<\/p>\n<\/td>\n<td width=\"83\">\n<p>Mme<\/p>\n<\/td>\n<td width=\"143\">\n<p>VINEL<\/p>\n<\/td>\n<td width=\"105\">\n<p>Ludivine<\/p>\n<\/td>\n<\/tr>\n<tr>\n<td colspan=\"4\" width=\"483\">\n<h4 style=\"text-align: left;\"><span style=\"color: #339966;\"><strong>Suppl\u00e9ants<\/strong><\/span><\/h4>\n<\/td>\n<\/tr>\n<tr>\n<td width=\"152\">\n<p>MEDEF<\/p>\n<\/td>\n<td width=\"83\">\n<p>Mme<\/p>\n<\/td>\n<td width=\"143\">\n<p>CARROL<\/p>\n<\/td>\n<td width=\"105\">\n<p>Sabine<\/p>\n<\/td>\n<\/tr>\n<tr>\n<td width=\"152\">\n<p>CFE-CGC<\/p>\n<\/td>\n<td width=\"83\">\n<p>M<\/p>\n<\/td>\n<td width=\"143\">\n<p>FREZE<\/p>\n<\/td>\n<td width=\"105\">\n<p>Alex<\/p>\n<\/td>\n<\/tr>\n<tr>\n<td width=\"152\">\n<p>FNMF<\/p>\n<\/td>\n<td width=\"83\">\n<p>Mme<\/p>\n<\/td>\n<td width=\"143\">\n<p>HETRUS<\/p>\n<\/td>\n<td width=\"105\">\n<p>Dominique<\/p>\n<\/td>\n<\/tr>\n<tr>\n<td width=\"152\">\n<p>CFDT<\/p>\n<\/td>\n<td width=\"83\">\n<p>M<\/p>\n<\/td>\n<td width=\"143\">\n<p>HONORIO<\/p>\n<\/td>\n<td width=\"105\">\n<p>Luis<\/p>\n<\/td>\n<\/tr>\n<tr>\n<td width=\"152\">\n<p>FNMF<\/p>\n<\/td>\n<td width=\"83\">\n<p>M<\/p>\n<\/td>\n<td width=\"143\">\n<p>HUDRY<\/p>\n<\/td>\n<td width=\"105\">\n<p>Pascal<\/p>\n<\/td>\n<\/tr>\n<tr>\n<td width=\"152\">\n<p>U2P<\/p>\n<\/td>\n<td width=\"83\">\n<p>M<\/p>\n<\/td>\n<td width=\"143\">\n<p>LAURENT<\/p>\n<\/td>\n<td width=\"105\">\n<p>Eric<\/p>\n<\/td>\n<\/tr>\n<tr>\n<td width=\"152\">\n<p>CGT<\/p>\n<\/td>\n<td width=\"83\">\n<p>Mme<\/p>\n<\/td>\n<td width=\"143\">\n<p>LETOMBE<\/p>\n<\/td>\n<td width=\"105\">\n<p>Pascale<\/p>\n<\/td>\n<\/tr>\n<tr>\n<td width=\"152\">\n<p>MEDEF<\/p>\n<\/td>\n<td width=\"83\">\n<p>Mme<\/p>\n<\/td>\n<td width=\"143\">\n<p>MARC<\/p>\n<\/td>\n<td width=\"105\">\n<p>Peggy<\/p>\n<\/td>\n<\/tr>\n<tr>\n<td width=\"152\">\n<p>UNAF<\/p>\n<\/td>\n<td width=\"83\">\n<p>Mme<\/p>\n<\/td>\n<td width=\"143\">\n<p>MEYER<\/p>\n<\/td>\n<td width=\"105\">\n<p>Johanna<\/p>\n<\/td>\n<\/tr>\n<tr>\n<td width=\"152\">\n<p>CFDT<\/p>\n<\/td>\n<td width=\"83\">\n<p>M<\/p>\n<\/td>\n<td width=\"143\">\n<p>PERRIN<\/p>\n<\/td>\n<td width=\"105\">\n<p>Jean Claude<\/p>\n<\/td>\n<\/tr>\n<tr>\n<td width=\"152\">\n<p>CGT<\/p>\n<\/td>\n<td width=\"83\">\n<p>Mme<\/p>\n<\/td>\n<td width=\"143\">\n<p>PILLOT<\/p>\n<\/td>\n<td width=\"105\">\n<p>Beatrice<\/p>\n<\/td>\n<\/tr>\n<tr>\n<td width=\"152\">\n<p>CFTC<\/p>\n<\/td>\n<td width=\"83\">\n<p>M<\/p>\n<\/td>\n<td width=\"143\">\n<p>RINALDI<\/p>\n<\/td>\n<td width=\"105\">\n<p>Vincent<\/p>\n<\/td>\n<\/tr>\n<\/tbody>\n<\/table>\t\t\t\t\t\t<\/div>\n\t\t\t\t<\/div>\n\t\t\t\t\t<\/div>\n\t\t<\/div>\n\t\t\t\t\t\t\t<\/div>\n\t\t<\/section>\n\t\t\t\t\t\t\t<\/div>\n\t\t","protected":false},"excerpt":{"rendered":"<p>Faits marquants \u00a0 \u00a0 Installation du Conseil par M. Patrice Beaumont &#8211; MNC, le 14 avril 2022 Retour r\u00e9gulier sur les r\u00e9sultats au titre des &hellip; <\/p>\n","protected":false},"author":1,"featured_media":0,"parent":0,"menu_order":0,"comment_status":"closed","ping_status":"closed","template":"","meta":{"footnotes":""},"class_list":["post-1002","page","type-page","status-publish","hentry"],"_links":{"self":[{"href":"https:\/\/extranet.infocpam.fr\/rapportannuel-cpam25-2022\/wp-json\/wp\/v2\/pages\/1002","targetHints":{"allow":["GET"]}}],"collection":[{"href":"https:\/\/extranet.infocpam.fr\/rapportannuel-cpam25-2022\/wp-json\/wp\/v2\/pages"}],"about":[{"href":"https:\/\/extranet.infocpam.fr\/rapportannuel-cpam25-2022\/wp-json\/wp\/v2\/types\/page"}],"author":[{"embeddable":true,"href":"https:\/\/extranet.infocpam.fr\/rapportannuel-cpam25-2022\/wp-json\/wp\/v2\/users\/1"}],"replies":[{"embeddable":true,"href":"https:\/\/extranet.infocpam.fr\/rapportannuel-cpam25-2022\/wp-json\/wp\/v2\/comments?post=1002"}],"version-history":[{"count":40,"href":"https:\/\/extranet.infocpam.fr\/rapportannuel-cpam25-2022\/wp-json\/wp\/v2\/pages\/1002\/revisions"}],"predecessor-version":[{"id":1894,"href":"https:\/\/extranet.infocpam.fr\/rapportannuel-cpam25-2022\/wp-json\/wp\/v2\/pages\/1002\/revisions\/1894"}],"wp:attachment":[{"href":"https:\/\/extranet.infocpam.fr\/rapportannuel-cpam25-2022\/wp-json\/wp\/v2\/media?parent=1002"}],"curies":[{"name":"wp","href":"https:\/\/api.w.org\/{rel}","templated":true}]}}