{"id":76,"date":"2021-03-04T22:16:51","date_gmt":"2021-03-04T21:16:51","guid":{"rendered":"https:\/\/extranet.infocpam.fr\/partenaires\/produit\/import-placeholder-for-25\/"},"modified":"2025-08-29T13:52:06","modified_gmt":"2025-08-29T11:52:06","slug":"flyer-arrts-de-travail","status":"publish","type":"product","link":"https:\/\/extranet.infocpam.fr\/partenaires\/produit\/flyer-arrts-de-travail\/","title":{"rendered":"Flyer Arr\u00eat de travail &#8211; L&rsquo;Essentiel"},"content":{"rendered":"<p>Ce flyer arr\u00eats de travail est \u00e0 destination des assur\u00e9s en emploi. Il rappelle les r\u00e8gles d&rsquo;usage en cas d&rsquo;arr\u00eats maladie.<\/p>\n<p><a href=\"https:\/\/extranet.infocpam.fr\/partenaires\/wp-content\/uploads\/2021\/03\/FLYER_ESSENTIEL_ARRET_TRAVAIL_A5_BD.pdf\">Visualiser le flyer\u00a0 Arr\u00eat de travail<\/a> &#8211; l&rsquo;Essentiel (pdf, 629 ko)<\/p>\n<p>Aout 2025<\/p>\n","protected":false},"excerpt":{"rendered":"<p>Ce flyer arr\u00eats de travail est \u00e0 destination des assur\u00e9s en emploi. Il rappelle les &hellip; <\/p>\n","protected":false},"featured_media":3444,"template":"","meta":{"om_disable_all_campaigns":false,"_monsterinsights_skip_tracking":false,"_monsterinsights_sitenote_active":false,"_monsterinsights_sitenote_note":"","_monsterinsights_sitenote_category":0},"product_brand":[],"product_cat":[17],"product_tag":[60,42],"class_list":{"0":"post-76","1":"product","2":"type-product","3":"status-publish","4":"has-post-thumbnail","6":"product_cat-flyer","7":"product_tag-lessentiel","8":"product_tag-maitrise-medicalisee","9":"product_shipping_class-montbeliard","11":"first","12":"instock","13":"shipping-taxable","14":"purchasable","15":"product-type-simple"},"aioseo_notices":[],"jetpack_sharing_enabled":true,"_links":{"self":[{"href":"https:\/\/extranet.infocpam.fr\/partenaires\/wp-json\/wp\/v2\/product\/76","targetHints":{"allow":["GET"]}}],"collection":[{"href":"https:\/\/extranet.infocpam.fr\/partenaires\/wp-json\/wp\/v2\/product"}],"about":[{"href":"https:\/\/extranet.infocpam.fr\/partenaires\/wp-json\/wp\/v2\/types\/product"}],"wp:featuredmedia":[{"embeddable":true,"href":"https:\/\/extranet.infocpam.fr\/partenaires\/wp-json\/wp\/v2\/media\/3444"}],"wp:attachment":[{"href":"https:\/\/extranet.infocpam.fr\/partenaires\/wp-json\/wp\/v2\/media?parent=76"}],"wp:term":[{"taxonomy":"product_brand","embeddable":true,"href":"https:\/\/extranet.infocpam.fr\/partenaires\/wp-json\/wp\/v2\/product_brand?post=76"},{"taxonomy":"product_cat","embeddable":true,"href":"https:\/\/extranet.infocpam.fr\/partenaires\/wp-json\/wp\/v2\/product_cat?post=76"},{"taxonomy":"product_tag","embeddable":true,"href":"https:\/\/extranet.infocpam.fr\/partenaires\/wp-json\/wp\/v2\/product_tag?post=76"}],"curies":[{"name":"wp","href":"https:\/\/api.w.org\/{rel}","templated":true}]}}