{"id":704,"date":"2021-10-19T13:37:44","date_gmt":"2021-10-19T11:37:44","guid":{"rendered":"https:\/\/extranet.infocpam.fr\/partenaires\/?post_type=product&#038;p=704"},"modified":"2024-06-28T11:52:52","modified_gmt":"2024-06-28T09:52:52","slug":"flyer-les-participations-forfaitaires-et-franchises-medicales","status":"publish","type":"product","link":"https:\/\/extranet.infocpam.fr\/partenaires\/produit\/flyer-les-participations-forfaitaires-et-franchises-medicales\/","title":{"rendered":"Flyer les participations forfaitaires et franchises m\u00e9dicales"},"content":{"rendered":"<p>Le flyer participations forfaitaires et franchises m\u00e9dicales vous pr\u00e9cise sur quoi ces participations s&rsquo;appliquent, qui est concern\u00e9, quelles sont leur montant, &#8230;<\/p>\n<p>Version : 2024-05<\/p>\n<p>Visualiser le <a href=\"https:\/\/extranet.infocpam.fr\/partenaires\/wp-content\/uploads\/2024\/06\/2024-06-flyers-PF-franchise-forfait_hospi.pdf\">flyer Participation Forfaitaire -franchise-forfait_hospi <\/a>(pdf 442 ko)<\/p>\n","protected":false},"excerpt":{"rendered":"<p>Le flyer participations forfaitaires et franchises m\u00e9dicales vous pr\u00e9cise sur quoi ces participations s&rsquo;appliquent, qui &hellip; <\/p>\n","protected":false},"featured_media":2885,"template":"","meta":{"om_disable_all_campaigns":false,"_monsterinsights_skip_tracking":false,"_monsterinsights_sitenote_active":false,"_monsterinsights_sitenote_note":"","_monsterinsights_sitenote_category":0},"product_brand":[],"product_cat":[17],"product_tag":[60,50],"class_list":{"0":"post-704","1":"product","2":"type-product","3":"status-publish","4":"has-post-thumbnail","6":"product_cat-flyer","7":"product_tag-lessentiel","8":"product_tag-services-cpam","10":"first","11":"outofstock","12":"shipping-taxable","13":"purchasable","14":"product-type-simple"},"aioseo_notices":[],"jetpack_sharing_enabled":true,"_links":{"self":[{"href":"https:\/\/extranet.infocpam.fr\/partenaires\/wp-json\/wp\/v2\/product\/704","targetHints":{"allow":["GET"]}}],"collection":[{"href":"https:\/\/extranet.infocpam.fr\/partenaires\/wp-json\/wp\/v2\/product"}],"about":[{"href":"https:\/\/extranet.infocpam.fr\/partenaires\/wp-json\/wp\/v2\/types\/product"}],"wp:featuredmedia":[{"embeddable":true,"href":"https:\/\/extranet.infocpam.fr\/partenaires\/wp-json\/wp\/v2\/media\/2885"}],"wp:attachment":[{"href":"https:\/\/extranet.infocpam.fr\/partenaires\/wp-json\/wp\/v2\/media?parent=704"}],"wp:term":[{"taxonomy":"product_brand","embeddable":true,"href":"https:\/\/extranet.infocpam.fr\/partenaires\/wp-json\/wp\/v2\/product_brand?post=704"},{"taxonomy":"product_cat","embeddable":true,"href":"https:\/\/extranet.infocpam.fr\/partenaires\/wp-json\/wp\/v2\/product_cat?post=704"},{"taxonomy":"product_tag","embeddable":true,"href":"https:\/\/extranet.infocpam.fr\/partenaires\/wp-json\/wp\/v2\/product_tag?post=704"}],"curies":[{"name":"wp","href":"https:\/\/api.w.org\/{rel}","templated":true}]}}