{"id":540,"date":"2021-06-14T14:33:39","date_gmt":"2021-06-14T12:33:39","guid":{"rendered":"https:\/\/extranet.infocpam.fr\/partenaires\/?post_type=product&#038;p=540"},"modified":"2024-09-12T11:13:48","modified_gmt":"2024-09-12T09:13:48","slug":"carte-mission-accompagnement-sante","status":"publish","type":"product","link":"https:\/\/extranet.infocpam.fr\/partenaires\/produit\/carte-mission-accompagnement-sante\/","title":{"rendered":"Carte Mission accompagnement sant\u00e9"},"content":{"rendered":"<p>Cette carte est \u00e0 destination des assur\u00e9s. Elle permet de conserver les informations de contact du conseiller de la CPAM qui l&rsquo;accompagne.<\/p>\n<p>Version : 2021-02<\/p>\n<p><a href=\"https:\/\/extranet.infocpam.fr\/partenaires\/wp-content\/uploads\/2021\/06\/carte_mission_accompagnement_sante_bd.pdf\" target=\"_blank\" rel=\"noopener\">visualiser la carte<\/a><\/p>\n","protected":false},"excerpt":{"rendered":"<p>Cette carte est \u00e0 destination des assur\u00e9s. Elle permet de conserver les informations de contact &hellip; <\/p>\n","protected":false},"featured_media":541,"template":"","meta":{"om_disable_all_campaigns":false,"_monsterinsights_skip_tracking":false,"_monsterinsights_sitenote_active":false,"_monsterinsights_sitenote_note":"","_monsterinsights_sitenote_category":0},"product_brand":[],"product_cat":[44],"product_tag":[37,40,50],"class_list":{"0":"post-540","1":"product","2":"type-product","3":"status-publish","4":"has-post-thumbnail","6":"product_cat-cartes","7":"product_tag-acces-aux-soins","8":"product_tag-ameli","9":"product_tag-services-cpam","11":"first","12":"instock","13":"shipping-taxable","14":"purchasable","15":"product-type-simple"},"aioseo_notices":[],"jetpack_sharing_enabled":true,"_links":{"self":[{"href":"https:\/\/extranet.infocpam.fr\/partenaires\/wp-json\/wp\/v2\/product\/540","targetHints":{"allow":["GET"]}}],"collection":[{"href":"https:\/\/extranet.infocpam.fr\/partenaires\/wp-json\/wp\/v2\/product"}],"about":[{"href":"https:\/\/extranet.infocpam.fr\/partenaires\/wp-json\/wp\/v2\/types\/product"}],"wp:featuredmedia":[{"embeddable":true,"href":"https:\/\/extranet.infocpam.fr\/partenaires\/wp-json\/wp\/v2\/media\/541"}],"wp:attachment":[{"href":"https:\/\/extranet.infocpam.fr\/partenaires\/wp-json\/wp\/v2\/media?parent=540"}],"wp:term":[{"taxonomy":"product_brand","embeddable":true,"href":"https:\/\/extranet.infocpam.fr\/partenaires\/wp-json\/wp\/v2\/product_brand?post=540"},{"taxonomy":"product_cat","embeddable":true,"href":"https:\/\/extranet.infocpam.fr\/partenaires\/wp-json\/wp\/v2\/product_cat?post=540"},{"taxonomy":"product_tag","embeddable":true,"href":"https:\/\/extranet.infocpam.fr\/partenaires\/wp-json\/wp\/v2\/product_tag?post=540"}],"curies":[{"name":"wp","href":"https:\/\/api.w.org\/{rel}","templated":true}]}}