{"id":483,"date":"2021-06-10T09:24:37","date_gmt":"2021-06-10T07:24:37","guid":{"rendered":"https:\/\/extranet.infocpam.fr\/partenaires\/?post_type=product&#038;p=483"},"modified":"2023-04-12T15:49:54","modified_gmt":"2023-04-12T13:49:54","slug":"flyer-changement-de-situation","status":"publish","type":"product","link":"https:\/\/extranet.infocpam.fr\/partenaires\/produit\/flyer-changement-de-situation\/","title":{"rendered":"Flyer Changement de situation"},"content":{"rendered":"<p>Le flyer \u00ab\u00a0changement de situation\u00a0\u00bb pr\u00e9cise les cas qui n\u00e9cessitent d&rsquo;informer la Cpam de votre changement de situation<br \/>\n(d\u00e9m\u00e9nagement, changement de banque, changement de m\u00e9decin traitant, mariage, divorce,&#8230;).<\/p>\n<p>Version : 2021-02<\/p>\n<p><a href=\"https:\/\/extranet.infocpam.fr\/partenaires\/wp-content\/uploads\/2021\/06\/Les_Essentiels_Changement_Situation_.pdf\" target=\"_blank\" rel=\"noopener\">Visualiser le flyer Changement de Situation<\/a><\/p>\n","protected":false},"excerpt":{"rendered":"<p>Le flyer \u00ab\u00a0changement de situation\u00a0\u00bb pr\u00e9cise les cas qui n\u00e9cessitent d&rsquo;informer la Cpam de votre &hellip; <\/p>\n","protected":false},"featured_media":485,"template":"","meta":{"om_disable_all_campaigns":false,"_monsterinsights_skip_tracking":false,"_monsterinsights_sitenote_active":false,"_monsterinsights_sitenote_note":"","_monsterinsights_sitenote_category":0},"product_brand":[],"product_cat":[17],"product_tag":[60,50],"class_list":{"0":"post-483","1":"product","2":"type-product","3":"status-publish","4":"has-post-thumbnail","6":"product_cat-flyer","7":"product_tag-lessentiel","8":"product_tag-services-cpam","10":"first","11":"outofstock","12":"shipping-taxable","13":"purchasable","14":"product-type-simple"},"aioseo_notices":[],"jetpack_sharing_enabled":true,"_links":{"self":[{"href":"https:\/\/extranet.infocpam.fr\/partenaires\/wp-json\/wp\/v2\/product\/483","targetHints":{"allow":["GET"]}}],"collection":[{"href":"https:\/\/extranet.infocpam.fr\/partenaires\/wp-json\/wp\/v2\/product"}],"about":[{"href":"https:\/\/extranet.infocpam.fr\/partenaires\/wp-json\/wp\/v2\/types\/product"}],"wp:featuredmedia":[{"embeddable":true,"href":"https:\/\/extranet.infocpam.fr\/partenaires\/wp-json\/wp\/v2\/media\/485"}],"wp:attachment":[{"href":"https:\/\/extranet.infocpam.fr\/partenaires\/wp-json\/wp\/v2\/media?parent=483"}],"wp:term":[{"taxonomy":"product_brand","embeddable":true,"href":"https:\/\/extranet.infocpam.fr\/partenaires\/wp-json\/wp\/v2\/product_brand?post=483"},{"taxonomy":"product_cat","embeddable":true,"href":"https:\/\/extranet.infocpam.fr\/partenaires\/wp-json\/wp\/v2\/product_cat?post=483"},{"taxonomy":"product_tag","embeddable":true,"href":"https:\/\/extranet.infocpam.fr\/partenaires\/wp-json\/wp\/v2\/product_tag?post=483"}],"curies":[{"name":"wp","href":"https:\/\/api.w.org\/{rel}","templated":true}]}}