{"id":3879,"date":"2026-04-29T15:50:08","date_gmt":"2026-04-29T13:50:08","guid":{"rendered":"https:\/\/extranet.infocpam.fr\/partenaires\/?post_type=product&#038;p=3879"},"modified":"2026-04-29T16:01:45","modified_gmt":"2026-04-29T14:01:45","slug":"affiche-frontaliers-assures-lamal-declarez-votre-situation","status":"publish","type":"product","link":"https:\/\/extranet.infocpam.fr\/partenaires\/produit\/affiche-frontaliers-assures-lamal-declarez-votre-situation\/","title":{"rendered":"Affiche Frontaliers &#8211; Assur\u00e9s LAMAL &#8211; D\u00e9clarez votre situation"},"content":{"rendered":"<p><strong>Frontaliers, vous \u00eates assur\u00e9s LAMAL, pr\u00e9venez la CPAM<br \/>\n<\/strong>D\u00e9clarez votre situation<\/p>\n<p><a href=\"https:\/\/extranet.infocpam.fr\/partenaires\/wp-content\/uploads\/2026\/04\/Affiche-assure-LAMALV3.pdf\">Voir l&rsquo;affiche-Assur\u00e9s LAMAL<\/a>\u00a0(pdf, 1 113 ko)<\/p>\n","protected":false},"excerpt":{"rendered":"<p>Frontaliers, vous \u00eates assur\u00e9s LAMAL, pr\u00e9venez la CPAM D\u00e9clarez votre situation Voir l&rsquo;affiche-Assur\u00e9s LAMAL\u00a0(pdf, 1 &hellip; <\/p>\n","protected":false},"featured_media":3880,"template":"","meta":{"om_disable_all_campaigns":false,"_monsterinsights_skip_tracking":false,"_monsterinsights_sitenote_active":false,"_monsterinsights_sitenote_note":"","_monsterinsights_sitenote_category":0},"product_brand":[],"product_cat":[23,20],"product_tag":[38],"class_list":{"0":"post-3879","1":"product","2":"type-product","3":"status-publish","4":"has-post-thumbnail","6":"product_cat-a3","7":"product_cat-affiches","8":"product_tag-frontaliers","10":"first","11":"onbackorder","12":"shipping-taxable","13":"purchasable","14":"product-type-simple"},"aioseo_notices":[],"jetpack_sharing_enabled":true,"_links":{"self":[{"href":"https:\/\/extranet.infocpam.fr\/partenaires\/wp-json\/wp\/v2\/product\/3879","targetHints":{"allow":["GET"]}}],"collection":[{"href":"https:\/\/extranet.infocpam.fr\/partenaires\/wp-json\/wp\/v2\/product"}],"about":[{"href":"https:\/\/extranet.infocpam.fr\/partenaires\/wp-json\/wp\/v2\/types\/product"}],"wp:featuredmedia":[{"embeddable":true,"href":"https:\/\/extranet.infocpam.fr\/partenaires\/wp-json\/wp\/v2\/media\/3880"}],"wp:attachment":[{"href":"https:\/\/extranet.infocpam.fr\/partenaires\/wp-json\/wp\/v2\/media?parent=3879"}],"wp:term":[{"taxonomy":"product_brand","embeddable":true,"href":"https:\/\/extranet.infocpam.fr\/partenaires\/wp-json\/wp\/v2\/product_brand?post=3879"},{"taxonomy":"product_cat","embeddable":true,"href":"https:\/\/extranet.infocpam.fr\/partenaires\/wp-json\/wp\/v2\/product_cat?post=3879"},{"taxonomy":"product_tag","embeddable":true,"href":"https:\/\/extranet.infocpam.fr\/partenaires\/wp-json\/wp\/v2\/product_tag?post=3879"}],"curies":[{"name":"wp","href":"https:\/\/api.w.org\/{rel}","templated":true}]}}