{"id":3827,"date":"2026-04-02T14:25:02","date_gmt":"2026-04-02T12:25:02","guid":{"rendered":"https:\/\/extranet.infocpam.fr\/partenaires\/?post_type=product&#038;p=3827"},"modified":"2026-04-02T18:34:34","modified_gmt":"2026-04-02T16:34:34","slug":"mon-bilan-prevention-signaletique-porte","status":"publish","type":"product","link":"https:\/\/extranet.infocpam.fr\/partenaires\/produit\/mon-bilan-prevention-signaletique-porte\/","title":{"rendered":"Mon bilan pr\u00e9vention &#8211; Signal\u00e9tique porte"},"content":{"rendered":"<p>Signal\u00e9tique \u00e0 afficher pour indiquer aux patients que le professionnel de sant\u00e9 r\u00e9alise \u00ab Mon Bilan Pr\u00e9vention \u00bb<\/p>\n<p>&nbsp;<\/p>\n<p>Juin 2026<\/p>\n<p><a href=\"https:\/\/extranet.infocpam.fr\/partenaires\/wp-content\/uploads\/2026\/04\/MON_BILAN_PREVENTION_LABEL-PORTE_HD.pdf\">Voir la signal\u00e9tique MON BILAN PREVENTION<\/a>\u00a0(pdf 1592 ko)<\/p>\n","protected":false},"excerpt":{"rendered":"<p>Signal\u00e9tique \u00e0 afficher pour indiquer aux patients que le professionnel de sant\u00e9 r\u00e9alise \u00ab Mon &hellip; <\/p>\n","protected":false},"featured_media":3829,"template":"","meta":{"om_disable_all_campaigns":false,"_monsterinsights_skip_tracking":false,"_monsterinsights_sitenote_active":false,"_monsterinsights_sitenote_note":"","_monsterinsights_sitenote_category":0},"product_brand":[],"product_cat":[88],"product_tag":[41,70,43],"class_list":{"0":"post-3827","1":"product","2":"type-product","3":"status-publish","4":"has-post-thumbnail","6":"product_cat-signaletique-porte","7":"product_tag-ces","8":"product_tag-prevention","9":"product_tag-professionnels-de-sante","11":"first","12":"onbackorder","13":"featured","14":"shipping-taxable","15":"purchasable","16":"product-type-simple"},"aioseo_notices":[],"jetpack_sharing_enabled":true,"_links":{"self":[{"href":"https:\/\/extranet.infocpam.fr\/partenaires\/wp-json\/wp\/v2\/product\/3827","targetHints":{"allow":["GET"]}}],"collection":[{"href":"https:\/\/extranet.infocpam.fr\/partenaires\/wp-json\/wp\/v2\/product"}],"about":[{"href":"https:\/\/extranet.infocpam.fr\/partenaires\/wp-json\/wp\/v2\/types\/product"}],"wp:featuredmedia":[{"embeddable":true,"href":"https:\/\/extranet.infocpam.fr\/partenaires\/wp-json\/wp\/v2\/media\/3829"}],"wp:attachment":[{"href":"https:\/\/extranet.infocpam.fr\/partenaires\/wp-json\/wp\/v2\/media?parent=3827"}],"wp:term":[{"taxonomy":"product_brand","embeddable":true,"href":"https:\/\/extranet.infocpam.fr\/partenaires\/wp-json\/wp\/v2\/product_brand?post=3827"},{"taxonomy":"product_cat","embeddable":true,"href":"https:\/\/extranet.infocpam.fr\/partenaires\/wp-json\/wp\/v2\/product_cat?post=3827"},{"taxonomy":"product_tag","embeddable":true,"href":"https:\/\/extranet.infocpam.fr\/partenaires\/wp-json\/wp\/v2\/product_tag?post=3827"}],"curies":[{"name":"wp","href":"https:\/\/api.w.org\/{rel}","templated":true}]}}