{"id":3811,"date":"2026-04-02T13:29:28","date_gmt":"2026-04-02T11:29:28","guid":{"rendered":"https:\/\/extranet.infocpam.fr\/partenaires\/?post_type=product&#038;p=3811"},"modified":"2026-04-02T18:34:34","modified_gmt":"2026-04-02T16:34:34","slug":"affiche-mon-bilan-prevention-generique","status":"publish","type":"product","link":"https:\/\/extranet.infocpam.fr\/partenaires\/produit\/affiche-mon-bilan-prevention-generique\/","title":{"rendered":"Affiche Mon bilan pr\u00e9vention  &#8211; G\u00e9n\u00e9rique"},"content":{"rendered":"<p>Affiche pour le grand public qui reprend les visuels de la campagne et met en sc\u00e8ne chaque tranche d\u2019\u00e2ge<\/p>\n<p>&nbsp;<\/p>\n<p>Juin 2026<\/p>\n<p><a href=\"https:\/\/extranet.infocpam.fr\/partenaires\/wp-content\/uploads\/2026\/04\/MON_BILAN_PREVENTION_AFFICHE_GENERIQUE.pdf\">Voir l&rsquo;affiche : MON_BILAN_PREVENTION_AFFICHE_GENERIQUE<\/a>( pdf 953ko)<\/p>\n","protected":false},"excerpt":{"rendered":"<p>Affiche pour le grand public qui reprend les visuels de la campagne et met en &hellip; <\/p>\n","protected":false},"featured_media":3813,"template":"","meta":{"om_disable_all_campaigns":false,"_monsterinsights_skip_tracking":false,"_monsterinsights_sitenote_active":false,"_monsterinsights_sitenote_note":"","_monsterinsights_sitenote_category":0},"product_brand":[],"product_cat":[23,21,20],"product_tag":[41,70],"class_list":{"0":"post-3811","1":"product","2":"type-product","3":"status-publish","4":"has-post-thumbnail","6":"product_cat-a3","7":"product_cat-a4","8":"product_cat-affiches","9":"product_tag-ces","10":"product_tag-prevention","12":"first","13":"onbackorder","14":"featured","15":"shipping-taxable","16":"purchasable","17":"product-type-simple"},"aioseo_notices":[],"jetpack_sharing_enabled":true,"_links":{"self":[{"href":"https:\/\/extranet.infocpam.fr\/partenaires\/wp-json\/wp\/v2\/product\/3811","targetHints":{"allow":["GET"]}}],"collection":[{"href":"https:\/\/extranet.infocpam.fr\/partenaires\/wp-json\/wp\/v2\/product"}],"about":[{"href":"https:\/\/extranet.infocpam.fr\/partenaires\/wp-json\/wp\/v2\/types\/product"}],"wp:featuredmedia":[{"embeddable":true,"href":"https:\/\/extranet.infocpam.fr\/partenaires\/wp-json\/wp\/v2\/media\/3813"}],"wp:attachment":[{"href":"https:\/\/extranet.infocpam.fr\/partenaires\/wp-json\/wp\/v2\/media?parent=3811"}],"wp:term":[{"taxonomy":"product_brand","embeddable":true,"href":"https:\/\/extranet.infocpam.fr\/partenaires\/wp-json\/wp\/v2\/product_brand?post=3811"},{"taxonomy":"product_cat","embeddable":true,"href":"https:\/\/extranet.infocpam.fr\/partenaires\/wp-json\/wp\/v2\/product_cat?post=3811"},{"taxonomy":"product_tag","embeddable":true,"href":"https:\/\/extranet.infocpam.fr\/partenaires\/wp-json\/wp\/v2\/product_tag?post=3811"}],"curies":[{"name":"wp","href":"https:\/\/api.w.org\/{rel}","templated":true}]}}