{"id":3758,"date":"2026-02-10T11:33:54","date_gmt":"2026-02-10T10:33:54","guid":{"rendered":"https:\/\/extranet.infocpam.fr\/partenaires\/?post_type=product&#038;p=3758"},"modified":"2026-02-10T11:49:03","modified_gmt":"2026-02-10T10:49:03","slug":"flyer-primo-affiliation-jarrive-en-france","status":"publish","type":"product","link":"https:\/\/extranet.infocpam.fr\/partenaires\/produit\/flyer-primo-affiliation-jarrive-en-france\/","title":{"rendered":"Flyer : Primo affiliation &#8211; J&rsquo;arrive en France"},"content":{"rendered":"<p>A destination des assur\u00e9s.<\/p>\n<p>Vous venez d\u2019arriver sur le territoire Fran\u00e7ais ?<br \/>\nPour b\u00e9n\u00e9ficier d\u2019une prise en charge de vos frais de sant\u00e9, il est important d\u2019effectuer votre ouverture de droits \u00e0 l\u2019Assurance Maladie<\/p>\n<p>&nbsp;<\/p>\n<p>Version : 2026-02<\/p>\n<p><a href=\"https:\/\/extranet.infocpam.fr\/partenaires\/wp-content\/uploads\/2026\/02\/2026-02-flyer-primo-affiliation.pdf\">Voir le flyer Primo affiliation <\/a>(pdf, 207 ko)<\/p>\n","protected":false},"excerpt":{"rendered":"<p>A destination des assur\u00e9s. Vous venez d\u2019arriver sur le territoire Fran\u00e7ais ? Pour b\u00e9n\u00e9ficier d\u2019une &hellip; <\/p>\n","protected":false},"featured_media":3759,"template":"","meta":{"om_disable_all_campaigns":false,"_monsterinsights_skip_tracking":false,"_monsterinsights_sitenote_active":false,"_monsterinsights_sitenote_note":"","_monsterinsights_sitenote_category":0},"product_brand":[],"product_cat":[17],"product_tag":[47,50],"class_list":{"0":"post-3758","1":"product","2":"type-product","3":"status-publish","4":"has-post-thumbnail","6":"product_cat-flyer","7":"product_tag-employeurs","8":"product_tag-services-cpam","10":"first","11":"onbackorder","12":"shipping-taxable","13":"purchasable","14":"product-type-simple"},"aioseo_notices":[],"jetpack_sharing_enabled":true,"_links":{"self":[{"href":"https:\/\/extranet.infocpam.fr\/partenaires\/wp-json\/wp\/v2\/product\/3758","targetHints":{"allow":["GET"]}}],"collection":[{"href":"https:\/\/extranet.infocpam.fr\/partenaires\/wp-json\/wp\/v2\/product"}],"about":[{"href":"https:\/\/extranet.infocpam.fr\/partenaires\/wp-json\/wp\/v2\/types\/product"}],"wp:featuredmedia":[{"embeddable":true,"href":"https:\/\/extranet.infocpam.fr\/partenaires\/wp-json\/wp\/v2\/media\/3759"}],"wp:attachment":[{"href":"https:\/\/extranet.infocpam.fr\/partenaires\/wp-json\/wp\/v2\/media?parent=3758"}],"wp:term":[{"taxonomy":"product_brand","embeddable":true,"href":"https:\/\/extranet.infocpam.fr\/partenaires\/wp-json\/wp\/v2\/product_brand?post=3758"},{"taxonomy":"product_cat","embeddable":true,"href":"https:\/\/extranet.infocpam.fr\/partenaires\/wp-json\/wp\/v2\/product_cat?post=3758"},{"taxonomy":"product_tag","embeddable":true,"href":"https:\/\/extranet.infocpam.fr\/partenaires\/wp-json\/wp\/v2\/product_tag?post=3758"}],"curies":[{"name":"wp","href":"https:\/\/api.w.org\/{rel}","templated":true}]}}