{"id":3669,"date":"2025-12-17T09:44:48","date_gmt":"2025-12-17T08:44:48","guid":{"rendered":"https:\/\/extranet.infocpam.fr\/partenaires\/?post_type=product&#038;p=3669"},"modified":"2025-12-17T10:32:09","modified_gmt":"2025-12-17T09:32:09","slug":"affiche-depistage-du-cancer-du-col-de-luterus","status":"publish","type":"product","link":"https:\/\/extranet.infocpam.fr\/partenaires\/produit\/affiche-depistage-du-cancer-du-col-de-luterus\/","title":{"rendered":"Affiche d\u00e9pistage du cancer du col de l&rsquo;ut\u00e9rus"},"content":{"rendered":"<p>Affiche d\u00e9pistage du cancer du col de l&rsquo;ut\u00e9rus<\/p>\n<p><a href=\"https:\/\/extranet.infocpam.fr\/partenaires\/wp-content\/uploads\/2025\/12\/affiche_doccu_avec_encart_30x40_affccu3023azr_bd.pdf\">Voir l&rsquo;affiche\u00a0<\/a>(pdf 432 ko)<\/p>\n","protected":false},"excerpt":{"rendered":"<p>Affiche d\u00e9pistage du cancer du col de l&rsquo;ut\u00e9rus Voir l&rsquo;affiche\u00a0(pdf 432 ko)<\/p>\n","protected":false},"featured_media":3672,"template":"","meta":{"om_disable_all_campaigns":false,"_monsterinsights_skip_tracking":false,"_monsterinsights_sitenote_active":false,"_monsterinsights_sitenote_note":"","_monsterinsights_sitenote_category":0},"product_brand":[],"product_cat":[22,23,21,20],"product_tag":[82,55,86],"class_list":{"0":"post-3669","1":"product","2":"type-product","3":"status-publish","4":"has-post-thumbnail","6":"product_cat-40x60","7":"product_cat-a3","8":"product_cat-a4","9":"product_cat-affiches","10":"product_tag-maternite","11":"product_tag-prevention-cancers","12":"product_tag-vaccination","13":"product_shipping_class-montbeliard","15":"first","16":"outofstock","17":"shipping-taxable","18":"purchasable","19":"product-type-variable"},"aioseo_notices":[],"jetpack_sharing_enabled":true,"_links":{"self":[{"href":"https:\/\/extranet.infocpam.fr\/partenaires\/wp-json\/wp\/v2\/product\/3669","targetHints":{"allow":["GET"]}}],"collection":[{"href":"https:\/\/extranet.infocpam.fr\/partenaires\/wp-json\/wp\/v2\/product"}],"about":[{"href":"https:\/\/extranet.infocpam.fr\/partenaires\/wp-json\/wp\/v2\/types\/product"}],"wp:featuredmedia":[{"embeddable":true,"href":"https:\/\/extranet.infocpam.fr\/partenaires\/wp-json\/wp\/v2\/media\/3672"}],"wp:attachment":[{"href":"https:\/\/extranet.infocpam.fr\/partenaires\/wp-json\/wp\/v2\/media?parent=3669"}],"wp:term":[{"taxonomy":"product_brand","embeddable":true,"href":"https:\/\/extranet.infocpam.fr\/partenaires\/wp-json\/wp\/v2\/product_brand?post=3669"},{"taxonomy":"product_cat","embeddable":true,"href":"https:\/\/extranet.infocpam.fr\/partenaires\/wp-json\/wp\/v2\/product_cat?post=3669"},{"taxonomy":"product_tag","embeddable":true,"href":"https:\/\/extranet.infocpam.fr\/partenaires\/wp-json\/wp\/v2\/product_tag?post=3669"}],"curies":[{"name":"wp","href":"https:\/\/api.w.org\/{rel}","templated":true}]}}