{"id":3629,"date":"2025-11-03T13:52:47","date_gmt":"2025-11-03T12:52:47","guid":{"rendered":"https:\/\/extranet.infocpam.fr\/partenaires\/?post_type=product&#038;p=3629"},"modified":"2025-11-03T14:13:13","modified_gmt":"2025-11-03T13:13:13","slug":"la-liste-memo-reflexes","status":"publish","type":"product","link":"https:\/\/extranet.infocpam.fr\/partenaires\/produit\/la-liste-memo-reflexes\/","title":{"rendered":"La liste m\u00e9mo- Perturbateurs endocriniens  : r\u00e9flexes"},"content":{"rendered":"<p>Th\u00e9matique : la sant\u00e9 environnementale et les perturbateurs endocriniens<\/p>\n<p>Pour chaque action, choisissez la personne qui sera charg\u00e9e de s\u2019en occuper au sein de votre foyer<\/p>\n<p><a href=\"https:\/\/extranet.infocpam.fr\/partenaires\/wp-content\/uploads\/2025\/11\/Liste-memo-assures-V2.pdf\">Voir la liste m\u00e9mo<\/a>\u00a0 (pdf, 101 ko)<\/p>\n","protected":false},"excerpt":{"rendered":"<p>Th\u00e9matique : la sant\u00e9 environnementale et les perturbateurs endocriniens Pour chaque action, choisissez la personne &hellip; <\/p>\n","protected":false},"featured_media":3625,"template":"","meta":{"om_disable_all_campaigns":false,"_monsterinsights_skip_tracking":false,"_monsterinsights_sitenote_active":false,"_monsterinsights_sitenote_note":"","_monsterinsights_sitenote_category":0},"product_brand":[],"product_cat":[84],"product_tag":[],"class_list":{"0":"post-3629","1":"product","2":"type-product","3":"status-publish","4":"has-post-thumbnail","6":"product_cat-memo","8":"first","9":"outofstock","10":"shipping-taxable","11":"product-type-simple"},"aioseo_notices":[],"jetpack_sharing_enabled":true,"_links":{"self":[{"href":"https:\/\/extranet.infocpam.fr\/partenaires\/wp-json\/wp\/v2\/product\/3629","targetHints":{"allow":["GET"]}}],"collection":[{"href":"https:\/\/extranet.infocpam.fr\/partenaires\/wp-json\/wp\/v2\/product"}],"about":[{"href":"https:\/\/extranet.infocpam.fr\/partenaires\/wp-json\/wp\/v2\/types\/product"}],"wp:featuredmedia":[{"embeddable":true,"href":"https:\/\/extranet.infocpam.fr\/partenaires\/wp-json\/wp\/v2\/media\/3625"}],"wp:attachment":[{"href":"https:\/\/extranet.infocpam.fr\/partenaires\/wp-json\/wp\/v2\/media?parent=3629"}],"wp:term":[{"taxonomy":"product_brand","embeddable":true,"href":"https:\/\/extranet.infocpam.fr\/partenaires\/wp-json\/wp\/v2\/product_brand?post=3629"},{"taxonomy":"product_cat","embeddable":true,"href":"https:\/\/extranet.infocpam.fr\/partenaires\/wp-json\/wp\/v2\/product_cat?post=3629"},{"taxonomy":"product_tag","embeddable":true,"href":"https:\/\/extranet.infocpam.fr\/partenaires\/wp-json\/wp\/v2\/product_tag?post=3629"}],"curies":[{"name":"wp","href":"https:\/\/api.w.org\/{rel}","templated":true}]}}