{"id":3619,"date":"2025-11-03T13:20:06","date_gmt":"2025-11-03T12:20:06","guid":{"rendered":"https:\/\/extranet.infocpam.fr\/partenaires\/?post_type=product&#038;p=3619"},"modified":"2025-11-03T14:07:53","modified_gmt":"2025-11-03T13:07:53","slug":"memo-exposition-aux-perturbateurs-endocriniens","status":"publish","type":"product","link":"https:\/\/extranet.infocpam.fr\/partenaires\/produit\/memo-exposition-aux-perturbateurs-endocriniens\/","title":{"rendered":"M\u00e9mo Exposition aux perturbateurs endocriniens"},"content":{"rendered":"<p>Th\u00e9matique : la sant\u00e9 environnementale et les perturbateurs endocriniens<\/p>\n<p><a href=\"https:\/\/extranet.infocpam.fr\/partenaires\/wp-content\/uploads\/2025\/11\/am_memo_print-phtalates-e250612-hd-ss_traits_de_coupe.pdf\">Voir le m\u00e9mo &#8211; phtalates<\/a>\u00a0(pdf, 223 ko)<\/p>\n","protected":false},"excerpt":{"rendered":"<p>Th\u00e9matique : la sant\u00e9 environnementale et les perturbateurs endocriniens Voir le m\u00e9mo &#8211; phtalates\u00a0(pdf, 223 &hellip; <\/p>\n","protected":false},"featured_media":3626,"template":"","meta":{"om_disable_all_campaigns":false,"_monsterinsights_skip_tracking":false,"_monsterinsights_sitenote_active":false,"_monsterinsights_sitenote_note":"","_monsterinsights_sitenote_category":0},"product_brand":[],"product_cat":[84],"product_tag":[43],"class_list":{"0":"post-3619","1":"product","2":"type-product","3":"status-publish","4":"has-post-thumbnail","6":"product_cat-memo","7":"product_tag-professionnels-de-sante","9":"first","10":"outofstock","11":"shipping-taxable","12":"product-type-simple"},"aioseo_notices":[],"jetpack_sharing_enabled":true,"_links":{"self":[{"href":"https:\/\/extranet.infocpam.fr\/partenaires\/wp-json\/wp\/v2\/product\/3619","targetHints":{"allow":["GET"]}}],"collection":[{"href":"https:\/\/extranet.infocpam.fr\/partenaires\/wp-json\/wp\/v2\/product"}],"about":[{"href":"https:\/\/extranet.infocpam.fr\/partenaires\/wp-json\/wp\/v2\/types\/product"}],"wp:featuredmedia":[{"embeddable":true,"href":"https:\/\/extranet.infocpam.fr\/partenaires\/wp-json\/wp\/v2\/media\/3626"}],"wp:attachment":[{"href":"https:\/\/extranet.infocpam.fr\/partenaires\/wp-json\/wp\/v2\/media?parent=3619"}],"wp:term":[{"taxonomy":"product_brand","embeddable":true,"href":"https:\/\/extranet.infocpam.fr\/partenaires\/wp-json\/wp\/v2\/product_brand?post=3619"},{"taxonomy":"product_cat","embeddable":true,"href":"https:\/\/extranet.infocpam.fr\/partenaires\/wp-json\/wp\/v2\/product_cat?post=3619"},{"taxonomy":"product_tag","embeddable":true,"href":"https:\/\/extranet.infocpam.fr\/partenaires\/wp-json\/wp\/v2\/product_tag?post=3619"}],"curies":[{"name":"wp","href":"https:\/\/api.w.org\/{rel}","templated":true}]}}