{"id":3560,"date":"2025-10-08T15:36:58","date_gmt":"2025-10-08T13:36:58","guid":{"rendered":"https:\/\/extranet.infocpam.fr\/partenaires\/?post_type=product&#038;p=3560"},"modified":"2025-10-08T15:44:07","modified_gmt":"2025-10-08T13:44:07","slug":"brochure-mon-soutien-psy-medecin","status":"publish","type":"product","link":"https:\/\/extranet.infocpam.fr\/partenaires\/produit\/brochure-mon-soutien-psy-medecin\/","title":{"rendered":"Brochure Mon soutien Psy (M\u00e9decin)"},"content":{"rendered":"<p>Guide pratique \u00e0 destination des m\u00e9decins.<\/p>\n<p>Mon soutien psy, ce sont des s\u00e9ances d\u2019accompagnement avec un psychologue, rembours\u00e9es par l\u2019Assurance Maladie.<br \/>\nMon soutien psy Toute personne en souffrance psychique d\u2019intensit\u00e9 l\u00e9g\u00e8re \u00e0 mod\u00e9r\u00e9e peut b\u00e9n\u00e9ficier de s\u00e9ances rembours\u00e9es chez un psychologue partenaire ;<br \/>\n\u2014<br \/>\nUn dispositif pour toute la population \u00e0 partir de 3 ans ;<br \/>\n\u2014<br \/>\nJusqu\u2019\u00e0 12 s\u00e9ances d\u2019accompagnement psychologique rembours\u00e9es par ann\u00e9e civile.<\/p>\n<p>(version 2025, pdf 1653 ko)<\/p>\n<p><a href=\"https:\/\/extranet.infocpam.fr\/partenaires\/wp-content\/uploads\/2025\/10\/guide-pratique-medecin-mon-soutien-psy_assurance_m_251006_070029.pdf\">Consultez le guide pratique m\u00e9decin<\/a><\/p>\n","protected":false},"excerpt":{"rendered":"<p>Guide pratique \u00e0 destination des m\u00e9decins. Mon soutien psy, ce sont des s\u00e9ances d\u2019accompagnement avec &hellip; <\/p>\n","protected":false},"featured_media":3562,"template":"","meta":{"om_disable_all_campaigns":false,"_monsterinsights_skip_tracking":false,"_monsterinsights_sitenote_active":false,"_monsterinsights_sitenote_note":"","_monsterinsights_sitenote_category":0},"product_brand":[],"product_cat":[62,32],"product_tag":[37,43,50],"class_list":{"0":"post-3560","1":"product","2":"type-product","3":"status-publish","4":"has-post-thumbnail","6":"product_cat-a5","7":"product_cat-brochures","8":"product_tag-acces-aux-soins","9":"product_tag-professionnels-de-sante","10":"product_tag-services-cpam","12":"first","13":"outofstock","14":"shipping-taxable","15":"purchasable","16":"product-type-simple"},"aioseo_notices":[],"jetpack_sharing_enabled":true,"_links":{"self":[{"href":"https:\/\/extranet.infocpam.fr\/partenaires\/wp-json\/wp\/v2\/product\/3560","targetHints":{"allow":["GET"]}}],"collection":[{"href":"https:\/\/extranet.infocpam.fr\/partenaires\/wp-json\/wp\/v2\/product"}],"about":[{"href":"https:\/\/extranet.infocpam.fr\/partenaires\/wp-json\/wp\/v2\/types\/product"}],"wp:featuredmedia":[{"embeddable":true,"href":"https:\/\/extranet.infocpam.fr\/partenaires\/wp-json\/wp\/v2\/media\/3562"}],"wp:attachment":[{"href":"https:\/\/extranet.infocpam.fr\/partenaires\/wp-json\/wp\/v2\/media?parent=3560"}],"wp:term":[{"taxonomy":"product_brand","embeddable":true,"href":"https:\/\/extranet.infocpam.fr\/partenaires\/wp-json\/wp\/v2\/product_brand?post=3560"},{"taxonomy":"product_cat","embeddable":true,"href":"https:\/\/extranet.infocpam.fr\/partenaires\/wp-json\/wp\/v2\/product_cat?post=3560"},{"taxonomy":"product_tag","embeddable":true,"href":"https:\/\/extranet.infocpam.fr\/partenaires\/wp-json\/wp\/v2\/product_tag?post=3560"}],"curies":[{"name":"wp","href":"https:\/\/api.w.org\/{rel}","templated":true}]}}