{"id":3451,"date":"2025-08-29T13:36:48","date_gmt":"2025-08-29T11:36:48","guid":{"rendered":"https:\/\/extranet.infocpam.fr\/partenaires\/?post_type=product&#038;p=3451"},"modified":"2025-08-29T13:46:18","modified_gmt":"2025-08-29T11:46:18","slug":"brochure-arrets-de-travail","status":"publish","type":"product","link":"https:\/\/extranet.infocpam.fr\/partenaires\/produit\/brochure-arrets-de-travail\/","title":{"rendered":"Brochure Bon usage des soins &#8211; L&rsquo;arr\u00eat de travail"},"content":{"rendered":"<p>Cette brochure arr\u00eats de travail est \u00e0 destination des assur\u00e9s en emploi. Il rappelle les r\u00e8gles d&rsquo;usage en cas d&rsquo;arr\u00eats maladie.<\/p>\n<p><a href=\"https:\/\/extranet.infocpam.fr\/partenaires\/wp-content\/uploads\/2025\/08\/LEAFLET_ARRET-DE-TRAVAIL_A5_BD.pdf\">Voir la brochure arr\u00eat de travail<\/a>\u00a0&#8211; (pdf, 638 ko)<\/p>\n<p>Version Aout 2025<\/p>\n","protected":false},"excerpt":{"rendered":"<p>Cette brochure arr\u00eats de travail est \u00e0 destination des assur\u00e9s en emploi. Il rappelle les &hellip; <\/p>\n","protected":false},"featured_media":3453,"template":"","meta":{"om_disable_all_campaigns":false,"_monsterinsights_skip_tracking":false,"_monsterinsights_sitenote_active":false,"_monsterinsights_sitenote_note":"","_monsterinsights_sitenote_category":0},"product_brand":[],"product_cat":[62,17],"product_tag":[60,42],"class_list":{"0":"post-3451","1":"product","2":"type-product","3":"status-publish","4":"has-post-thumbnail","6":"product_cat-a5","7":"product_cat-flyer","8":"product_tag-lessentiel","9":"product_tag-maitrise-medicalisee","10":"product_shipping_class-montbeliard","12":"first","13":"instock","14":"shipping-taxable","15":"purchasable","16":"product-type-simple"},"aioseo_notices":[],"jetpack_sharing_enabled":true,"_links":{"self":[{"href":"https:\/\/extranet.infocpam.fr\/partenaires\/wp-json\/wp\/v2\/product\/3451","targetHints":{"allow":["GET"]}}],"collection":[{"href":"https:\/\/extranet.infocpam.fr\/partenaires\/wp-json\/wp\/v2\/product"}],"about":[{"href":"https:\/\/extranet.infocpam.fr\/partenaires\/wp-json\/wp\/v2\/types\/product"}],"wp:featuredmedia":[{"embeddable":true,"href":"https:\/\/extranet.infocpam.fr\/partenaires\/wp-json\/wp\/v2\/media\/3453"}],"wp:attachment":[{"href":"https:\/\/extranet.infocpam.fr\/partenaires\/wp-json\/wp\/v2\/media?parent=3451"}],"wp:term":[{"taxonomy":"product_brand","embeddable":true,"href":"https:\/\/extranet.infocpam.fr\/partenaires\/wp-json\/wp\/v2\/product_brand?post=3451"},{"taxonomy":"product_cat","embeddable":true,"href":"https:\/\/extranet.infocpam.fr\/partenaires\/wp-json\/wp\/v2\/product_cat?post=3451"},{"taxonomy":"product_tag","embeddable":true,"href":"https:\/\/extranet.infocpam.fr\/partenaires\/wp-json\/wp\/v2\/product_tag?post=3451"}],"curies":[{"name":"wp","href":"https:\/\/api.w.org\/{rel}","templated":true}]}}