{"id":3445,"date":"2025-08-29T11:51:40","date_gmt":"2025-08-29T09:51:40","guid":{"rendered":"https:\/\/extranet.infocpam.fr\/partenaires\/?post_type=product&#038;p=3445"},"modified":"2025-08-29T11:55:51","modified_gmt":"2025-08-29T09:55:51","slug":"affiche-bon-usage-des-soins-larret-de-travail","status":"publish","type":"product","link":"https:\/\/extranet.infocpam.fr\/partenaires\/produit\/affiche-bon-usage-des-soins-larret-de-travail\/","title":{"rendered":"Affiche Bon usage des soins &#8211; L\u2019arr\u00eat de travail."},"content":{"rendered":"<p>Affiche l&rsquo;arr\u00eat de travail.<\/p>\n<p>Seul votre m\u00e9decin sait si votre \u00e9tat de sant\u00e9 le n\u00e9cessite ou pas<\/p>\n<p>&nbsp;<\/p>\n<p><a href=\"https:\/\/extranet.infocpam.fr\/partenaires\/wp-content\/uploads\/2025\/08\/HD_CNAM_AFFICHE_ARRET_TRAVAIL_A3_STC.pdf\">Voir l&rsquo;affiche<\/a>( pdf, 254ko)<\/p>\n<p>Version Ao\u00fbt 2025<\/p>\n","protected":false},"excerpt":{"rendered":"<p>Affiche l&rsquo;arr\u00eat de travail. Seul votre m\u00e9decin sait si votre \u00e9tat de sant\u00e9 le n\u00e9cessite &hellip; <\/p>\n","protected":false},"featured_media":3447,"template":"","meta":{"om_disable_all_campaigns":false,"_monsterinsights_skip_tracking":false,"_monsterinsights_sitenote_active":false,"_monsterinsights_sitenote_note":"","_monsterinsights_sitenote_category":0},"product_brand":[],"product_cat":[23,21,20],"product_tag":[40,80,56,50],"class_list":{"0":"post-3445","1":"product","2":"type-product","3":"status-publish","4":"has-post-thumbnail","6":"product_cat-a3","7":"product_cat-a4","8":"product_cat-affiches","9":"product_tag-ameli","10":"product_tag-bon-usage-des-soins","11":"product_tag-compte-ameli","12":"product_tag-services-cpam","14":"first","15":"onbackorder","16":"shipping-taxable","17":"purchasable","18":"product-type-simple"},"aioseo_notices":[],"jetpack_sharing_enabled":true,"_links":{"self":[{"href":"https:\/\/extranet.infocpam.fr\/partenaires\/wp-json\/wp\/v2\/product\/3445","targetHints":{"allow":["GET"]}}],"collection":[{"href":"https:\/\/extranet.infocpam.fr\/partenaires\/wp-json\/wp\/v2\/product"}],"about":[{"href":"https:\/\/extranet.infocpam.fr\/partenaires\/wp-json\/wp\/v2\/types\/product"}],"wp:featuredmedia":[{"embeddable":true,"href":"https:\/\/extranet.infocpam.fr\/partenaires\/wp-json\/wp\/v2\/media\/3447"}],"wp:attachment":[{"href":"https:\/\/extranet.infocpam.fr\/partenaires\/wp-json\/wp\/v2\/media?parent=3445"}],"wp:term":[{"taxonomy":"product_brand","embeddable":true,"href":"https:\/\/extranet.infocpam.fr\/partenaires\/wp-json\/wp\/v2\/product_brand?post=3445"},{"taxonomy":"product_cat","embeddable":true,"href":"https:\/\/extranet.infocpam.fr\/partenaires\/wp-json\/wp\/v2\/product_cat?post=3445"},{"taxonomy":"product_tag","embeddable":true,"href":"https:\/\/extranet.infocpam.fr\/partenaires\/wp-json\/wp\/v2\/product_tag?post=3445"}],"curies":[{"name":"wp","href":"https:\/\/api.w.org\/{rel}","templated":true}]}}