{"id":3435,"date":"2025-08-27T14:44:47","date_gmt":"2025-08-27T12:44:47","guid":{"rendered":"https:\/\/extranet.infocpam.fr\/partenaires\/?post_type=product&#038;p=3435"},"modified":"2025-08-27T14:52:08","modified_gmt":"2025-08-27T12:52:08","slug":"affiche-bon-usage-des-soins-larret-de-travail-un-nouveau-formulaire-securise-desormais-obligatoire","status":"publish","type":"product","link":"https:\/\/extranet.infocpam.fr\/partenaires\/produit\/affiche-bon-usage-des-soins-larret-de-travail-un-nouveau-formulaire-securise-desormais-obligatoire\/","title":{"rendered":"Affiche Bon usage des soins &#8211; L\u2019arr\u00eat de travail. Un nouveau formulaire s\u00e9curis\u00e9 d\u00e9sormais obligatoire"},"content":{"rendered":"<p>\u00c0 partir du 1er septembre, seul le nouveau formulaire s\u00e9curis\u00e9 est valable. Il permet de mieux prot\u00e9ger contre les fraudes. Les anciens formulaires seront refus\u00e9s par votre caisse d\u2019assurance maladie, et, dans ce cas, vous devrez demander un nouvel arr\u00eat \u00e0 votre m\u00e9decin pour b\u00e9n\u00e9ficier de vos indemnit\u00e9s journali\u00e8res.<\/p>\n<p>Notre syst\u00e8me de sant\u00e9, c\u2019est aussi \u00e0 chacun d\u2019en prendre soin.<\/p>\n<p>&nbsp;<\/p>\n<p><a href=\"https:\/\/extranet.infocpam.fr\/partenaires\/wp-content\/uploads\/2025\/08\/Affiche_campagne_nationale_cerfa_securise_A4_BD_STDC.pdf\">Voir l&rsquo;affiche nouveau formulaire s\u00e9curis\u00e9<\/a>( pdf, 77ko)<\/p>\n","protected":false},"excerpt":{"rendered":"<p>\u00c0 partir du 1er septembre, seul le nouveau formulaire s\u00e9curis\u00e9 est valable. Il permet de &hellip; <\/p>\n","protected":false},"featured_media":3437,"template":"","meta":{"om_disable_all_campaigns":false,"_monsterinsights_skip_tracking":false,"_monsterinsights_sitenote_active":false,"_monsterinsights_sitenote_note":"","_monsterinsights_sitenote_category":0},"product_brand":[],"product_cat":[23,21,20],"product_tag":[40,80,56,50],"class_list":{"0":"post-3435","1":"product","2":"type-product","3":"status-publish","4":"has-post-thumbnail","6":"product_cat-a3","7":"product_cat-a4","8":"product_cat-affiches","9":"product_tag-ameli","10":"product_tag-bon-usage-des-soins","11":"product_tag-compte-ameli","12":"product_tag-services-cpam","14":"first","15":"onbackorder","16":"shipping-taxable","17":"purchasable","18":"product-type-simple"},"aioseo_notices":[],"jetpack_sharing_enabled":true,"_links":{"self":[{"href":"https:\/\/extranet.infocpam.fr\/partenaires\/wp-json\/wp\/v2\/product\/3435","targetHints":{"allow":["GET"]}}],"collection":[{"href":"https:\/\/extranet.infocpam.fr\/partenaires\/wp-json\/wp\/v2\/product"}],"about":[{"href":"https:\/\/extranet.infocpam.fr\/partenaires\/wp-json\/wp\/v2\/types\/product"}],"wp:featuredmedia":[{"embeddable":true,"href":"https:\/\/extranet.infocpam.fr\/partenaires\/wp-json\/wp\/v2\/media\/3437"}],"wp:attachment":[{"href":"https:\/\/extranet.infocpam.fr\/partenaires\/wp-json\/wp\/v2\/media?parent=3435"}],"wp:term":[{"taxonomy":"product_brand","embeddable":true,"href":"https:\/\/extranet.infocpam.fr\/partenaires\/wp-json\/wp\/v2\/product_brand?post=3435"},{"taxonomy":"product_cat","embeddable":true,"href":"https:\/\/extranet.infocpam.fr\/partenaires\/wp-json\/wp\/v2\/product_cat?post=3435"},{"taxonomy":"product_tag","embeddable":true,"href":"https:\/\/extranet.infocpam.fr\/partenaires\/wp-json\/wp\/v2\/product_tag?post=3435"}],"curies":[{"name":"wp","href":"https:\/\/api.w.org\/{rel}","templated":true}]}}