{"id":3336,"date":"2025-05-21T15:56:13","date_gmt":"2025-05-21T13:56:13","guid":{"rendered":"https:\/\/extranet.infocpam.fr\/partenaires\/?post_type=product&#038;p=3336"},"modified":"2025-09-03T09:46:51","modified_gmt":"2025-09-03T07:46:51","slug":"flyer-frais-daccompagnant-pour-un-enfant-hospitalise","status":"publish","type":"product","link":"https:\/\/extranet.infocpam.fr\/partenaires\/produit\/flyer-frais-daccompagnant-pour-un-enfant-hospitalise\/","title":{"rendered":"Flyer &#8211; Frais d\u2019accompagnant pour un enfant hospitalis\u00e9"},"content":{"rendered":"<p>L\u2019Action Sanitaire et Sociale de la CPAM du Doubs est un dispositif permettant d\u2019aider financi\u00e8rement les assur\u00e9s sociaux afin de lutter contre les in\u00e9galit\u00e9s sociales de sant\u00e9<br \/>\nen facilitant l\u2019acc\u00e8s aux soins.<br \/>\nPour tenter de lutter plus efficacement contre le non-recours aux soins et \u00e0 la sant\u00e9, et ainsi faciliter l\u2019acc\u00e8s au syst\u00e8me de sant\u00e9, l\u2019Action Sanitaire et Sociale peut participer, sous condition de ressources aux frais li\u00e9s \u00e0 l\u2019accompagnement<br \/>\nd\u2019un enfant hospitalis\u00e9.<\/p>\n<p><a href=\"https:\/\/extranet.infocpam.fr\/partenaires\/wp-content\/uploads\/2025\/05\/Flyer-ASS-Accompagnement-enfant-hospitalise.pdf\">T\u00e9l\u00e9charger le flyer<\/a> (pdf , 662 ko)<\/p>\n","protected":false},"excerpt":{"rendered":"<p>L\u2019Action Sanitaire et Sociale de la CPAM du Doubs est un dispositif permettant d\u2019aider financi\u00e8rement &hellip; <\/p>\n","protected":false},"featured_media":3337,"template":"","meta":{"om_disable_all_campaigns":false,"_monsterinsights_skip_tracking":false,"_monsterinsights_sitenote_active":false,"_monsterinsights_sitenote_note":"","_monsterinsights_sitenote_category":0},"product_brand":[],"product_cat":[62,17],"product_tag":[],"class_list":{"0":"post-3336","1":"product","2":"type-product","3":"status-publish","4":"has-post-thumbnail","6":"product_cat-a5","7":"product_cat-flyer","9":"first","10":"instock","11":"shipping-taxable","12":"product-type-simple"},"aioseo_notices":[],"jetpack_sharing_enabled":true,"_links":{"self":[{"href":"https:\/\/extranet.infocpam.fr\/partenaires\/wp-json\/wp\/v2\/product\/3336","targetHints":{"allow":["GET"]}}],"collection":[{"href":"https:\/\/extranet.infocpam.fr\/partenaires\/wp-json\/wp\/v2\/product"}],"about":[{"href":"https:\/\/extranet.infocpam.fr\/partenaires\/wp-json\/wp\/v2\/types\/product"}],"wp:featuredmedia":[{"embeddable":true,"href":"https:\/\/extranet.infocpam.fr\/partenaires\/wp-json\/wp\/v2\/media\/3337"}],"wp:attachment":[{"href":"https:\/\/extranet.infocpam.fr\/partenaires\/wp-json\/wp\/v2\/media?parent=3336"}],"wp:term":[{"taxonomy":"product_brand","embeddable":true,"href":"https:\/\/extranet.infocpam.fr\/partenaires\/wp-json\/wp\/v2\/product_brand?post=3336"},{"taxonomy":"product_cat","embeddable":true,"href":"https:\/\/extranet.infocpam.fr\/partenaires\/wp-json\/wp\/v2\/product_cat?post=3336"},{"taxonomy":"product_tag","embeddable":true,"href":"https:\/\/extranet.infocpam.fr\/partenaires\/wp-json\/wp\/v2\/product_tag?post=3336"}],"curies":[{"name":"wp","href":"https:\/\/api.w.org\/{rel}","templated":true}]}}