{"id":3303,"date":"2025-04-03T13:41:39","date_gmt":"2025-04-03T11:41:39","guid":{"rendered":"https:\/\/extranet.infocpam.fr\/partenaires\/?post_type=product&#038;p=3303"},"modified":"2026-03-26T12:45:21","modified_gmt":"2026-03-26T11:45:21","slug":"affiche-mon-soutien-psy","status":"publish","type":"product","link":"https:\/\/extranet.infocpam.fr\/partenaires\/produit\/affiche-mon-soutien-psy\/","title":{"rendered":"Affiche Mon soutien Psy"},"content":{"rendered":"<p>Mon soutien psy, ce sont des s\u00e9ances d\u2019accompagnement avec un psychologue, rembours\u00e9es par l\u2019Assurance Maladie.<br \/>\nMon soutien psy Toute personne en souffrance psychique d\u2019intensit\u00e9 l\u00e9g\u00e8re \u00e0 mod\u00e9r\u00e9e peut b\u00e9n\u00e9ficier de s\u00e9ances rembours\u00e9es chez un psychologue partenaire ;<br \/>\n\u2014<br \/>\nUn dispositif pour toute la population \u00e0 partir de 3 ans ;<br \/>\n\u2014<br \/>\nJusqu\u2019\u00e0 12 s\u00e9ances d\u2019accompagnement psychologique rembours\u00e9es par ann\u00e9e civile.<\/p>\n<p>(version 2025, pdf 1300 ko)<\/p>\n<p><a href=\"https:\/\/extranet.infocpam.fr\/partenaires\/wp-content\/uploads\/2022\/04\/Mon-soutien_PSY_AFF_297X420.pdf\">Voir l&rsquo;affiche Mon soutien_PSY<\/a><\/p>\n","protected":false},"excerpt":{"rendered":"<p>Mon soutien psy, ce sont des s\u00e9ances d\u2019accompagnement avec un psychologue, rembours\u00e9es par l\u2019Assurance Maladie. &hellip; <\/p>\n","protected":false},"featured_media":3302,"template":"","meta":{"om_disable_all_campaigns":false,"_monsterinsights_skip_tracking":false,"_monsterinsights_sitenote_active":false,"_monsterinsights_sitenote_note":"","_monsterinsights_sitenote_category":0},"product_brand":[],"product_cat":[23,17],"product_tag":[37,50],"class_list":{"0":"post-3303","1":"product","2":"type-product","3":"status-publish","4":"has-post-thumbnail","6":"product_cat-a3","7":"product_cat-flyer","8":"product_tag-acces-aux-soins","9":"product_tag-services-cpam","11":"first","12":"instock","13":"shipping-taxable","14":"purchasable","15":"product-type-simple"},"aioseo_notices":[],"jetpack_sharing_enabled":true,"_links":{"self":[{"href":"https:\/\/extranet.infocpam.fr\/partenaires\/wp-json\/wp\/v2\/product\/3303","targetHints":{"allow":["GET"]}}],"collection":[{"href":"https:\/\/extranet.infocpam.fr\/partenaires\/wp-json\/wp\/v2\/product"}],"about":[{"href":"https:\/\/extranet.infocpam.fr\/partenaires\/wp-json\/wp\/v2\/types\/product"}],"wp:featuredmedia":[{"embeddable":true,"href":"https:\/\/extranet.infocpam.fr\/partenaires\/wp-json\/wp\/v2\/media\/3302"}],"wp:attachment":[{"href":"https:\/\/extranet.infocpam.fr\/partenaires\/wp-json\/wp\/v2\/media?parent=3303"}],"wp:term":[{"taxonomy":"product_brand","embeddable":true,"href":"https:\/\/extranet.infocpam.fr\/partenaires\/wp-json\/wp\/v2\/product_brand?post=3303"},{"taxonomy":"product_cat","embeddable":true,"href":"https:\/\/extranet.infocpam.fr\/partenaires\/wp-json\/wp\/v2\/product_cat?post=3303"},{"taxonomy":"product_tag","embeddable":true,"href":"https:\/\/extranet.infocpam.fr\/partenaires\/wp-json\/wp\/v2\/product_tag?post=3303"}],"curies":[{"name":"wp","href":"https:\/\/api.w.org\/{rel}","templated":true}]}}