{"id":3176,"date":"2025-02-06T11:40:12","date_gmt":"2025-02-06T10:40:12","guid":{"rendered":"https:\/\/extranet.infocpam.fr\/partenaires\/?post_type=product&#038;p=3176"},"modified":"2025-02-10T14:02:53","modified_gmt":"2025-02-10T13:02:53","slug":"triptyque-rct-le-bon-reflexe-si-votre-blessure-est-causee-par-un-tiers-dites-le-sur-ameli-fr","status":"publish","type":"product","link":"https:\/\/extranet.infocpam.fr\/partenaires\/produit\/triptyque-rct-le-bon-reflexe-si-votre-blessure-est-causee-par-un-tiers-dites-le-sur-ameli-fr\/","title":{"rendered":"Triptyque RCT : LE BON R\u00c9FLEXE : Si votre blessure est caus\u00e9e par un tiers, dites-le sur ameli.fr"},"content":{"rendered":"<p>Ce flyer 3 volets est destin\u00e9 au grand public.<\/p>\n<p><a href=\"https:\/\/extranet.infocpam.fr\/partenaires\/wp-content\/uploads\/2025\/02\/20240730_RCT_FLYER_3volets.pdf\">Voir le flyer RCT 3 volets<\/a> (pdf, 232 ko)<\/p>\n<p>Version : 07\/2024<\/p>\n","protected":false},"excerpt":{"rendered":"<p>&nbsp;<\/p>\n<p>&nbsp;<\/p>\n","protected":false},"featured_media":3179,"template":"","meta":{"om_disable_all_campaigns":false,"_monsterinsights_skip_tracking":false,"_monsterinsights_sitenote_active":false,"_monsterinsights_sitenote_note":"","_monsterinsights_sitenote_category":0},"product_brand":[],"product_cat":[83],"product_tag":[40,57],"class_list":{"0":"post-3176","1":"product","2":"type-product","3":"status-publish","4":"has-post-thumbnail","6":"product_cat-triptyque","7":"product_tag-ameli","8":"product_tag-victime-accident","9":"product_shipping_class-montbeliard","11":"first","12":"instock","13":"shipping-taxable","14":"purchasable","15":"product-type-simple"},"aioseo_notices":[],"jetpack_sharing_enabled":true,"_links":{"self":[{"href":"https:\/\/extranet.infocpam.fr\/partenaires\/wp-json\/wp\/v2\/product\/3176","targetHints":{"allow":["GET"]}}],"collection":[{"href":"https:\/\/extranet.infocpam.fr\/partenaires\/wp-json\/wp\/v2\/product"}],"about":[{"href":"https:\/\/extranet.infocpam.fr\/partenaires\/wp-json\/wp\/v2\/types\/product"}],"wp:featuredmedia":[{"embeddable":true,"href":"https:\/\/extranet.infocpam.fr\/partenaires\/wp-json\/wp\/v2\/media\/3179"}],"wp:attachment":[{"href":"https:\/\/extranet.infocpam.fr\/partenaires\/wp-json\/wp\/v2\/media?parent=3176"}],"wp:term":[{"taxonomy":"product_brand","embeddable":true,"href":"https:\/\/extranet.infocpam.fr\/partenaires\/wp-json\/wp\/v2\/product_brand?post=3176"},{"taxonomy":"product_cat","embeddable":true,"href":"https:\/\/extranet.infocpam.fr\/partenaires\/wp-json\/wp\/v2\/product_cat?post=3176"},{"taxonomy":"product_tag","embeddable":true,"href":"https:\/\/extranet.infocpam.fr\/partenaires\/wp-json\/wp\/v2\/product_tag?post=3176"}],"curies":[{"name":"wp","href":"https:\/\/api.w.org\/{rel}","templated":true}]}}