{"id":3124,"date":"2024-12-17T09:56:23","date_gmt":"2024-12-17T08:56:23","guid":{"rendered":"https:\/\/extranet.infocpam.fr\/partenaires\/?post_type=product&#038;p=3124"},"modified":"2024-12-17T11:00:35","modified_gmt":"2024-12-17T10:00:35","slug":"memo-soins-ecoresponsables-dispositifs-medicaux-non-ouverts","status":"publish","type":"product","link":"https:\/\/extranet.infocpam.fr\/partenaires\/produit\/memo-soins-ecoresponsables-dispositifs-medicaux-non-ouverts\/","title":{"rendered":"M\u00e9mo soins \u00e9coresponsables dispositifs m\u00e9dicaux non ouverts"},"content":{"rendered":"<p>A destination des pharmaciens :<\/p>\n<p>M\u00e9mo soins \u00e9coresponsables dispositifs m\u00e9dicaux non ouverts<\/p>\n<p>&nbsp;<\/p>\n<p><a href=\"https:\/\/extranet.infocpam.fr\/partenaires\/wp-content\/uploads\/2024\/12\/Memo-soins-ecoresponsables-dispositifs-medicaux-non-ouverts_394Ko.pdf\">Voir le m\u00e9mo<\/a>\u00a0(pdf, 394 ko)<\/p>\n","protected":false},"excerpt":{"rendered":"<p>A destination des pharmaciens : M\u00e9mo soins \u00e9coresponsables dispositifs m\u00e9dicaux non ouverts &nbsp; Voir le &hellip; <\/p>\n","protected":false},"featured_media":3128,"template":"","meta":{"om_disable_all_campaigns":false,"_monsterinsights_skip_tracking":false,"_monsterinsights_sitenote_active":false,"_monsterinsights_sitenote_note":"","_monsterinsights_sitenote_category":0},"product_brand":[],"product_cat":[84],"product_tag":[43],"class_list":{"0":"post-3124","1":"product","2":"type-product","3":"status-publish","4":"has-post-thumbnail","6":"product_cat-memo","7":"product_tag-professionnels-de-sante","9":"first","10":"onbackorder","11":"shipping-taxable","12":"purchasable","13":"product-type-simple"},"aioseo_notices":[],"jetpack_sharing_enabled":true,"_links":{"self":[{"href":"https:\/\/extranet.infocpam.fr\/partenaires\/wp-json\/wp\/v2\/product\/3124","targetHints":{"allow":["GET"]}}],"collection":[{"href":"https:\/\/extranet.infocpam.fr\/partenaires\/wp-json\/wp\/v2\/product"}],"about":[{"href":"https:\/\/extranet.infocpam.fr\/partenaires\/wp-json\/wp\/v2\/types\/product"}],"wp:featuredmedia":[{"embeddable":true,"href":"https:\/\/extranet.infocpam.fr\/partenaires\/wp-json\/wp\/v2\/media\/3128"}],"wp:attachment":[{"href":"https:\/\/extranet.infocpam.fr\/partenaires\/wp-json\/wp\/v2\/media?parent=3124"}],"wp:term":[{"taxonomy":"product_brand","embeddable":true,"href":"https:\/\/extranet.infocpam.fr\/partenaires\/wp-json\/wp\/v2\/product_brand?post=3124"},{"taxonomy":"product_cat","embeddable":true,"href":"https:\/\/extranet.infocpam.fr\/partenaires\/wp-json\/wp\/v2\/product_cat?post=3124"},{"taxonomy":"product_tag","embeddable":true,"href":"https:\/\/extranet.infocpam.fr\/partenaires\/wp-json\/wp\/v2\/product_tag?post=3124"}],"curies":[{"name":"wp","href":"https:\/\/api.w.org\/{rel}","templated":true}]}}