{"id":3099,"date":"2024-11-20T14:51:13","date_gmt":"2024-11-20T13:51:13","guid":{"rendered":"https:\/\/extranet.infocpam.fr\/partenaires\/?post_type=product&#038;p=3099"},"modified":"2025-06-19T13:47:22","modified_gmt":"2025-06-19T11:47:22","slug":"affiche-medicament-le-bon-traitement-ce-nest-pas-forcement-un-medicament","status":"publish","type":"product","link":"https:\/\/extranet.infocpam.fr\/partenaires\/produit\/affiche-medicament-le-bon-traitement-ce-nest-pas-forcement-un-medicament\/","title":{"rendered":"Affiche m\u00e9dicament : Le bon traitement, ce n&rsquo;est pas forc\u00e9ment un m\u00e9dicament"},"content":{"rendered":"<p>\u00c0 destination des partenaires et des assur\u00e9s<\/p>\n<p>Affiche m\u00e9dicament : Le bon traitement, ce n&rsquo;est pas forc\u00e9ment un m\u00e9dicament<\/p>\n<p><a href=\"https:\/\/extranet.infocpam.fr\/partenaires\/wp-content\/uploads\/2024\/11\/Affiche-medicament.pdf\">Voir l&rsquo;affiche m\u00e9dicament<\/a>\u00a0(pdf 187 ko)<\/p>\n","protected":false},"excerpt":{"rendered":"<p>\u00c0 destination des partenaires et des assur\u00e9s Affiche m\u00e9dicament : Le bon traitement, ce n&rsquo;est &hellip; <\/p>\n","protected":false},"featured_media":3101,"template":"","meta":{"om_disable_all_campaigns":false,"_monsterinsights_skip_tracking":false,"_monsterinsights_sitenote_active":false,"_monsterinsights_sitenote_note":"","_monsterinsights_sitenote_category":0},"product_brand":[],"product_cat":[23,21],"product_tag":[],"class_list":{"0":"post-3099","1":"product","2":"type-product","3":"status-publish","4":"has-post-thumbnail","6":"product_cat-a3","7":"product_cat-a4","8":"product_shipping_class-montbeliard","10":"first","11":"instock","12":"shipping-taxable","13":"purchasable","14":"product-type-simple"},"aioseo_notices":[],"jetpack_sharing_enabled":true,"_links":{"self":[{"href":"https:\/\/extranet.infocpam.fr\/partenaires\/wp-json\/wp\/v2\/product\/3099","targetHints":{"allow":["GET"]}}],"collection":[{"href":"https:\/\/extranet.infocpam.fr\/partenaires\/wp-json\/wp\/v2\/product"}],"about":[{"href":"https:\/\/extranet.infocpam.fr\/partenaires\/wp-json\/wp\/v2\/types\/product"}],"wp:featuredmedia":[{"embeddable":true,"href":"https:\/\/extranet.infocpam.fr\/partenaires\/wp-json\/wp\/v2\/media\/3101"}],"wp:attachment":[{"href":"https:\/\/extranet.infocpam.fr\/partenaires\/wp-json\/wp\/v2\/media?parent=3099"}],"wp:term":[{"taxonomy":"product_brand","embeddable":true,"href":"https:\/\/extranet.infocpam.fr\/partenaires\/wp-json\/wp\/v2\/product_brand?post=3099"},{"taxonomy":"product_cat","embeddable":true,"href":"https:\/\/extranet.infocpam.fr\/partenaires\/wp-json\/wp\/v2\/product_cat?post=3099"},{"taxonomy":"product_tag","embeddable":true,"href":"https:\/\/extranet.infocpam.fr\/partenaires\/wp-json\/wp\/v2\/product_tag?post=3099"}],"curies":[{"name":"wp","href":"https:\/\/api.w.org\/{rel}","templated":true}]}}