{"id":3066,"date":"2024-10-28T10:15:45","date_gmt":"2024-10-28T09:15:45","guid":{"rendered":"https:\/\/extranet.infocpam.fr\/partenaires\/?post_type=product&#038;p=3066"},"modified":"2024-10-28T10:38:45","modified_gmt":"2024-10-28T09:38:45","slug":"campagne-larret-maladie-cest-prescrit-trop-cest-proscrit-2","status":"publish","type":"product","link":"https:\/\/extranet.infocpam.fr\/partenaires\/produit\/campagne-larret-maladie-cest-prescrit-trop-cest-proscrit-2\/","title":{"rendered":"Campagne \u00ab\u00a0L&rsquo;Arr\u00eat maladie, c&rsquo;est prescrit, Trop c&rsquo;est proscrit (2)"},"content":{"rendered":"<p>La CPAM du Doubs met \u00e0 disposition des entreprises du d\u00e9partement quatre affiches pour diffuser ces messages essentiels<\/p>\n<p><a href=\"https:\/\/extranet.infocpam.fr\/partenaires\/wp-content\/uploads\/2024\/10\/Campagne-affiches-IJ-FINAL-2.pdf\">Voir l&rsquo;affiche N\u00b02<\/a> (pdf 3100 ko)<\/p>\n","protected":false},"excerpt":{"rendered":"<p>Affiche arr\u00eat de travail pour maladie<\/p>\n<p>Version 2024<\/p>\n","protected":false},"featured_media":3064,"template":"","meta":{"om_disable_all_campaigns":false,"_monsterinsights_skip_tracking":false,"_monsterinsights_sitenote_active":false,"_monsterinsights_sitenote_note":"","_monsterinsights_sitenote_category":0},"product_brand":[],"product_cat":[23],"product_tag":[85,42],"class_list":{"0":"post-3066","1":"product","2":"type-product","3":"status-publish","4":"has-post-thumbnail","6":"product_cat-a3","7":"product_tag-arret-de-travail","8":"product_tag-maitrise-medicalisee","9":"product_shipping_class-montbeliard","11":"first","12":"onbackorder","13":"shipping-taxable","14":"purchasable","15":"product-type-simple"},"aioseo_notices":[],"jetpack_sharing_enabled":true,"_links":{"self":[{"href":"https:\/\/extranet.infocpam.fr\/partenaires\/wp-json\/wp\/v2\/product\/3066","targetHints":{"allow":["GET"]}}],"collection":[{"href":"https:\/\/extranet.infocpam.fr\/partenaires\/wp-json\/wp\/v2\/product"}],"about":[{"href":"https:\/\/extranet.infocpam.fr\/partenaires\/wp-json\/wp\/v2\/types\/product"}],"wp:featuredmedia":[{"embeddable":true,"href":"https:\/\/extranet.infocpam.fr\/partenaires\/wp-json\/wp\/v2\/media\/3064"}],"wp:attachment":[{"href":"https:\/\/extranet.infocpam.fr\/partenaires\/wp-json\/wp\/v2\/media?parent=3066"}],"wp:term":[{"taxonomy":"product_brand","embeddable":true,"href":"https:\/\/extranet.infocpam.fr\/partenaires\/wp-json\/wp\/v2\/product_brand?post=3066"},{"taxonomy":"product_cat","embeddable":true,"href":"https:\/\/extranet.infocpam.fr\/partenaires\/wp-json\/wp\/v2\/product_cat?post=3066"},{"taxonomy":"product_tag","embeddable":true,"href":"https:\/\/extranet.infocpam.fr\/partenaires\/wp-json\/wp\/v2\/product_tag?post=3066"}],"curies":[{"name":"wp","href":"https:\/\/api.w.org\/{rel}","templated":true}]}}