{"id":3020,"date":"2024-10-02T09:24:53","date_gmt":"2024-10-02T07:24:53","guid":{"rendered":"https:\/\/extranet.infocpam.fr\/partenaires\/?post_type=product&#038;p=3020"},"modified":"2025-12-12T13:30:56","modified_gmt":"2025-12-12T12:30:56","slug":"memo-depotdoc","status":"publish","type":"product","link":"https:\/\/extranet.infocpam.fr\/partenaires\/produit\/memo-depotdoc\/","title":{"rendered":"M\u00e9mo DEPOTDOC"},"content":{"rendered":"<p>Afin de transmettre des documents sans se d\u00e9placer, rapidement et en toute s\u00e9curit\u00e9, la CPAM du Doubs propose aux assur\u00e9s du d\u00e9partement, le service en ligne <a title=\"site externe cpam25.depotdoc.fr (nouvelle fen\u00eatre)\" href=\"https:\/\/cpam25.depotdoc.fr\" target=\"_blank\" rel=\"nofollow noopener\" data-xiti-chapter-1=\"\" data-xiti-chapter-2=\"\" data-xiti-chapter-3=\"\" data-xiti-level-2=\"1\" data-xiti-name=\"https:\/\/cpam25.depotdoc.fr\" data-xiti-type=\"download\" data-once=\"ameli_xiti\">depotdoc.fr<\/a><\/p>\n<p><a href=\"https:\/\/extranet.infocpam.fr\/partenaires\/wp-content\/uploads\/2024\/10\/2025-08-Memo-DepotDoc-CPAM25-V2.pdf\">Voir le\u00a0 M\u00e9mo DepotDoc<\/a>(pdf, 296 ko)<\/p>\n<p>&nbsp;<\/p>\n<p>Version 2025<\/p>\n","protected":false},"excerpt":{"rendered":"<p>Afin de transmettre des documents sans se d\u00e9placer, rapidement et en toute s\u00e9curit\u00e9, la CPAM &hellip; <\/p>\n","protected":false},"featured_media":3477,"template":"","meta":{"om_disable_all_campaigns":false,"_monsterinsights_skip_tracking":false,"_monsterinsights_sitenote_active":false,"_monsterinsights_sitenote_note":"","_monsterinsights_sitenote_category":0},"product_brand":[],"product_cat":[62],"product_tag":[50],"class_list":{"0":"post-3020","1":"product","2":"type-product","3":"status-publish","4":"has-post-thumbnail","6":"product_cat-a5","7":"product_tag-services-cpam","9":"first","10":"instock","11":"shipping-taxable","12":"purchasable","13":"product-type-simple"},"aioseo_notices":[],"jetpack_sharing_enabled":true,"_links":{"self":[{"href":"https:\/\/extranet.infocpam.fr\/partenaires\/wp-json\/wp\/v2\/product\/3020","targetHints":{"allow":["GET"]}}],"collection":[{"href":"https:\/\/extranet.infocpam.fr\/partenaires\/wp-json\/wp\/v2\/product"}],"about":[{"href":"https:\/\/extranet.infocpam.fr\/partenaires\/wp-json\/wp\/v2\/types\/product"}],"wp:featuredmedia":[{"embeddable":true,"href":"https:\/\/extranet.infocpam.fr\/partenaires\/wp-json\/wp\/v2\/media\/3477"}],"wp:attachment":[{"href":"https:\/\/extranet.infocpam.fr\/partenaires\/wp-json\/wp\/v2\/media?parent=3020"}],"wp:term":[{"taxonomy":"product_brand","embeddable":true,"href":"https:\/\/extranet.infocpam.fr\/partenaires\/wp-json\/wp\/v2\/product_brand?post=3020"},{"taxonomy":"product_cat","embeddable":true,"href":"https:\/\/extranet.infocpam.fr\/partenaires\/wp-json\/wp\/v2\/product_cat?post=3020"},{"taxonomy":"product_tag","embeddable":true,"href":"https:\/\/extranet.infocpam.fr\/partenaires\/wp-json\/wp\/v2\/product_tag?post=3020"}],"curies":[{"name":"wp","href":"https:\/\/api.w.org\/{rel}","templated":true}]}}