{"id":3015,"date":"2024-10-02T09:23:44","date_gmt":"2024-10-02T07:23:44","guid":{"rendered":"https:\/\/extranet.infocpam.fr\/partenaires\/?post_type=product&#038;p=3015"},"modified":"2025-09-02T16:51:40","modified_gmt":"2025-09-02T14:51:40","slug":"affiche-depotdoc","status":"publish","type":"product","link":"https:\/\/extranet.infocpam.fr\/partenaires\/produit\/affiche-depotdoc\/","title":{"rendered":"Affiche DEPOTDOC"},"content":{"rendered":"<p>Afin de transmettre des documents sans se d\u00e9placer, rapidement et en toute s\u00e9curit\u00e9, la CPAM du Doubs propose aux assur\u00e9s du d\u00e9partement, le service en ligne <a title=\"site externe cpam25.depotdoc.fr (nouvelle fen\u00eatre)\" href=\"https:\/\/cpam25.depotdoc.fr\" target=\"_blank\" rel=\"nofollow noopener\" data-xiti-chapter-1=\"\" data-xiti-chapter-2=\"\" data-xiti-chapter-3=\"\" data-xiti-level-2=\"1\" data-xiti-name=\"https:\/\/cpam25.depotdoc.fr\" data-xiti-type=\"download\" data-once=\"ameli_xiti\">depotdoc.fr<\/a><\/p>\n<p><a href=\"https:\/\/extranet.infocpam.fr\/partenaires\/wp-content\/uploads\/2024\/10\/2025-08-Affiche-DepotDoc-CPAM25-V2.pdf\">Voir l\u2019affiche<\/a>(pdf, 294 ko)<\/p>\n<p>Version 2025<\/p>\n","protected":false},"excerpt":{"rendered":"<p>Afin de transmettre des documents sans se d\u00e9placer, rapidement et en toute s\u00e9curit\u00e9, la CPAM &hellip; <\/p>\n","protected":false},"featured_media":3478,"template":"","meta":{"om_disable_all_campaigns":false,"_monsterinsights_skip_tracking":false,"_monsterinsights_sitenote_active":false,"_monsterinsights_sitenote_note":"","_monsterinsights_sitenote_category":0},"product_brand":[],"product_cat":[22,23],"product_tag":[50],"class_list":{"0":"post-3015","1":"product","2":"type-product","3":"status-publish","4":"has-post-thumbnail","6":"product_cat-40x60","7":"product_cat-a3","8":"product_tag-services-cpam","10":"first","11":"instock","12":"shipping-taxable","13":"purchasable","14":"product-type-simple"},"aioseo_notices":[],"jetpack_sharing_enabled":true,"_links":{"self":[{"href":"https:\/\/extranet.infocpam.fr\/partenaires\/wp-json\/wp\/v2\/product\/3015","targetHints":{"allow":["GET"]}}],"collection":[{"href":"https:\/\/extranet.infocpam.fr\/partenaires\/wp-json\/wp\/v2\/product"}],"about":[{"href":"https:\/\/extranet.infocpam.fr\/partenaires\/wp-json\/wp\/v2\/types\/product"}],"wp:featuredmedia":[{"embeddable":true,"href":"https:\/\/extranet.infocpam.fr\/partenaires\/wp-json\/wp\/v2\/media\/3478"}],"wp:attachment":[{"href":"https:\/\/extranet.infocpam.fr\/partenaires\/wp-json\/wp\/v2\/media?parent=3015"}],"wp:term":[{"taxonomy":"product_brand","embeddable":true,"href":"https:\/\/extranet.infocpam.fr\/partenaires\/wp-json\/wp\/v2\/product_brand?post=3015"},{"taxonomy":"product_cat","embeddable":true,"href":"https:\/\/extranet.infocpam.fr\/partenaires\/wp-json\/wp\/v2\/product_cat?post=3015"},{"taxonomy":"product_tag","embeddable":true,"href":"https:\/\/extranet.infocpam.fr\/partenaires\/wp-json\/wp\/v2\/product_tag?post=3015"}],"curies":[{"name":"wp","href":"https:\/\/api.w.org\/{rel}","templated":true}]}}