{"id":2998,"date":"2024-09-23T14:15:08","date_gmt":"2024-09-23T12:15:08","guid":{"rendered":"https:\/\/extranet.infocpam.fr\/partenaires\/?post_type=product&#038;p=2998"},"modified":"2024-09-23T14:29:19","modified_gmt":"2024-09-23T12:29:19","slug":"memo-sages-femmes-et-sante-environnementale","status":"publish","type":"product","link":"https:\/\/extranet.infocpam.fr\/partenaires\/produit\/memo-sages-femmes-et-sante-environnementale\/","title":{"rendered":"M\u00e9mo : Sages femmes et sant\u00e9 environnementale"},"content":{"rendered":"<p>M\u00e9mo \u00e0 destination des professionnels de sant\u00e9 :<\/p>\n<p>Sages femmes et sant\u00e9 environnementale Conseils et ressources pour sensibiliser les patientes<\/p>\n<p>&nbsp;<\/p>\n<p><a href=\"https:\/\/extranet.infocpam.fr\/partenaires\/wp-content\/uploads\/2024\/09\/Memo_sages_femmes-BFC_Sante-environnement_vf.pdf\">Voir le m\u00e9mo<\/a> (pdf, 911 ko)<\/p>\n","protected":false},"excerpt":{"rendered":"<p>M\u00e9mo \u00e0 destination des professionnels de sant\u00e9 : Sages femmes et sant\u00e9 environnementale Conseils et &hellip; <\/p>\n","protected":false},"featured_media":3002,"template":"","meta":{"om_disable_all_campaigns":false,"_monsterinsights_skip_tracking":false,"_monsterinsights_sitenote_active":false,"_monsterinsights_sitenote_note":"","_monsterinsights_sitenote_category":0},"product_brand":[],"product_cat":[84,16],"product_tag":[],"class_list":{"0":"post-2998","1":"product","2":"type-product","3":"status-publish","4":"has-post-thumbnail","6":"product_cat-memo","7":"product_cat-non-classe","9":"first","10":"onbackorder","11":"shipping-taxable","12":"purchasable","13":"product-type-simple"},"aioseo_notices":[],"jetpack_sharing_enabled":true,"_links":{"self":[{"href":"https:\/\/extranet.infocpam.fr\/partenaires\/wp-json\/wp\/v2\/product\/2998","targetHints":{"allow":["GET"]}}],"collection":[{"href":"https:\/\/extranet.infocpam.fr\/partenaires\/wp-json\/wp\/v2\/product"}],"about":[{"href":"https:\/\/extranet.infocpam.fr\/partenaires\/wp-json\/wp\/v2\/types\/product"}],"wp:featuredmedia":[{"embeddable":true,"href":"https:\/\/extranet.infocpam.fr\/partenaires\/wp-json\/wp\/v2\/media\/3002"}],"wp:attachment":[{"href":"https:\/\/extranet.infocpam.fr\/partenaires\/wp-json\/wp\/v2\/media?parent=2998"}],"wp:term":[{"taxonomy":"product_brand","embeddable":true,"href":"https:\/\/extranet.infocpam.fr\/partenaires\/wp-json\/wp\/v2\/product_brand?post=2998"},{"taxonomy":"product_cat","embeddable":true,"href":"https:\/\/extranet.infocpam.fr\/partenaires\/wp-json\/wp\/v2\/product_cat?post=2998"},{"taxonomy":"product_tag","embeddable":true,"href":"https:\/\/extranet.infocpam.fr\/partenaires\/wp-json\/wp\/v2\/product_tag?post=2998"}],"curies":[{"name":"wp","href":"https:\/\/api.w.org\/{rel}","templated":true}]}}