{"id":2945,"date":"2024-07-15T11:04:08","date_gmt":"2024-07-15T09:04:08","guid":{"rendered":"https:\/\/extranet.infocpam.fr\/partenaires\/?post_type=product&#038;p=2945"},"modified":"2026-03-27T12:00:32","modified_gmt":"2026-03-27T11:00:32","slug":"flyer-apprentis-alternants","status":"publish","type":"product","link":"https:\/\/extranet.infocpam.fr\/partenaires\/produit\/flyer-apprentis-alternants\/","title":{"rendered":"Flyer &#8211; APPRENTIS \/ ALTERNANTS"},"content":{"rendered":"<p>Le bon r\u00e9\ufb02exe pour \u00eatre bien rembours\u00e9 de vos soins et b\u00e9n\u00e9\ufb01cier d\u2019un salaire<br \/>\nde remplacement en cas d\u2019arr\u00eat de travail ou d\u2019accident de travail.<\/p>\n<p><a href=\"https:\/\/extranet.infocpam.fr\/partenaires\/wp-content\/uploads\/2024\/07\/Flyer-Alternant-V3.pdf\">Voir le flyer apprentis-alternants : (pdf, 2Mo)<\/a><\/p>\n","protected":false},"excerpt":{"rendered":"<p>Le bon r\u00e9\ufb02exe pour \u00eatre bien rembours\u00e9 de vos soins et b\u00e9n\u00e9\ufb01cier d\u2019un salaire de &hellip; <\/p>\n","protected":false},"featured_media":2947,"template":"","meta":{"om_disable_all_campaigns":false,"_monsterinsights_skip_tracking":false,"_monsterinsights_sitenote_active":false,"_monsterinsights_sitenote_note":"","_monsterinsights_sitenote_category":0},"product_brand":[],"product_cat":[62,17,16],"product_tag":[51],"class_list":{"0":"post-2945","1":"product","2":"type-product","3":"status-publish","4":"has-post-thumbnail","6":"product_cat-a5","7":"product_cat-flyer","8":"product_cat-non-classe","9":"product_tag-etudiants","11":"first","12":"onbackorder","13":"shipping-taxable","14":"purchasable","15":"product-type-simple"},"aioseo_notices":[],"jetpack_sharing_enabled":true,"_links":{"self":[{"href":"https:\/\/extranet.infocpam.fr\/partenaires\/wp-json\/wp\/v2\/product\/2945","targetHints":{"allow":["GET"]}}],"collection":[{"href":"https:\/\/extranet.infocpam.fr\/partenaires\/wp-json\/wp\/v2\/product"}],"about":[{"href":"https:\/\/extranet.infocpam.fr\/partenaires\/wp-json\/wp\/v2\/types\/product"}],"wp:featuredmedia":[{"embeddable":true,"href":"https:\/\/extranet.infocpam.fr\/partenaires\/wp-json\/wp\/v2\/media\/2947"}],"wp:attachment":[{"href":"https:\/\/extranet.infocpam.fr\/partenaires\/wp-json\/wp\/v2\/media?parent=2945"}],"wp:term":[{"taxonomy":"product_brand","embeddable":true,"href":"https:\/\/extranet.infocpam.fr\/partenaires\/wp-json\/wp\/v2\/product_brand?post=2945"},{"taxonomy":"product_cat","embeddable":true,"href":"https:\/\/extranet.infocpam.fr\/partenaires\/wp-json\/wp\/v2\/product_cat?post=2945"},{"taxonomy":"product_tag","embeddable":true,"href":"https:\/\/extranet.infocpam.fr\/partenaires\/wp-json\/wp\/v2\/product_tag?post=2945"}],"curies":[{"name":"wp","href":"https:\/\/api.w.org\/{rel}","templated":true}]}}