{"id":2919,"date":"2024-07-01T10:43:20","date_gmt":"2024-07-01T08:43:20","guid":{"rendered":"https:\/\/extranet.infocpam.fr\/partenaires\/?post_type=product&#038;p=2919"},"modified":"2025-08-13T10:31:26","modified_gmt":"2025-08-13T08:31:26","slug":"flyer-quel-remboursement-que-reste-t-il-a-votre-charge","status":"publish","type":"product","link":"https:\/\/extranet.infocpam.fr\/partenaires\/produit\/flyer-quel-remboursement-que-reste-t-il-a-votre-charge\/","title":{"rendered":"Flyer &#8211; Quel remboursement ? que reste-t-il \u00e0 votre charge ?"},"content":{"rendered":"<p>Pour pr\u00e9server notre syst\u00e8me de sant\u00e9, des participations forfaitaires, des franchises m\u00e9dicales ou un forfait hospitalier sont demand\u00e9s.<\/p>\n<p>Consultez le flyer \u00ab\u00a0<a href=\"https:\/\/extranet.infocpam.fr\/partenaires\/wp-content\/uploads\/2024\/07\/2024-09-flyer-reste-a-chargeSTC-1.pdf\">Quel remboursement ? que reste-t-il \u00e0 votre charge<\/a> (pdf, 438 ko)<\/p>\n","protected":false},"excerpt":{"rendered":"<p>Pour pr\u00e9server notre syst\u00e8me de sant\u00e9, des participations forfaitaires, des franchises m\u00e9dicales ou un forfait &hellip; <\/p>\n","protected":false},"featured_media":2914,"template":"","meta":{"om_disable_all_campaigns":false,"_monsterinsights_skip_tracking":false,"_monsterinsights_sitenote_active":false,"_monsterinsights_sitenote_note":"","_monsterinsights_sitenote_category":0},"product_brand":[],"product_cat":[16,83],"product_tag":[50],"class_list":{"0":"post-2919","1":"product","2":"type-product","3":"status-publish","4":"has-post-thumbnail","6":"product_cat-non-classe","7":"product_cat-triptyque","8":"product_tag-services-cpam","10":"first","11":"onbackorder","12":"shipping-taxable","13":"purchasable","14":"product-type-simple"},"aioseo_notices":[],"jetpack_sharing_enabled":true,"_links":{"self":[{"href":"https:\/\/extranet.infocpam.fr\/partenaires\/wp-json\/wp\/v2\/product\/2919","targetHints":{"allow":["GET"]}}],"collection":[{"href":"https:\/\/extranet.infocpam.fr\/partenaires\/wp-json\/wp\/v2\/product"}],"about":[{"href":"https:\/\/extranet.infocpam.fr\/partenaires\/wp-json\/wp\/v2\/types\/product"}],"wp:featuredmedia":[{"embeddable":true,"href":"https:\/\/extranet.infocpam.fr\/partenaires\/wp-json\/wp\/v2\/media\/2914"}],"wp:attachment":[{"href":"https:\/\/extranet.infocpam.fr\/partenaires\/wp-json\/wp\/v2\/media?parent=2919"}],"wp:term":[{"taxonomy":"product_brand","embeddable":true,"href":"https:\/\/extranet.infocpam.fr\/partenaires\/wp-json\/wp\/v2\/product_brand?post=2919"},{"taxonomy":"product_cat","embeddable":true,"href":"https:\/\/extranet.infocpam.fr\/partenaires\/wp-json\/wp\/v2\/product_cat?post=2919"},{"taxonomy":"product_tag","embeddable":true,"href":"https:\/\/extranet.infocpam.fr\/partenaires\/wp-json\/wp\/v2\/product_tag?post=2919"}],"curies":[{"name":"wp","href":"https:\/\/api.w.org\/{rel}","templated":true}]}}