{"id":2902,"date":"2024-06-27T10:38:21","date_gmt":"2024-06-27T08:38:21","guid":{"rendered":"https:\/\/extranet.infocpam.fr\/partenaires\/?post_type=product&#038;p=2902"},"modified":"2025-06-19T13:47:22","modified_gmt":"2025-06-19T11:47:22","slug":"affiche-ma-sante-au-feminin-ma-sage-femme","status":"publish","type":"product","link":"https:\/\/extranet.infocpam.fr\/partenaires\/produit\/affiche-ma-sante-au-feminin-ma-sage-femme\/","title":{"rendered":"Affiche Ma Sant\u00e9 au F\u00e9minin &#8211; Ma Sage-Femme"},"content":{"rendered":"<p>Affiche <strong>MSF (Ma Sant\u00e9 au F\u00e9minin &#8211; Ma Sage-Femme)<\/strong> propos\u00e9e par la CPAM du Doubs.<\/p>\n<p><a href=\"https:\/\/extranet.infocpam.fr\/partenaires\/wp-content\/uploads\/2024\/06\/Affiche-MSF-V3-1.pdf\">Affiche MSF<\/a> (pdf, 1 427ko)<\/p>\n","protected":false},"excerpt":{"rendered":"<p>Affiche MSF (Ma Sant\u00e9 au F\u00e9minin &#8211; Ma Sage-Femme) propos\u00e9e par la CPAM du Doubs. &hellip; <\/p>\n","protected":false},"featured_media":2904,"template":"","meta":{"om_disable_all_campaigns":false,"_monsterinsights_skip_tracking":false,"_monsterinsights_sitenote_active":false,"_monsterinsights_sitenote_note":"","_monsterinsights_sitenote_category":0},"product_brand":[],"product_cat":[23,21,20],"product_tag":[],"class_list":{"0":"post-2902","1":"product","2":"type-product","3":"status-publish","4":"has-post-thumbnail","6":"product_cat-a3","7":"product_cat-a4","8":"product_cat-affiches","10":"first","11":"instock","12":"shipping-taxable","13":"purchasable","14":"product-type-simple"},"aioseo_notices":[],"jetpack_sharing_enabled":true,"_links":{"self":[{"href":"https:\/\/extranet.infocpam.fr\/partenaires\/wp-json\/wp\/v2\/product\/2902","targetHints":{"allow":["GET"]}}],"collection":[{"href":"https:\/\/extranet.infocpam.fr\/partenaires\/wp-json\/wp\/v2\/product"}],"about":[{"href":"https:\/\/extranet.infocpam.fr\/partenaires\/wp-json\/wp\/v2\/types\/product"}],"wp:featuredmedia":[{"embeddable":true,"href":"https:\/\/extranet.infocpam.fr\/partenaires\/wp-json\/wp\/v2\/media\/2904"}],"wp:attachment":[{"href":"https:\/\/extranet.infocpam.fr\/partenaires\/wp-json\/wp\/v2\/media?parent=2902"}],"wp:term":[{"taxonomy":"product_brand","embeddable":true,"href":"https:\/\/extranet.infocpam.fr\/partenaires\/wp-json\/wp\/v2\/product_brand?post=2902"},{"taxonomy":"product_cat","embeddable":true,"href":"https:\/\/extranet.infocpam.fr\/partenaires\/wp-json\/wp\/v2\/product_cat?post=2902"},{"taxonomy":"product_tag","embeddable":true,"href":"https:\/\/extranet.infocpam.fr\/partenaires\/wp-json\/wp\/v2\/product_tag?post=2902"}],"curies":[{"name":"wp","href":"https:\/\/api.w.org\/{rel}","templated":true}]}}