{"id":2823,"date":"2024-05-17T15:49:31","date_gmt":"2024-05-17T13:49:31","guid":{"rendered":"https:\/\/extranet.infocpam.fr\/partenaires\/?post_type=product&#038;p=2823"},"modified":"2026-04-22T12:19:07","modified_gmt":"2026-04-22T10:19:07","slug":"affiche-juin-jaune-fais-griller-tes-saucisses-pas-ta-peau","status":"publish","type":"product","link":"https:\/\/extranet.infocpam.fr\/partenaires\/produit\/affiche-juin-jaune-fais-griller-tes-saucisses-pas-ta-peau\/","title":{"rendered":"Affiche Juin jaune : Fais griller tes saucisses, pas ta peau !"},"content":{"rendered":"<p>Affiche sur les risques solaires<\/p>\n<p>Dans le cadre de la campagne Juin Jaune 2024, la CPAM du Doubs\/MSA FC\/MGEN et le CHU Minjoz Besan\u00e7on s\u2019associent \u00e0 l\u2019action Juin Jaune port\u00e9e par les dermatologues de Franche-Comt\u00e9 (ASFODER @ A fleur de peau) et de Bourgogne pour vous informer sur les risques solaires et se prot\u00e9ger.<\/p>\n<p>&nbsp;<\/p>\n<p><a href=\"https:\/\/extranet.infocpam.fr\/partenaires\/wp-content\/uploads\/2024\/05\/2024-05-Juin-jaune-saucisse.pdf\" target=\"_blank\" rel=\"noopener\">Voir l&rsquo;affiche <\/a>(pdf, 796 ko)<\/p>\n","protected":false},"excerpt":{"rendered":"<p>Affiche sur les risques solaires Dans le cadre de la campagne Juin Jaune 2024, la &hellip; <\/p>\n","protected":false},"featured_media":2854,"template":"","meta":{"om_disable_all_campaigns":false,"_monsterinsights_skip_tracking":false,"_monsterinsights_sitenote_active":false,"_monsterinsights_sitenote_note":"","_monsterinsights_sitenote_category":0},"product_brand":[],"product_cat":[23,21,20],"product_tag":[70,55],"class_list":{"0":"post-2823","1":"product","2":"type-product","3":"status-publish","4":"has-post-thumbnail","6":"product_cat-a3","7":"product_cat-a4","8":"product_cat-affiches","9":"product_tag-prevention","10":"product_tag-prevention-cancers","12":"first","13":"onbackorder","14":"shipping-taxable","15":"purchasable","16":"product-type-variable"},"aioseo_notices":[],"jetpack_sharing_enabled":true,"_links":{"self":[{"href":"https:\/\/extranet.infocpam.fr\/partenaires\/wp-json\/wp\/v2\/product\/2823","targetHints":{"allow":["GET"]}}],"collection":[{"href":"https:\/\/extranet.infocpam.fr\/partenaires\/wp-json\/wp\/v2\/product"}],"about":[{"href":"https:\/\/extranet.infocpam.fr\/partenaires\/wp-json\/wp\/v2\/types\/product"}],"wp:featuredmedia":[{"embeddable":true,"href":"https:\/\/extranet.infocpam.fr\/partenaires\/wp-json\/wp\/v2\/media\/2854"}],"wp:attachment":[{"href":"https:\/\/extranet.infocpam.fr\/partenaires\/wp-json\/wp\/v2\/media?parent=2823"}],"wp:term":[{"taxonomy":"product_brand","embeddable":true,"href":"https:\/\/extranet.infocpam.fr\/partenaires\/wp-json\/wp\/v2\/product_brand?post=2823"},{"taxonomy":"product_cat","embeddable":true,"href":"https:\/\/extranet.infocpam.fr\/partenaires\/wp-json\/wp\/v2\/product_cat?post=2823"},{"taxonomy":"product_tag","embeddable":true,"href":"https:\/\/extranet.infocpam.fr\/partenaires\/wp-json\/wp\/v2\/product_tag?post=2823"}],"curies":[{"name":"wp","href":"https:\/\/api.w.org\/{rel}","templated":true}]}}