{"id":2601,"date":"2024-02-05T11:12:18","date_gmt":"2024-02-05T10:12:18","guid":{"rendered":"https:\/\/extranet.infocpam.fr\/partenaires\/?post_type=product&#038;p=2601"},"modified":"2024-09-20T18:56:11","modified_gmt":"2024-09-20T16:56:11","slug":"affiche-complementaire-sante-solidaire","status":"publish","type":"product","link":"https:\/\/extranet.infocpam.fr\/partenaires\/produit\/affiche-complementaire-sante-solidaire\/","title":{"rendered":"Affiche &#8211; Compl\u00e9mentaire sant\u00e9 solidaire"},"content":{"rendered":"<p>Affiche &#8211; CSS<\/p>\n<p>Avec elle, plus aucun frais de sant\u00e9 \u00e0 payer<\/p>\n<p><a href=\"https:\/\/extranet.infocpam.fr\/partenaires\/wp-content\/uploads\/2024\/02\/HD_STDC_90726_CNAM_CSS_AFF_A3.pdf\">T\u00e9l\u00e9charger l&rsquo;affiche<\/a> (pdf, 2321 ko)<\/p>\n","protected":false},"excerpt":{"rendered":"<p>Affiche &#8211; CSS Avec elle, plus aucun frais de sant\u00e9 \u00e0 payer T\u00e9l\u00e9charger l&rsquo;affiche (pdf, &hellip; <\/p>\n","protected":false},"featured_media":2603,"template":"","meta":{"om_disable_all_campaigns":false,"_monsterinsights_skip_tracking":false,"_monsterinsights_sitenote_active":false,"_monsterinsights_sitenote_note":"","_monsterinsights_sitenote_category":0},"product_brand":[],"product_cat":[23,20],"product_tag":[37],"class_list":{"0":"post-2601","1":"product","2":"type-product","3":"status-publish","4":"has-post-thumbnail","6":"product_cat-a3","7":"product_cat-affiches","8":"product_tag-acces-aux-soins","10":"first","11":"onbackorder","12":"shipping-taxable","13":"purchasable","14":"product-type-simple"},"aioseo_notices":[],"jetpack_sharing_enabled":true,"_links":{"self":[{"href":"https:\/\/extranet.infocpam.fr\/partenaires\/wp-json\/wp\/v2\/product\/2601","targetHints":{"allow":["GET"]}}],"collection":[{"href":"https:\/\/extranet.infocpam.fr\/partenaires\/wp-json\/wp\/v2\/product"}],"about":[{"href":"https:\/\/extranet.infocpam.fr\/partenaires\/wp-json\/wp\/v2\/types\/product"}],"wp:featuredmedia":[{"embeddable":true,"href":"https:\/\/extranet.infocpam.fr\/partenaires\/wp-json\/wp\/v2\/media\/2603"}],"wp:attachment":[{"href":"https:\/\/extranet.infocpam.fr\/partenaires\/wp-json\/wp\/v2\/media?parent=2601"}],"wp:term":[{"taxonomy":"product_brand","embeddable":true,"href":"https:\/\/extranet.infocpam.fr\/partenaires\/wp-json\/wp\/v2\/product_brand?post=2601"},{"taxonomy":"product_cat","embeddable":true,"href":"https:\/\/extranet.infocpam.fr\/partenaires\/wp-json\/wp\/v2\/product_cat?post=2601"},{"taxonomy":"product_tag","embeddable":true,"href":"https:\/\/extranet.infocpam.fr\/partenaires\/wp-json\/wp\/v2\/product_tag?post=2601"}],"curies":[{"name":"wp","href":"https:\/\/api.w.org\/{rel}","templated":true}]}}