{"id":2589,"date":"2024-01-23T15:46:52","date_gmt":"2024-01-23T14:46:52","guid":{"rendered":"https:\/\/extranet.infocpam.fr\/partenaires\/?post_type=product&#038;p=2589"},"modified":"2025-05-12T16:40:03","modified_gmt":"2025-05-12T14:40:03","slug":"affiche-frontaliers-droit-doption","status":"publish","type":"product","link":"https:\/\/extranet.infocpam.fr\/partenaires\/produit\/affiche-frontaliers-droit-doption\/","title":{"rendered":"Affiche Frontaliers, droit d&rsquo;option"},"content":{"rendered":"<p><strong>Frontaliers, comment \u00eatre bien couvert pour ses frais de sant\u00e9<br \/>\n<\/strong>Vous r\u00e9sidez en France et travaillez en Suisse ?<br \/>\nVous \u00eates titulaire d\u2019une pension ou rente suisse ?<br \/>\nVous pouvez exercer votre droit d&rsquo;option entre<br \/>\nl&rsquo;assurance maladie suisse et l&rsquo;assurance maladie fran\u00e7aise.<\/p>\n<p><a href=\"https:\/\/extranet.infocpam.fr\/partenaires\/wp-content\/uploads\/2024\/01\/2024-01-Affiche-frontaliers-droit-d-option.pdf\">Voir l&rsquo;affiche-frontaliers-droit-d-option<\/a> (pdf, 936ko)<\/p>\n","protected":false},"excerpt":{"rendered":"<p>Frontaliers, comment \u00eatre bien couvert pour ses frais de sant\u00e9 Vous r\u00e9sidez en France et &hellip; <\/p>\n","protected":false},"featured_media":2591,"template":"","meta":{"om_disable_all_campaigns":false,"_monsterinsights_skip_tracking":false,"_monsterinsights_sitenote_active":false,"_monsterinsights_sitenote_note":"","_monsterinsights_sitenote_category":0},"product_brand":[],"product_cat":[21,62,17],"product_tag":[38],"class_list":{"0":"post-2589","1":"product","2":"type-product","3":"status-publish","4":"has-post-thumbnail","6":"product_cat-a4","7":"product_cat-a5","8":"product_cat-flyer","9":"product_tag-frontaliers","11":"first","12":"onbackorder","13":"shipping-taxable","14":"purchasable","15":"product-type-simple"},"aioseo_notices":[],"jetpack_sharing_enabled":true,"_links":{"self":[{"href":"https:\/\/extranet.infocpam.fr\/partenaires\/wp-json\/wp\/v2\/product\/2589","targetHints":{"allow":["GET"]}}],"collection":[{"href":"https:\/\/extranet.infocpam.fr\/partenaires\/wp-json\/wp\/v2\/product"}],"about":[{"href":"https:\/\/extranet.infocpam.fr\/partenaires\/wp-json\/wp\/v2\/types\/product"}],"wp:featuredmedia":[{"embeddable":true,"href":"https:\/\/extranet.infocpam.fr\/partenaires\/wp-json\/wp\/v2\/media\/2591"}],"wp:attachment":[{"href":"https:\/\/extranet.infocpam.fr\/partenaires\/wp-json\/wp\/v2\/media?parent=2589"}],"wp:term":[{"taxonomy":"product_brand","embeddable":true,"href":"https:\/\/extranet.infocpam.fr\/partenaires\/wp-json\/wp\/v2\/product_brand?post=2589"},{"taxonomy":"product_cat","embeddable":true,"href":"https:\/\/extranet.infocpam.fr\/partenaires\/wp-json\/wp\/v2\/product_cat?post=2589"},{"taxonomy":"product_tag","embeddable":true,"href":"https:\/\/extranet.infocpam.fr\/partenaires\/wp-json\/wp\/v2\/product_tag?post=2589"}],"curies":[{"name":"wp","href":"https:\/\/api.w.org\/{rel}","templated":true}]}}