{"id":2516,"date":"2023-12-07T11:31:14","date_gmt":"2023-12-07T10:31:14","guid":{"rendered":"https:\/\/extranet.infocpam.fr\/partenaires\/?post_type=product&#038;p=2516"},"modified":"2025-02-24T10:55:21","modified_gmt":"2025-02-24T09:55:21","slug":"affiche-bon-usage-des-soins-prendre-sa-carte-vitale-a-chaque-rendez-vous-de-sante-ce-sont-des-demarches-administratives-envolees","status":"publish","type":"product","link":"https:\/\/extranet.infocpam.fr\/partenaires\/produit\/affiche-bon-usage-des-soins-prendre-sa-carte-vitale-a-chaque-rendez-vous-de-sante-ce-sont-des-demarches-administratives-envolees\/","title":{"rendered":"Affiche Bon usage des soins &#8211; Prendre sa carte Vitale \u00e0 chaque rendez-vous de sant\u00e9, ce sont des d\u00e9marches administratives envol\u00e9es"},"content":{"rendered":"<p>Notre syst\u00e8me de sant\u00e9, c\u2019est aussi \u00e0 chacun d\u2019en prendre soin.<\/p>\n<p>&nbsp;<\/p>\n<p><a href=\"https:\/\/extranet.infocpam.fr\/partenaires\/wp-content\/uploads\/2023\/12\/HD_origami_CNAMP23-3_BON_USAGE_AFF_A4-2.pdf\">Voir l&rsquo;affiche origami<\/a>, pdf 259 ko<\/p>\n","protected":false},"excerpt":{"rendered":"<p>Notre syst\u00e8me de sant\u00e9, c\u2019est aussi \u00e0 chacun d\u2019en prendre soin. &nbsp; Voir l&rsquo;affiche origami, &hellip; <\/p>\n","protected":false},"featured_media":2519,"template":"","meta":{"om_disable_all_campaigns":false,"_monsterinsights_skip_tracking":false,"_monsterinsights_sitenote_active":false,"_monsterinsights_sitenote_note":"","_monsterinsights_sitenote_category":0},"product_brand":[],"product_cat":[23,21,20],"product_tag":[40,80,56,50],"class_list":{"0":"post-2516","1":"product","2":"type-product","3":"status-publish","4":"has-post-thumbnail","6":"product_cat-a3","7":"product_cat-a4","8":"product_cat-affiches","9":"product_tag-ameli","10":"product_tag-bon-usage-des-soins","11":"product_tag-compte-ameli","12":"product_tag-services-cpam","14":"first","15":"onbackorder","16":"shipping-taxable","17":"purchasable","18":"product-type-simple"},"aioseo_notices":[],"jetpack_sharing_enabled":true,"_links":{"self":[{"href":"https:\/\/extranet.infocpam.fr\/partenaires\/wp-json\/wp\/v2\/product\/2516","targetHints":{"allow":["GET"]}}],"collection":[{"href":"https:\/\/extranet.infocpam.fr\/partenaires\/wp-json\/wp\/v2\/product"}],"about":[{"href":"https:\/\/extranet.infocpam.fr\/partenaires\/wp-json\/wp\/v2\/types\/product"}],"wp:featuredmedia":[{"embeddable":true,"href":"https:\/\/extranet.infocpam.fr\/partenaires\/wp-json\/wp\/v2\/media\/2519"}],"wp:attachment":[{"href":"https:\/\/extranet.infocpam.fr\/partenaires\/wp-json\/wp\/v2\/media?parent=2516"}],"wp:term":[{"taxonomy":"product_brand","embeddable":true,"href":"https:\/\/extranet.infocpam.fr\/partenaires\/wp-json\/wp\/v2\/product_brand?post=2516"},{"taxonomy":"product_cat","embeddable":true,"href":"https:\/\/extranet.infocpam.fr\/partenaires\/wp-json\/wp\/v2\/product_cat?post=2516"},{"taxonomy":"product_tag","embeddable":true,"href":"https:\/\/extranet.infocpam.fr\/partenaires\/wp-json\/wp\/v2\/product_tag?post=2516"}],"curies":[{"name":"wp","href":"https:\/\/api.w.org\/{rel}","templated":true}]}}