{"id":2488,"date":"2023-11-17T10:30:13","date_gmt":"2023-11-17T09:30:13","guid":{"rendered":"https:\/\/extranet.infocpam.fr\/partenaires\/?post_type=product&#038;p=2488"},"modified":"2025-10-22T14:01:10","modified_gmt":"2025-10-22T12:01:10","slug":"frontaliers-droit-doption","status":"publish","type":"product","link":"https:\/\/extranet.infocpam.fr\/partenaires\/produit\/frontaliers-droit-doption\/","title":{"rendered":"Flyer Frontaliers, droit d&rsquo;option"},"content":{"rendered":"<p><strong>Frontaliers, comment \u00eatre bien couvert pour ses frais de sant\u00e9<br \/>\n<\/strong>Vous r\u00e9sidez en France et travaillez en Suisse ?<br \/>\nVous \u00eates titulaire d\u2019une pension ou rente suisse ?<br \/>\nVous pouvez exercer votre droit d&rsquo;option entre<br \/>\nl&rsquo;assurance maladie suisse et l&rsquo;assurance maladie fran\u00e7aise.<\/p>\n<p><a href=\"https:\/\/extranet.infocpam.fr\/partenaires\/wp-content\/uploads\/2023\/11\/2024-01-Flyer-Frontaliers-Droit-d-optionCLOE.pdf\">Voir le flyer Frontaliers Droit d&rsquo;option<\/a> (pdf, 728ko)<\/p>\n","protected":false},"excerpt":{"rendered":"<p>Frontaliers, comment \u00eatre bien couvert pour ses frais de sant\u00e9 Vous r\u00e9sidez en France et &hellip; <\/p>\n","protected":false},"featured_media":2588,"template":"","meta":{"om_disable_all_campaigns":false,"_monsterinsights_skip_tracking":false,"_monsterinsights_sitenote_active":false,"_monsterinsights_sitenote_note":"","_monsterinsights_sitenote_category":0},"product_brand":[],"product_cat":[21,62,17],"product_tag":[38],"class_list":{"0":"post-2488","1":"product","2":"type-product","3":"status-publish","4":"has-post-thumbnail","6":"product_cat-a4","7":"product_cat-a5","8":"product_cat-flyer","9":"product_tag-frontaliers","11":"first","12":"instock","13":"shipping-taxable","14":"purchasable","15":"product-type-simple"},"aioseo_notices":[],"jetpack_sharing_enabled":true,"_links":{"self":[{"href":"https:\/\/extranet.infocpam.fr\/partenaires\/wp-json\/wp\/v2\/product\/2488","targetHints":{"allow":["GET"]}}],"collection":[{"href":"https:\/\/extranet.infocpam.fr\/partenaires\/wp-json\/wp\/v2\/product"}],"about":[{"href":"https:\/\/extranet.infocpam.fr\/partenaires\/wp-json\/wp\/v2\/types\/product"}],"wp:featuredmedia":[{"embeddable":true,"href":"https:\/\/extranet.infocpam.fr\/partenaires\/wp-json\/wp\/v2\/media\/2588"}],"wp:attachment":[{"href":"https:\/\/extranet.infocpam.fr\/partenaires\/wp-json\/wp\/v2\/media?parent=2488"}],"wp:term":[{"taxonomy":"product_brand","embeddable":true,"href":"https:\/\/extranet.infocpam.fr\/partenaires\/wp-json\/wp\/v2\/product_brand?post=2488"},{"taxonomy":"product_cat","embeddable":true,"href":"https:\/\/extranet.infocpam.fr\/partenaires\/wp-json\/wp\/v2\/product_cat?post=2488"},{"taxonomy":"product_tag","embeddable":true,"href":"https:\/\/extranet.infocpam.fr\/partenaires\/wp-json\/wp\/v2\/product_tag?post=2488"}],"curies":[{"name":"wp","href":"https:\/\/api.w.org\/{rel}","templated":true}]}}