{"id":2452,"date":"2025-10-20T09:43:18","date_gmt":"2025-10-20T07:43:18","guid":{"rendered":"https:\/\/extranet.infocpam.fr\/partenaires\/?post_type=product&#038;p=2452"},"modified":"2025-12-02T13:56:27","modified_gmt":"2025-12-02T12:56:27","slug":"affiche-2023-vaccination-grippe-covid-generique","status":"publish","type":"product","link":"https:\/\/extranet.infocpam.fr\/partenaires\/produit\/affiche-2023-vaccination-grippe-covid-generique\/","title":{"rendered":"Affiche 2025 &#8211; Vaccination grippe g\u00e9n\u00e9rique"},"content":{"rendered":"<p>Affiche vaccination grippe &#8211; g\u00e9n\u00e9rique<\/p>\n<p><a href=\"https:\/\/extranet.infocpam.fr\/partenaires\/wp-content\/uploads\/2023\/10\/2025_Grippe_Affiche_TOUTES-CIBLES_A3_HD_STDC.pdf\">Voir l&rsquo;affiche 2025_Grippe_Affiche_TOUTES CIBLES<\/a> (pdf, 6 Mo)<\/p>\n","protected":false},"excerpt":{"rendered":"<p>Affiche vaccination grippe &#8211; g\u00e9n\u00e9rique Voir l&rsquo;affiche 2025_Grippe_Affiche_TOUTES CIBLES (pdf, 6 Mo)<\/p>\n","protected":false},"featured_media":3585,"template":"","meta":{"om_disable_all_campaigns":false,"_monsterinsights_skip_tracking":false,"_monsterinsights_sitenote_active":false,"_monsterinsights_sitenote_note":"","_monsterinsights_sitenote_category":0},"product_brand":[],"product_cat":[23,20],"product_tag":[78,70],"class_list":{"0":"post-2452","1":"product","2":"type-product","3":"status-publish","4":"has-post-thumbnail","6":"product_cat-a3","7":"product_cat-affiches","8":"product_tag-campagne-grippe","9":"product_tag-prevention","11":"first","12":"onbackorder","13":"shipping-taxable","14":"purchasable","15":"product-type-simple"},"aioseo_notices":[],"jetpack_sharing_enabled":true,"_links":{"self":[{"href":"https:\/\/extranet.infocpam.fr\/partenaires\/wp-json\/wp\/v2\/product\/2452","targetHints":{"allow":["GET"]}}],"collection":[{"href":"https:\/\/extranet.infocpam.fr\/partenaires\/wp-json\/wp\/v2\/product"}],"about":[{"href":"https:\/\/extranet.infocpam.fr\/partenaires\/wp-json\/wp\/v2\/types\/product"}],"wp:featuredmedia":[{"embeddable":true,"href":"https:\/\/extranet.infocpam.fr\/partenaires\/wp-json\/wp\/v2\/media\/3585"}],"wp:attachment":[{"href":"https:\/\/extranet.infocpam.fr\/partenaires\/wp-json\/wp\/v2\/media?parent=2452"}],"wp:term":[{"taxonomy":"product_brand","embeddable":true,"href":"https:\/\/extranet.infocpam.fr\/partenaires\/wp-json\/wp\/v2\/product_brand?post=2452"},{"taxonomy":"product_cat","embeddable":true,"href":"https:\/\/extranet.infocpam.fr\/partenaires\/wp-json\/wp\/v2\/product_cat?post=2452"},{"taxonomy":"product_tag","embeddable":true,"href":"https:\/\/extranet.infocpam.fr\/partenaires\/wp-json\/wp\/v2\/product_tag?post=2452"}],"curies":[{"name":"wp","href":"https:\/\/api.w.org\/{rel}","templated":true}]}}