{"id":2451,"date":"2025-10-20T09:48:17","date_gmt":"2025-10-20T07:48:17","guid":{"rendered":"https:\/\/extranet.infocpam.fr\/partenaires\/?post_type=product&#038;p=2451"},"modified":"2025-10-20T10:18:33","modified_gmt":"2025-10-20T08:18:33","slug":"affiche-2023-vaccination-grippe-covid-residents-ehpad","status":"publish","type":"product","link":"https:\/\/extranet.infocpam.fr\/partenaires\/produit\/affiche-2023-vaccination-grippe-covid-residents-ehpad\/","title":{"rendered":"Affiche 2025 &#8211; Vaccination grippe r\u00e9sidents Ehpad"},"content":{"rendered":"<p>Affiche vaccination grippe r\u00e9sidents Ehpad, \u00e0 destination de tous les professionnels travaillant en Ehpad<\/p>\n<p><a href=\"https:\/\/extranet.infocpam.fr\/partenaires\/wp-content\/uploads\/2023\/10\/CNAM_Grippe-2025_Affiche_EHPAD_A3_STDC.pdf\">Voir l&rsquo;affiche_Grippe 2025_Affiche_EHPAD<\/a> (pdf, 1700 ko)<\/p>\n","protected":false},"excerpt":{"rendered":"<p>Affiche vaccination grippe r\u00e9sidents Ehpad, \u00e0 destination de tous les professionnels travaillant en Ehpad Voir &hellip; <\/p>\n","protected":false},"featured_media":3588,"template":"","meta":{"om_disable_all_campaigns":false,"_monsterinsights_skip_tracking":false,"_monsterinsights_sitenote_active":false,"_monsterinsights_sitenote_note":"","_monsterinsights_sitenote_category":0},"product_brand":[],"product_cat":[23,20],"product_tag":[78,70],"class_list":{"0":"post-2451","1":"product","2":"type-product","3":"status-publish","4":"has-post-thumbnail","6":"product_cat-a3","7":"product_cat-affiches","8":"product_tag-campagne-grippe","9":"product_tag-prevention","11":"first","12":"instock","13":"shipping-taxable","14":"purchasable","15":"product-type-simple"},"aioseo_notices":[],"jetpack_sharing_enabled":true,"_links":{"self":[{"href":"https:\/\/extranet.infocpam.fr\/partenaires\/wp-json\/wp\/v2\/product\/2451","targetHints":{"allow":["GET"]}}],"collection":[{"href":"https:\/\/extranet.infocpam.fr\/partenaires\/wp-json\/wp\/v2\/product"}],"about":[{"href":"https:\/\/extranet.infocpam.fr\/partenaires\/wp-json\/wp\/v2\/types\/product"}],"wp:featuredmedia":[{"embeddable":true,"href":"https:\/\/extranet.infocpam.fr\/partenaires\/wp-json\/wp\/v2\/media\/3588"}],"wp:attachment":[{"href":"https:\/\/extranet.infocpam.fr\/partenaires\/wp-json\/wp\/v2\/media?parent=2451"}],"wp:term":[{"taxonomy":"product_brand","embeddable":true,"href":"https:\/\/extranet.infocpam.fr\/partenaires\/wp-json\/wp\/v2\/product_brand?post=2451"},{"taxonomy":"product_cat","embeddable":true,"href":"https:\/\/extranet.infocpam.fr\/partenaires\/wp-json\/wp\/v2\/product_cat?post=2451"},{"taxonomy":"product_tag","embeddable":true,"href":"https:\/\/extranet.infocpam.fr\/partenaires\/wp-json\/wp\/v2\/product_tag?post=2451"}],"curies":[{"name":"wp","href":"https:\/\/api.w.org\/{rel}","templated":true}]}}