{"id":243,"date":"2021-05-07T12:23:48","date_gmt":"2021-05-07T10:23:48","guid":{"rendered":"https:\/\/extranet.infocpam.fr\/partenaires\/?post_type=product&#038;p=243"},"modified":"2026-03-26T12:45:22","modified_gmt":"2026-03-26T11:45:22","slug":"argumentaire-complementaire-sante-solidaire","status":"publish","type":"product","link":"https:\/\/extranet.infocpam.fr\/partenaires\/produit\/argumentaire-complementaire-sante-solidaire\/","title":{"rendered":"Argumentaire compl\u00e9mentaire sant\u00e9 solidaire"},"content":{"rendered":"<p>Ce document compl\u00e9mentaire sant\u00e9 solidaire est \u00e0 destination des partenaires. Il informe sur les conditions li\u00e9es au revenu pour b\u00e9n\u00e9ficier de cette compl\u00e9mentaire sant\u00e9.<\/p>\n<p>Version 2023<\/p>\n<p>&nbsp;<\/p>\n<p><a href=\"https:\/\/extranet.infocpam.fr\/partenaires\/wp-content\/uploads\/2021\/05\/2023076_argumentaire-C2S-Partenaires.pdf\">Consultez l&rsquo;argumentaire partenaires (pdf, 389 ko)<\/a><\/p>\n","protected":false},"excerpt":{"rendered":"<p>Ce document compl\u00e9mentaire sant\u00e9 solidaire est \u00e0 destination des partenaires. Il informe sur les conditions &hellip; <\/p>\n","protected":false},"featured_media":2731,"template":"","meta":{"om_disable_all_campaigns":false,"_monsterinsights_skip_tracking":false,"_monsterinsights_sitenote_active":false,"_monsterinsights_sitenote_note":"","_monsterinsights_sitenote_category":0},"product_brand":[],"product_cat":[32],"product_tag":[37],"class_list":{"0":"post-243","1":"product","2":"type-product","3":"status-publish","4":"has-post-thumbnail","6":"product_cat-brochures","7":"product_tag-acces-aux-soins","9":"first","10":"instock","11":"shipping-taxable","12":"purchasable","13":"product-type-variable"},"aioseo_notices":[],"jetpack_sharing_enabled":true,"_links":{"self":[{"href":"https:\/\/extranet.infocpam.fr\/partenaires\/wp-json\/wp\/v2\/product\/243","targetHints":{"allow":["GET"]}}],"collection":[{"href":"https:\/\/extranet.infocpam.fr\/partenaires\/wp-json\/wp\/v2\/product"}],"about":[{"href":"https:\/\/extranet.infocpam.fr\/partenaires\/wp-json\/wp\/v2\/types\/product"}],"wp:featuredmedia":[{"embeddable":true,"href":"https:\/\/extranet.infocpam.fr\/partenaires\/wp-json\/wp\/v2\/media\/2731"}],"wp:attachment":[{"href":"https:\/\/extranet.infocpam.fr\/partenaires\/wp-json\/wp\/v2\/media?parent=243"}],"wp:term":[{"taxonomy":"product_brand","embeddable":true,"href":"https:\/\/extranet.infocpam.fr\/partenaires\/wp-json\/wp\/v2\/product_brand?post=243"},{"taxonomy":"product_cat","embeddable":true,"href":"https:\/\/extranet.infocpam.fr\/partenaires\/wp-json\/wp\/v2\/product_cat?post=243"},{"taxonomy":"product_tag","embeddable":true,"href":"https:\/\/extranet.infocpam.fr\/partenaires\/wp-json\/wp\/v2\/product_tag?post=243"}],"curies":[{"name":"wp","href":"https:\/\/api.w.org\/{rel}","templated":true}]}}