{"id":2214,"date":"2023-05-30T12:38:05","date_gmt":"2023-05-30T10:38:05","guid":{"rendered":"https:\/\/extranet.infocpam.fr\/partenaires\/?post_type=product&#038;p=2214"},"modified":"2026-02-05T16:45:27","modified_gmt":"2026-02-05T15:45:27","slug":"affiche-juin-jaune-franc-comtois-du-soleil-mefie-toi","status":"publish","type":"product","link":"https:\/\/extranet.infocpam.fr\/partenaires\/produit\/affiche-juin-jaune-franc-comtois-du-soleil-mefie-toi\/","title":{"rendered":"Affiche Juin jaune : Franc-comtois, du soleil, m\u00e9fie-toi !"},"content":{"rendered":"<p>Affiche sur les risques solaires propos\u00e9s par les dermatologues de Franche-Comt\u00e9 dans le cadre de la campagne Juin Jaune 2023.<\/p>\n<p><a href=\"https:\/\/extranet.infocpam.fr\/partenaires\/wp-content\/uploads\/2023\/05\/JUIN-JAUNE-AFFICHE-CHU-DV-Hvl-CPAM.pdf\">Voir l&rsquo;affiche<\/a> (pdf, 630 ko)<\/p>\n","protected":false},"excerpt":{"rendered":"<p>Affiche sur les risques solaires propos\u00e9s par les dermatologues de Franche-Comt\u00e9 dans le cadre de &hellip; <\/p>\n","protected":false},"featured_media":2216,"template":"","meta":{"om_disable_all_campaigns":false,"_monsterinsights_skip_tracking":false,"_monsterinsights_sitenote_active":false,"_monsterinsights_sitenote_note":"","_monsterinsights_sitenote_category":0},"product_brand":[],"product_cat":[23,21,20],"product_tag":[70,55],"class_list":{"0":"post-2214","1":"product","2":"type-product","3":"status-publish","4":"has-post-thumbnail","6":"product_cat-a3","7":"product_cat-a4","8":"product_cat-affiches","9":"product_tag-prevention","10":"product_tag-prevention-cancers","12":"first","13":"instock","14":"shipping-taxable","15":"purchasable","16":"product-type-variable"},"aioseo_notices":[],"jetpack_sharing_enabled":true,"_links":{"self":[{"href":"https:\/\/extranet.infocpam.fr\/partenaires\/wp-json\/wp\/v2\/product\/2214","targetHints":{"allow":["GET"]}}],"collection":[{"href":"https:\/\/extranet.infocpam.fr\/partenaires\/wp-json\/wp\/v2\/product"}],"about":[{"href":"https:\/\/extranet.infocpam.fr\/partenaires\/wp-json\/wp\/v2\/types\/product"}],"wp:featuredmedia":[{"embeddable":true,"href":"https:\/\/extranet.infocpam.fr\/partenaires\/wp-json\/wp\/v2\/media\/2216"}],"wp:attachment":[{"href":"https:\/\/extranet.infocpam.fr\/partenaires\/wp-json\/wp\/v2\/media?parent=2214"}],"wp:term":[{"taxonomy":"product_brand","embeddable":true,"href":"https:\/\/extranet.infocpam.fr\/partenaires\/wp-json\/wp\/v2\/product_brand?post=2214"},{"taxonomy":"product_cat","embeddable":true,"href":"https:\/\/extranet.infocpam.fr\/partenaires\/wp-json\/wp\/v2\/product_cat?post=2214"},{"taxonomy":"product_tag","embeddable":true,"href":"https:\/\/extranet.infocpam.fr\/partenaires\/wp-json\/wp\/v2\/product_tag?post=2214"}],"curies":[{"name":"wp","href":"https:\/\/api.w.org\/{rel}","templated":true}]}}