{"id":2146,"date":"2023-05-15T08:37:42","date_gmt":"2023-05-15T06:37:42","guid":{"rendered":"https:\/\/extranet.infocpam.fr\/partenaires\/?post_type=product&#038;p=2146"},"modified":"2024-01-31T14:13:34","modified_gmt":"2024-01-31T13:13:34","slug":"memo-les-offres-de-prevention-pour-les-jeunes-de-16-a-25-ans","status":"publish","type":"product","link":"https:\/\/extranet.infocpam.fr\/partenaires\/produit\/memo-les-offres-de-prevention-pour-les-jeunes-de-16-a-25-ans\/","title":{"rendered":"M\u00e9mo &#8211; les offres de pr\u00e9vention pour les jeunes de 16 \u00e0 25 ans"},"content":{"rendered":"<p>Frise sur les offres de pr\u00e9vention de l&rsquo;Assurance Maladie pour les jeunes de 16 \u00e0 25 ans \u00e0 destination des professionnels.<\/p>\n<p><a href=\"https:\/\/extranet.infocpam.fr\/partenaires\/wp-content\/uploads\/2023\/05\/MEMO-frise_prevention_16-25ans_modifications.pdf\">Consultez le m\u00e9mo offre de pr\u00e9vention jeunes (pdf, 410 ko)<\/a><\/p>\n","protected":false},"excerpt":{"rendered":"<p>Frise sur les offres de pr\u00e9vention de l&rsquo;Assurance Maladie pour les jeunes de 16 \u00e0 &hellip; <\/p>\n","protected":false},"featured_media":2148,"template":"","meta":{"om_disable_all_campaigns":false,"_monsterinsights_skip_tracking":false,"_monsterinsights_sitenote_active":false,"_monsterinsights_sitenote_note":"","_monsterinsights_sitenote_category":0},"product_brand":[],"product_cat":[17],"product_tag":[37,72,70,50],"class_list":{"0":"post-2146","1":"product","2":"type-product","3":"status-publish","4":"has-post-thumbnail","6":"product_cat-flyer","7":"product_tag-acces-aux-soins","8":"product_tag-jeunes","9":"product_tag-prevention","10":"product_tag-services-cpam","12":"first","13":"outofstock","14":"shipping-taxable","15":"purchasable","16":"product-type-simple"},"aioseo_notices":[],"jetpack_sharing_enabled":true,"_links":{"self":[{"href":"https:\/\/extranet.infocpam.fr\/partenaires\/wp-json\/wp\/v2\/product\/2146","targetHints":{"allow":["GET"]}}],"collection":[{"href":"https:\/\/extranet.infocpam.fr\/partenaires\/wp-json\/wp\/v2\/product"}],"about":[{"href":"https:\/\/extranet.infocpam.fr\/partenaires\/wp-json\/wp\/v2\/types\/product"}],"wp:featuredmedia":[{"embeddable":true,"href":"https:\/\/extranet.infocpam.fr\/partenaires\/wp-json\/wp\/v2\/media\/2148"}],"wp:attachment":[{"href":"https:\/\/extranet.infocpam.fr\/partenaires\/wp-json\/wp\/v2\/media?parent=2146"}],"wp:term":[{"taxonomy":"product_brand","embeddable":true,"href":"https:\/\/extranet.infocpam.fr\/partenaires\/wp-json\/wp\/v2\/product_brand?post=2146"},{"taxonomy":"product_cat","embeddable":true,"href":"https:\/\/extranet.infocpam.fr\/partenaires\/wp-json\/wp\/v2\/product_cat?post=2146"},{"taxonomy":"product_tag","embeddable":true,"href":"https:\/\/extranet.infocpam.fr\/partenaires\/wp-json\/wp\/v2\/product_tag?post=2146"}],"curies":[{"name":"wp","href":"https:\/\/api.w.org\/{rel}","templated":true}]}}