{"id":2043,"date":"2023-04-06T11:18:32","date_gmt":"2023-04-06T09:18:32","guid":{"rendered":"https:\/\/extranet.infocpam.fr\/partenaires\/?post_type=product&#038;p=2043"},"modified":"2025-10-22T14:01:11","modified_gmt":"2025-10-22T12:01:11","slug":"marque-page-pastel","status":"publish","type":"product","link":"https:\/\/extranet.infocpam.fr\/partenaires\/produit\/marque-page-pastel\/","title":{"rendered":"Marque page Pastel"},"content":{"rendered":"<p>Marque page \u00e0 destination des assur\u00e9s.<\/p>\n<p>Pastel, vos d\u00e9marches pas \u00e0 pas.<\/p>\n<p>Des tutos pour faire vos d\u00e9marches depuis l&rsquo;appli ameli, le site ameli.fr et les bornes multiservices\u00a0 dans les accueils<\/p>\n<p>&nbsp;<\/p>\n<p><a href=\"https:\/\/extranet.infocpam.fr\/partenaires\/wp-content\/uploads\/2023\/04\/2023-03-marque-page-Pastel.pdf\">Voir le marque page Pastel<\/a> (pdf, 597 ko)<\/p>\n","protected":false},"excerpt":{"rendered":"<p>Marque page \u00e0 destination des assur\u00e9s. Pastel, vos d\u00e9marches pas \u00e0 pas. Des tutos pour &hellip; <\/p>\n","protected":false},"featured_media":2045,"template":"","meta":{"om_disable_all_campaigns":false,"_monsterinsights_skip_tracking":false,"_monsterinsights_sitenote_active":false,"_monsterinsights_sitenote_note":"","_monsterinsights_sitenote_category":0},"product_brand":[],"product_cat":[44],"product_tag":[40,56],"class_list":{"0":"post-2043","1":"product","2":"type-product","3":"status-publish","4":"has-post-thumbnail","6":"product_cat-cartes","7":"product_tag-ameli","8":"product_tag-compte-ameli","10":"first","11":"instock","12":"shipping-taxable","13":"purchasable","14":"product-type-simple"},"aioseo_notices":[],"jetpack_sharing_enabled":true,"_links":{"self":[{"href":"https:\/\/extranet.infocpam.fr\/partenaires\/wp-json\/wp\/v2\/product\/2043","targetHints":{"allow":["GET"]}}],"collection":[{"href":"https:\/\/extranet.infocpam.fr\/partenaires\/wp-json\/wp\/v2\/product"}],"about":[{"href":"https:\/\/extranet.infocpam.fr\/partenaires\/wp-json\/wp\/v2\/types\/product"}],"wp:featuredmedia":[{"embeddable":true,"href":"https:\/\/extranet.infocpam.fr\/partenaires\/wp-json\/wp\/v2\/media\/2045"}],"wp:attachment":[{"href":"https:\/\/extranet.infocpam.fr\/partenaires\/wp-json\/wp\/v2\/media?parent=2043"}],"wp:term":[{"taxonomy":"product_brand","embeddable":true,"href":"https:\/\/extranet.infocpam.fr\/partenaires\/wp-json\/wp\/v2\/product_brand?post=2043"},{"taxonomy":"product_cat","embeddable":true,"href":"https:\/\/extranet.infocpam.fr\/partenaires\/wp-json\/wp\/v2\/product_cat?post=2043"},{"taxonomy":"product_tag","embeddable":true,"href":"https:\/\/extranet.infocpam.fr\/partenaires\/wp-json\/wp\/v2\/product_tag?post=2043"}],"curies":[{"name":"wp","href":"https:\/\/api.w.org\/{rel}","templated":true}]}}