{"id":1887,"date":"2026-01-01T09:00:09","date_gmt":"2026-01-01T08:00:09","guid":{"rendered":"https:\/\/extranet.infocpam.fr\/partenaires\/?post_type=product&#038;p=1887"},"modified":"2026-04-02T13:28:52","modified_gmt":"2026-04-02T11:28:52","slug":"memo-modalites-de-facturation-des-20-examens-de-suivi-medical-de-lenfant-et-de-ladolescent","status":"publish","type":"product","link":"https:\/\/extranet.infocpam.fr\/partenaires\/produit\/memo-modalites-de-facturation-des-20-examens-de-suivi-medical-de-lenfant-et-de-ladolescent\/","title":{"rendered":"M\u00e9mo : Modalit\u00e9s de facturation des 20 examens de suivi m\u00e9dical de l&rsquo;enfant et de l&rsquo;adolescent"},"content":{"rendered":"<p>A destination des professionnels de sant\u00e9<\/p>\n<p>De la naissance \u00e0 16 ans, chaque enfants b\u00e9n\u00e9ficie gratuitement de 20 examens de sant\u00e9.<\/p>\n<p>Consultez les modalit\u00e9s de facturation des 20 examens de suivi m\u00e9dical pris en charge \u00e0 100% par l&rsquo;Assurance Maladie en tiers payant<br \/>\n(Modalit\u00e9s de facturation en lib\u00e9ral ou en centre de sant\u00e9 &#8211; tarifs m\u00e9tropole &#8211; au 1er janvier 2026)<\/p>\n<p><a href=\"https:\/\/extranet.infocpam.fr\/partenaires\/wp-content\/uploads\/2023\/01\/20-examens-de-suivi-medical-de-lenfant-et-de-ladolescent.pdf\">Voir le m\u00e9mo 20 examens de suivi m\u00e9dical de l&rsquo;enfant et de l&rsquo;adolescent<\/a> (pdf, 153 ko)<\/p>\n<p>Version 2026<\/p>\n","protected":false},"excerpt":{"rendered":"<p>&nbsp;<\/p>\n<p>&nbsp;<\/p>\n","protected":false},"featured_media":3702,"template":"","meta":{"om_disable_all_campaigns":false,"_monsterinsights_skip_tracking":false,"_monsterinsights_sitenote_active":false,"_monsterinsights_sitenote_note":"","_monsterinsights_sitenote_category":0},"product_brand":[],"product_cat":[84],"product_tag":[43],"class_list":{"0":"post-1887","1":"product","2":"type-product","3":"status-publish","4":"has-post-thumbnail","6":"product_cat-memo","7":"product_tag-professionnels-de-sante","9":"first","10":"onbackorder","11":"shipping-taxable","12":"purchasable","13":"product-type-simple"},"aioseo_notices":[],"jetpack_sharing_enabled":true,"_links":{"self":[{"href":"https:\/\/extranet.infocpam.fr\/partenaires\/wp-json\/wp\/v2\/product\/1887","targetHints":{"allow":["GET"]}}],"collection":[{"href":"https:\/\/extranet.infocpam.fr\/partenaires\/wp-json\/wp\/v2\/product"}],"about":[{"href":"https:\/\/extranet.infocpam.fr\/partenaires\/wp-json\/wp\/v2\/types\/product"}],"wp:featuredmedia":[{"embeddable":true,"href":"https:\/\/extranet.infocpam.fr\/partenaires\/wp-json\/wp\/v2\/media\/3702"}],"wp:attachment":[{"href":"https:\/\/extranet.infocpam.fr\/partenaires\/wp-json\/wp\/v2\/media?parent=1887"}],"wp:term":[{"taxonomy":"product_brand","embeddable":true,"href":"https:\/\/extranet.infocpam.fr\/partenaires\/wp-json\/wp\/v2\/product_brand?post=1887"},{"taxonomy":"product_cat","embeddable":true,"href":"https:\/\/extranet.infocpam.fr\/partenaires\/wp-json\/wp\/v2\/product_cat?post=1887"},{"taxonomy":"product_tag","embeddable":true,"href":"https:\/\/extranet.infocpam.fr\/partenaires\/wp-json\/wp\/v2\/product_tag?post=1887"}],"curies":[{"name":"wp","href":"https:\/\/api.w.org\/{rel}","templated":true}]}}