{"id":1876,"date":"2023-01-04T13:06:39","date_gmt":"2023-01-04T12:06:39","guid":{"rendered":"https:\/\/extranet.infocpam.fr\/partenaires\/?post_type=product&#038;p=1876"},"modified":"2025-06-30T13:37:08","modified_gmt":"2025-06-30T11:37:08","slug":"affiche-mes-tips-sante-5-fruits-et-legumes","status":"publish","type":"product","link":"https:\/\/extranet.infocpam.fr\/partenaires\/produit\/affiche-mes-tips-sante-5-fruits-et-legumes\/","title":{"rendered":"Affiche mes tips sant\u00e9 : 5 fruits et l\u00e9gumes"},"content":{"rendered":"<p>Affiche \u00e0 destination des \u00e9tudiants.<\/p>\n<p>5 fruits et l\u00e9gumes par jour c&rsquo;est bon pour la sant\u00e9<\/p>\n<p>&nbsp;<\/p>\n<p><a href=\"https:\/\/extranet.infocpam.fr\/partenaires\/wp-content\/uploads\/2023\/01\/TIPS-SANTE.pdf\">Voir l&rsquo;affiche<\/a> (pdf, 764 ko)<\/p>\n","protected":false},"excerpt":{"rendered":"<p>Affiche \u00e0 destination des \u00e9tudiants. 5 fruits et l\u00e9gumes par jour c&rsquo;est bon pour la &hellip; <\/p>\n","protected":false},"featured_media":2981,"template":"","meta":{"om_disable_all_campaigns":false,"_monsterinsights_skip_tracking":false,"_monsterinsights_sitenote_active":false,"_monsterinsights_sitenote_note":"","_monsterinsights_sitenote_category":0},"product_brand":[],"product_cat":[23,21],"product_tag":[40],"class_list":{"0":"post-1876","1":"product","2":"type-product","3":"status-publish","4":"has-post-thumbnail","6":"product_cat-a3","7":"product_cat-a4","8":"product_tag-ameli","10":"first","11":"onbackorder","12":"shipping-taxable","13":"purchasable","14":"product-type-simple"},"aioseo_notices":[],"jetpack_sharing_enabled":true,"_links":{"self":[{"href":"https:\/\/extranet.infocpam.fr\/partenaires\/wp-json\/wp\/v2\/product\/1876","targetHints":{"allow":["GET"]}}],"collection":[{"href":"https:\/\/extranet.infocpam.fr\/partenaires\/wp-json\/wp\/v2\/product"}],"about":[{"href":"https:\/\/extranet.infocpam.fr\/partenaires\/wp-json\/wp\/v2\/types\/product"}],"wp:featuredmedia":[{"embeddable":true,"href":"https:\/\/extranet.infocpam.fr\/partenaires\/wp-json\/wp\/v2\/media\/2981"}],"wp:attachment":[{"href":"https:\/\/extranet.infocpam.fr\/partenaires\/wp-json\/wp\/v2\/media?parent=1876"}],"wp:term":[{"taxonomy":"product_brand","embeddable":true,"href":"https:\/\/extranet.infocpam.fr\/partenaires\/wp-json\/wp\/v2\/product_brand?post=1876"},{"taxonomy":"product_cat","embeddable":true,"href":"https:\/\/extranet.infocpam.fr\/partenaires\/wp-json\/wp\/v2\/product_cat?post=1876"},{"taxonomy":"product_tag","embeddable":true,"href":"https:\/\/extranet.infocpam.fr\/partenaires\/wp-json\/wp\/v2\/product_tag?post=1876"}],"curies":[{"name":"wp","href":"https:\/\/api.w.org\/{rel}","templated":true}]}}