{"id":1822,"date":"2022-11-29T13:32:29","date_gmt":"2022-11-29T12:32:29","guid":{"rendered":"https:\/\/extranet.infocpam.fr\/partenaires\/?post_type=product&#038;p=1822"},"modified":"2025-04-05T08:21:09","modified_gmt":"2025-04-05T06:21:09","slug":"flyer-comment-connaitre-les-delais-de-traitement-de-votre-cpam","status":"publish","type":"product","link":"https:\/\/extranet.infocpam.fr\/partenaires\/produit\/flyer-comment-connaitre-les-delais-de-traitement-de-votre-cpam\/","title":{"rendered":"Flyer : Comment conna\u00eetre les d\u00e9lais de traitement de votre CPAM ?"},"content":{"rendered":"<p>Ce flyer est a destination des assur\u00e9s.<\/p>\n<p>Vous voulez savoir\u00a0 quand votre demande ou votre dossier (feuille<br \/>\nde soins, arr\u00eat de travail&#8230;) seront trait\u00e9s?\u00a0 consultez votre compte ameli<\/p>\n<p>&nbsp;<\/p>\n<p>&nbsp;<\/p>\n<p>Voir le flyer : <a href=\"https:\/\/extranet.infocpam.fr\/partenaires\/wp-content\/uploads\/2022\/11\/2021-06-delais-de-traitementV2.pdf\">Comment conna\u00eetre les d\u00e9lais de traitement de votre CPAM ?<\/a>(.pdf 386 ko)<\/p>\n","protected":false},"excerpt":{"rendered":"<p>Ce flyer est a destination des assur\u00e9s. Vous voulez savoir\u00a0 quand votre demande ou votre &hellip; <\/p>\n","protected":false},"featured_media":1826,"template":"","meta":{"om_disable_all_campaigns":false,"_monsterinsights_skip_tracking":false,"_monsterinsights_sitenote_active":false,"_monsterinsights_sitenote_note":"","_monsterinsights_sitenote_category":0},"product_brand":[],"product_cat":[17],"product_tag":[],"class_list":{"0":"post-1822","1":"product","2":"type-product","3":"status-publish","4":"has-post-thumbnail","6":"product_cat-flyer","8":"first","9":"instock","10":"shipping-taxable","11":"purchasable","12":"product-type-simple"},"aioseo_notices":[],"jetpack_sharing_enabled":true,"_links":{"self":[{"href":"https:\/\/extranet.infocpam.fr\/partenaires\/wp-json\/wp\/v2\/product\/1822","targetHints":{"allow":["GET"]}}],"collection":[{"href":"https:\/\/extranet.infocpam.fr\/partenaires\/wp-json\/wp\/v2\/product"}],"about":[{"href":"https:\/\/extranet.infocpam.fr\/partenaires\/wp-json\/wp\/v2\/types\/product"}],"wp:featuredmedia":[{"embeddable":true,"href":"https:\/\/extranet.infocpam.fr\/partenaires\/wp-json\/wp\/v2\/media\/1826"}],"wp:attachment":[{"href":"https:\/\/extranet.infocpam.fr\/partenaires\/wp-json\/wp\/v2\/media?parent=1822"}],"wp:term":[{"taxonomy":"product_brand","embeddable":true,"href":"https:\/\/extranet.infocpam.fr\/partenaires\/wp-json\/wp\/v2\/product_brand?post=1822"},{"taxonomy":"product_cat","embeddable":true,"href":"https:\/\/extranet.infocpam.fr\/partenaires\/wp-json\/wp\/v2\/product_cat?post=1822"},{"taxonomy":"product_tag","embeddable":true,"href":"https:\/\/extranet.infocpam.fr\/partenaires\/wp-json\/wp\/v2\/product_tag?post=1822"}],"curies":[{"name":"wp","href":"https:\/\/api.w.org\/{rel}","templated":true}]}}