{"id":1819,"date":"2022-11-28T15:45:24","date_gmt":"2022-11-28T14:45:24","guid":{"rendered":"https:\/\/extranet.infocpam.fr\/partenaires\/?post_type=product&#038;p=1819"},"modified":"2025-09-23T11:35:37","modified_gmt":"2025-09-23T09:35:37","slug":"brochure-les-aides-financieres-exceptionnelles-pour-les-assures-fragilises","status":"publish","type":"product","link":"https:\/\/extranet.infocpam.fr\/partenaires\/produit\/brochure-les-aides-financieres-exceptionnelles-pour-les-assures-fragilises\/","title":{"rendered":"Brochure : Les aides financi\u00e8res exceptionnelles pour les assur\u00e9s fragilis\u00e9s"},"content":{"rendered":"<p>Cette brochure est \u00e0 destination des partenaires de la CPAM.<\/p>\n<p>Visualiser la brochure :\u00a0<a href=\"https:\/\/extranet.infocpam.fr\/partenaires\/wp-content\/uploads\/2022\/11\/2023-04-Brochure-aides-individuelles-CPAM25.pdf\">Les aides financi\u00e8res exceptionnelles pour les assur\u00e9s fragilis\u00e9s<\/a> (pdf, 627 ko)<br \/>\n(MAJ, avril 2024)<\/p>\n","protected":false},"excerpt":{"rendered":"<p>Cette brochure est \u00e0 destination des partenaires de la CPAM. Visualiser la brochure :\u00a0Les aides &hellip; <\/p>\n","protected":false},"featured_media":1821,"template":"","meta":{"om_disable_all_campaigns":false,"_monsterinsights_skip_tracking":false,"_monsterinsights_sitenote_active":false,"_monsterinsights_sitenote_note":"","_monsterinsights_sitenote_category":0},"product_brand":[],"product_cat":[32],"product_tag":[37],"class_list":{"0":"post-1819","1":"product","2":"type-product","3":"status-publish","4":"has-post-thumbnail","6":"product_cat-brochures","7":"product_tag-acces-aux-soins","9":"first","10":"instock","11":"shipping-taxable","12":"purchasable","13":"product-type-simple"},"aioseo_notices":[],"jetpack_sharing_enabled":true,"_links":{"self":[{"href":"https:\/\/extranet.infocpam.fr\/partenaires\/wp-json\/wp\/v2\/product\/1819","targetHints":{"allow":["GET"]}}],"collection":[{"href":"https:\/\/extranet.infocpam.fr\/partenaires\/wp-json\/wp\/v2\/product"}],"about":[{"href":"https:\/\/extranet.infocpam.fr\/partenaires\/wp-json\/wp\/v2\/types\/product"}],"wp:featuredmedia":[{"embeddable":true,"href":"https:\/\/extranet.infocpam.fr\/partenaires\/wp-json\/wp\/v2\/media\/1821"}],"wp:attachment":[{"href":"https:\/\/extranet.infocpam.fr\/partenaires\/wp-json\/wp\/v2\/media?parent=1819"}],"wp:term":[{"taxonomy":"product_brand","embeddable":true,"href":"https:\/\/extranet.infocpam.fr\/partenaires\/wp-json\/wp\/v2\/product_brand?post=1819"},{"taxonomy":"product_cat","embeddable":true,"href":"https:\/\/extranet.infocpam.fr\/partenaires\/wp-json\/wp\/v2\/product_cat?post=1819"},{"taxonomy":"product_tag","embeddable":true,"href":"https:\/\/extranet.infocpam.fr\/partenaires\/wp-json\/wp\/v2\/product_tag?post=1819"}],"curies":[{"name":"wp","href":"https:\/\/api.w.org\/{rel}","templated":true}]}}