{"id":1791,"date":"2022-11-15T13:56:42","date_gmt":"2022-11-15T12:56:42","guid":{"rendered":"https:\/\/extranet.infocpam.fr\/partenaires\/?post_type=product&#038;p=1791"},"modified":"2025-10-01T10:18:04","modified_gmt":"2025-10-01T08:18:04","slug":"flyer-mon-compte-ameli-il-me-simplifie-la-vie","status":"publish","type":"product","link":"https:\/\/extranet.infocpam.fr\/partenaires\/produit\/flyer-mon-compte-ameli-il-me-simplifie-la-vie\/","title":{"rendered":"Flyer : Mon compte ameli, il me simplifie la vie ! &#8211; Version ordinateur"},"content":{"rendered":"<p>Flyer Mon compte ameli sur ordinateur &#8211; remis lors des ateliers num\u00e9riques organis\u00e9s \u00e0 la Cpam.<\/p>\n<p><a href=\"https:\/\/extranet.infocpam.fr\/partenaires\/wp-content\/uploads\/2022\/11\/2024-07-brochure-compte-ameli-modop-ordi.pdf\">Voir le flyer-compte-ameli-modop version ordinateur<\/a>. (pdf 1198 ko)<\/p>\n","protected":false},"excerpt":{"rendered":"<p>Remis lors des ateliers num\u00e9riques de la Cpam.<\/p>\n","protected":false},"featured_media":2937,"template":"","meta":{"om_disable_all_campaigns":false,"_monsterinsights_skip_tracking":false,"_monsterinsights_sitenote_active":false,"_monsterinsights_sitenote_note":"","_monsterinsights_sitenote_category":0},"product_brand":[],"product_cat":[32,17],"product_tag":[40,65,56],"class_list":{"0":"post-1791","1":"product","2":"type-product","3":"status-publish","4":"has-post-thumbnail","6":"product_cat-brochures","7":"product_cat-flyer","8":"product_tag-ameli","9":"product_tag-atelier-numerique","10":"product_tag-compte-ameli","12":"first","13":"instock","14":"shipping-taxable","15":"purchasable","16":"product-type-simple"},"aioseo_notices":[],"jetpack_sharing_enabled":true,"_links":{"self":[{"href":"https:\/\/extranet.infocpam.fr\/partenaires\/wp-json\/wp\/v2\/product\/1791","targetHints":{"allow":["GET"]}}],"collection":[{"href":"https:\/\/extranet.infocpam.fr\/partenaires\/wp-json\/wp\/v2\/product"}],"about":[{"href":"https:\/\/extranet.infocpam.fr\/partenaires\/wp-json\/wp\/v2\/types\/product"}],"wp:featuredmedia":[{"embeddable":true,"href":"https:\/\/extranet.infocpam.fr\/partenaires\/wp-json\/wp\/v2\/media\/2937"}],"wp:attachment":[{"href":"https:\/\/extranet.infocpam.fr\/partenaires\/wp-json\/wp\/v2\/media?parent=1791"}],"wp:term":[{"taxonomy":"product_brand","embeddable":true,"href":"https:\/\/extranet.infocpam.fr\/partenaires\/wp-json\/wp\/v2\/product_brand?post=1791"},{"taxonomy":"product_cat","embeddable":true,"href":"https:\/\/extranet.infocpam.fr\/partenaires\/wp-json\/wp\/v2\/product_cat?post=1791"},{"taxonomy":"product_tag","embeddable":true,"href":"https:\/\/extranet.infocpam.fr\/partenaires\/wp-json\/wp\/v2\/product_tag?post=1791"}],"curies":[{"name":"wp","href":"https:\/\/api.w.org\/{rel}","templated":true}]}}