{"id":1768,"date":"2022-10-27T16:15:45","date_gmt":"2022-10-27T14:15:45","guid":{"rendered":"https:\/\/extranet.infocpam.fr\/partenaires\/?post_type=product&#038;p=1768"},"modified":"2025-09-23T11:35:37","modified_gmt":"2025-09-23T09:35:37","slug":"flyer-un-examen-gratuit-de-prevention-en-sante-belfort-montbeliard","status":"publish","type":"product","link":"https:\/\/extranet.infocpam.fr\/partenaires\/produit\/flyer-un-examen-gratuit-de-prevention-en-sante-belfort-montbeliard\/","title":{"rendered":"Flyer : un examen gratuit de pr\u00e9vention en sant\u00e9 &#8211; Belfort &#8211; Montb\u00e9liard"},"content":{"rendered":"<p>Le centre d\u2019examens de sant\u00e9 invite \u00e0 r\u00e9aliser un examen de pr\u00e9vention en sant\u00e9 pris en charge \u00e0 100 % par l\u2019Assurance Maladie.<\/p>\n<p><a href=\"https:\/\/extranet.infocpam.fr\/partenaires\/wp-content\/uploads\/2021\/04\/2022-10-Flyers-CES-BELFORT.pdf\">Visualiser le flyer CES Belfort &#8211; Montb\u00e9liard , (pdf 710 ko)<\/a><\/p>\n","protected":false},"excerpt":{"rendered":"<p>Modalit\u00e9s pour prendre rendez-vous au centre d&rsquo;examens de sant\u00e9 de Belfort ou de Montb\u00e9liard.<\/p>\n","protected":false},"featured_media":667,"template":"","meta":{"om_disable_all_campaigns":false,"_monsterinsights_skip_tracking":false,"_monsterinsights_sitenote_active":false,"_monsterinsights_sitenote_note":"","_monsterinsights_sitenote_category":0},"product_brand":[],"product_cat":[17],"product_tag":[41],"class_list":{"0":"post-1768","1":"product","2":"type-product","3":"status-publish","4":"has-post-thumbnail","6":"product_cat-flyer","7":"product_tag-ces","9":"first","10":"instock","11":"featured","12":"shipping-taxable","13":"purchasable","14":"product-type-simple"},"aioseo_notices":[],"jetpack_sharing_enabled":true,"_links":{"self":[{"href":"https:\/\/extranet.infocpam.fr\/partenaires\/wp-json\/wp\/v2\/product\/1768","targetHints":{"allow":["GET"]}}],"collection":[{"href":"https:\/\/extranet.infocpam.fr\/partenaires\/wp-json\/wp\/v2\/product"}],"about":[{"href":"https:\/\/extranet.infocpam.fr\/partenaires\/wp-json\/wp\/v2\/types\/product"}],"wp:featuredmedia":[{"embeddable":true,"href":"https:\/\/extranet.infocpam.fr\/partenaires\/wp-json\/wp\/v2\/media\/667"}],"wp:attachment":[{"href":"https:\/\/extranet.infocpam.fr\/partenaires\/wp-json\/wp\/v2\/media?parent=1768"}],"wp:term":[{"taxonomy":"product_brand","embeddable":true,"href":"https:\/\/extranet.infocpam.fr\/partenaires\/wp-json\/wp\/v2\/product_brand?post=1768"},{"taxonomy":"product_cat","embeddable":true,"href":"https:\/\/extranet.infocpam.fr\/partenaires\/wp-json\/wp\/v2\/product_cat?post=1768"},{"taxonomy":"product_tag","embeddable":true,"href":"https:\/\/extranet.infocpam.fr\/partenaires\/wp-json\/wp\/v2\/product_tag?post=1768"}],"curies":[{"name":"wp","href":"https:\/\/api.w.org\/{rel}","templated":true}]}}