{"id":176,"date":"2021-03-30T16:03:04","date_gmt":"2021-03-30T14:03:04","guid":{"rendered":"https:\/\/extranet.infocpam.fr\/partenaires\/?post_type=product&#038;p=176"},"modified":"2021-09-28T14:52:29","modified_gmt":"2021-09-28T12:52:29","slug":"brochure-service-social","status":"publish","type":"product","link":"https:\/\/extranet.infocpam.fr\/partenaires\/produit\/brochure-service-social\/","title":{"rendered":"Brochure Service Social"},"content":{"rendered":"<p>Brochure de pr\u00e9sentation du service social de l&rsquo;Assurance Maladie destin\u00e9 \u00e0 pr\u00e9senter les offres de service du service social aux partenaires.<\/p>\n<p>Version : 2021<\/p>\n<p><a href=\"https:\/\/extranet.infocpam.fr\/partenaires\/wp-content\/uploads\/2021\/03\/LR-DDO-56-2021-Annexe-2_Dapss_Depliant-ServiceSocial_VF_STC_03.21.pdf\">Voir la brochure<\/a><\/p>\n","protected":false},"excerpt":{"rendered":"<p>&nbsp;<\/p>\n<p>&nbsp;<\/p>\n<p>&nbsp;<\/p>\n","protected":false},"featured_media":177,"template":"","meta":{"om_disable_all_campaigns":false,"_monsterinsights_skip_tracking":false,"_monsterinsights_sitenote_active":false,"_monsterinsights_sitenote_note":"","_monsterinsights_sitenote_category":0},"product_brand":[],"product_cat":[32],"product_tag":[],"class_list":{"0":"post-176","1":"product","2":"type-product","3":"status-publish","4":"has-post-thumbnail","6":"product_cat-brochures","8":"first","9":"outofstock","10":"shipping-taxable","11":"purchasable","12":"product-type-simple"},"aioseo_notices":[],"jetpack_sharing_enabled":true,"_links":{"self":[{"href":"https:\/\/extranet.infocpam.fr\/partenaires\/wp-json\/wp\/v2\/product\/176","targetHints":{"allow":["GET"]}}],"collection":[{"href":"https:\/\/extranet.infocpam.fr\/partenaires\/wp-json\/wp\/v2\/product"}],"about":[{"href":"https:\/\/extranet.infocpam.fr\/partenaires\/wp-json\/wp\/v2\/types\/product"}],"wp:featuredmedia":[{"embeddable":true,"href":"https:\/\/extranet.infocpam.fr\/partenaires\/wp-json\/wp\/v2\/media\/177"}],"wp:attachment":[{"href":"https:\/\/extranet.infocpam.fr\/partenaires\/wp-json\/wp\/v2\/media?parent=176"}],"wp:term":[{"taxonomy":"product_brand","embeddable":true,"href":"https:\/\/extranet.infocpam.fr\/partenaires\/wp-json\/wp\/v2\/product_brand?post=176"},{"taxonomy":"product_cat","embeddable":true,"href":"https:\/\/extranet.infocpam.fr\/partenaires\/wp-json\/wp\/v2\/product_cat?post=176"},{"taxonomy":"product_tag","embeddable":true,"href":"https:\/\/extranet.infocpam.fr\/partenaires\/wp-json\/wp\/v2\/product_tag?post=176"}],"curies":[{"name":"wp","href":"https:\/\/api.w.org\/{rel}","templated":true}]}}