{"id":1669,"date":"2022-09-01T10:58:15","date_gmt":"2022-09-01T08:58:15","guid":{"rendered":"https:\/\/extranet.infocpam.fr\/partenaires\/?post_type=product&#038;p=1669"},"modified":"2025-10-22T14:01:11","modified_gmt":"2025-10-22T12:01:11","slug":"brochure-jai-besoin-dune-aide-financiere","status":"publish","type":"product","link":"https:\/\/extranet.infocpam.fr\/partenaires\/produit\/brochure-jai-besoin-dune-aide-financiere\/","title":{"rendered":"Brochure, J&rsquo;ai besoin d&rsquo;une aide financi\u00e8re"},"content":{"rendered":"<p>Cette brochure est \u00e0 destination des assur\u00e9s.<br \/>\nVous d\u00e9pendez de la CPAM du Doubs, vos revenus sont modestes ?<br \/>\nVous pouvez b\u00e9n\u00e9ficiez d\u2019une aide financi\u00e8re ponctuelle, en compl\u00e9ment des prestations vers\u00e9es habituellement.<\/p>\n<p>Visualiser la brochure \u00a0:\u00a0<a href=\"https:\/\/extranet.infocpam.fr\/partenaires\/wp-content\/uploads\/2022\/09\/2022-03-brochure-aide-financiereV2.pdf\">j&rsquo;ai besoin d&rsquo;une aide financi\u00e8re<\/a> (723 ko)<\/p>\n","protected":false},"excerpt":{"rendered":"<p>Cette brochure est \u00e0 destination des assur\u00e9s. Vous d\u00e9pendez de la CPAM du Doubs, vos &hellip; <\/p>\n","protected":false},"featured_media":1670,"template":"","meta":{"om_disable_all_campaigns":false,"_monsterinsights_skip_tracking":false,"_monsterinsights_sitenote_active":false,"_monsterinsights_sitenote_note":"","_monsterinsights_sitenote_category":0},"product_brand":[],"product_cat":[32],"product_tag":[37,60],"class_list":{"0":"post-1669","1":"product","2":"type-product","3":"status-publish","4":"has-post-thumbnail","6":"product_cat-brochures","7":"product_tag-acces-aux-soins","8":"product_tag-lessentiel","10":"first","11":"onbackorder","12":"shipping-taxable","13":"purchasable","14":"product-type-simple"},"aioseo_notices":[],"jetpack_sharing_enabled":true,"_links":{"self":[{"href":"https:\/\/extranet.infocpam.fr\/partenaires\/wp-json\/wp\/v2\/product\/1669","targetHints":{"allow":["GET"]}}],"collection":[{"href":"https:\/\/extranet.infocpam.fr\/partenaires\/wp-json\/wp\/v2\/product"}],"about":[{"href":"https:\/\/extranet.infocpam.fr\/partenaires\/wp-json\/wp\/v2\/types\/product"}],"wp:featuredmedia":[{"embeddable":true,"href":"https:\/\/extranet.infocpam.fr\/partenaires\/wp-json\/wp\/v2\/media\/1670"}],"wp:attachment":[{"href":"https:\/\/extranet.infocpam.fr\/partenaires\/wp-json\/wp\/v2\/media?parent=1669"}],"wp:term":[{"taxonomy":"product_brand","embeddable":true,"href":"https:\/\/extranet.infocpam.fr\/partenaires\/wp-json\/wp\/v2\/product_brand?post=1669"},{"taxonomy":"product_cat","embeddable":true,"href":"https:\/\/extranet.infocpam.fr\/partenaires\/wp-json\/wp\/v2\/product_cat?post=1669"},{"taxonomy":"product_tag","embeddable":true,"href":"https:\/\/extranet.infocpam.fr\/partenaires\/wp-json\/wp\/v2\/product_tag?post=1669"}],"curies":[{"name":"wp","href":"https:\/\/api.w.org\/{rel}","templated":true}]}}