{"id":1634,"date":"2022-08-19T14:13:24","date_gmt":"2022-08-19T12:13:24","guid":{"rendered":"https:\/\/extranet.infocpam.fr\/partenaires\/?post_type=product&#038;p=1634"},"modified":"2025-01-15T09:57:51","modified_gmt":"2025-01-15T08:57:51","slug":"affiche-transports-a-savoir-sur-vos-deplacements-medicaux","status":"publish","type":"product","link":"https:\/\/extranet.infocpam.fr\/partenaires\/produit\/affiche-transports-a-savoir-sur-vos-deplacements-medicaux\/","title":{"rendered":"Affiche Transport (Assur\u00e9s) &#8211; \u00e0 savoir pour vos d\u00e9placements m\u00e9dicaux"},"content":{"rendered":"<p>Affiche \u00e0 destination des assur\u00e9s.<\/p>\n<p><a href=\"https:\/\/extranet.infocpam.fr\/partenaires\/wp-content\/uploads\/2022\/08\/affiche-Transports-parking-2022-02.pdf\">Affiche transport 2022<\/a> (pdf, 264 ko)<\/p>\n<p>Version : 02-2022<\/p>\n","protected":false},"excerpt":{"rendered":"<p>&nbsp;<\/p>\n<p>&nbsp;<\/p>\n","protected":false},"featured_media":1639,"template":"","meta":{"om_disable_all_campaigns":false,"_monsterinsights_skip_tracking":false,"_monsterinsights_sitenote_active":false,"_monsterinsights_sitenote_note":"","_monsterinsights_sitenote_category":0},"product_brand":[],"product_cat":[23,21,20],"product_tag":[43,69],"class_list":{"0":"post-1634","1":"product","2":"type-product","3":"status-publish","4":"has-post-thumbnail","6":"product_cat-a3","7":"product_cat-a4","8":"product_cat-affiches","9":"product_tag-professionnels-de-sante","10":"product_tag-transports","11":"product_shipping_class-montbeliard","13":"first","14":"instock","15":"shipping-taxable","16":"purchasable","17":"product-type-variable"},"aioseo_notices":[],"jetpack_sharing_enabled":true,"_links":{"self":[{"href":"https:\/\/extranet.infocpam.fr\/partenaires\/wp-json\/wp\/v2\/product\/1634","targetHints":{"allow":["GET"]}}],"collection":[{"href":"https:\/\/extranet.infocpam.fr\/partenaires\/wp-json\/wp\/v2\/product"}],"about":[{"href":"https:\/\/extranet.infocpam.fr\/partenaires\/wp-json\/wp\/v2\/types\/product"}],"wp:featuredmedia":[{"embeddable":true,"href":"https:\/\/extranet.infocpam.fr\/partenaires\/wp-json\/wp\/v2\/media\/1639"}],"wp:attachment":[{"href":"https:\/\/extranet.infocpam.fr\/partenaires\/wp-json\/wp\/v2\/media?parent=1634"}],"wp:term":[{"taxonomy":"product_brand","embeddable":true,"href":"https:\/\/extranet.infocpam.fr\/partenaires\/wp-json\/wp\/v2\/product_brand?post=1634"},{"taxonomy":"product_cat","embeddable":true,"href":"https:\/\/extranet.infocpam.fr\/partenaires\/wp-json\/wp\/v2\/product_cat?post=1634"},{"taxonomy":"product_tag","embeddable":true,"href":"https:\/\/extranet.infocpam.fr\/partenaires\/wp-json\/wp\/v2\/product_tag?post=1634"}],"curies":[{"name":"wp","href":"https:\/\/api.w.org\/{rel}","templated":true}]}}