{"id":1553,"date":"2022-06-29T16:22:42","date_gmt":"2022-06-29T14:22:42","guid":{"rendered":"https:\/\/extranet.infocpam.fr\/partenaires\/?post_type=product&#038;p=1553"},"modified":"2022-12-14T11:35:27","modified_gmt":"2022-12-14T10:35:27","slug":"affiche-atelier-numerique","status":"publish","type":"product","link":"https:\/\/extranet.infocpam.fr\/partenaires\/produit\/affiche-atelier-numerique\/","title":{"rendered":"Affiche Atelier num\u00e9rique"},"content":{"rendered":"<p>Affiche de promotion des ateliers collectifs organis\u00e9s par la Cpam<\/p>\n<p>Vous rencontrez des personnes ayant besoin d&rsquo;un accompagnement sur leur compte ameli afin de r\u00e9aliser leurs d\u00e9marches en ligne, incitez les \u00e0 participer \u00e0 un atelier collectif organis\u00e9 par la CPAM.<\/p>\n<p>Des ateliers de 2 heures, sur l\u2019utilisation du compte ameli,<br \/>\n10 personnes maximum,<br \/>\nanim\u00e9s par des intervenantes expertes, qui sauront s&rsquo;adapter \u00e0 chaque demande<\/p>\n<p>Version : 2022-06<\/p>\n<p><a href=\"https:\/\/extranet.infocpam.fr\/partenaires\/wp-content\/uploads\/2022\/06\/Affiche-Atelier-numerique.png\">visualisez l&rsquo;affiche atelier num\u00e9rique<\/a><\/p>\n","protected":false},"excerpt":{"rendered":"<p>Affiche de promotion des ateliers collectifs organis\u00e9s par la Cpam Vous rencontrez des personnes ayant &hellip; <\/p>\n","protected":false},"featured_media":1554,"template":"","meta":{"om_disable_all_campaigns":false,"_monsterinsights_skip_tracking":false,"_monsterinsights_sitenote_active":false,"_monsterinsights_sitenote_note":"","_monsterinsights_sitenote_category":0},"product_brand":[],"product_cat":[23,21,20],"product_tag":[65,50],"class_list":{"0":"post-1553","1":"product","2":"type-product","3":"status-publish","4":"has-post-thumbnail","6":"product_cat-a3","7":"product_cat-a4","8":"product_cat-affiches","9":"product_tag-atelier-numerique","10":"product_tag-services-cpam","12":"first","13":"onbackorder","14":"shipping-taxable","15":"purchasable","16":"product-type-variable"},"aioseo_notices":[],"jetpack_sharing_enabled":true,"_links":{"self":[{"href":"https:\/\/extranet.infocpam.fr\/partenaires\/wp-json\/wp\/v2\/product\/1553","targetHints":{"allow":["GET"]}}],"collection":[{"href":"https:\/\/extranet.infocpam.fr\/partenaires\/wp-json\/wp\/v2\/product"}],"about":[{"href":"https:\/\/extranet.infocpam.fr\/partenaires\/wp-json\/wp\/v2\/types\/product"}],"wp:featuredmedia":[{"embeddable":true,"href":"https:\/\/extranet.infocpam.fr\/partenaires\/wp-json\/wp\/v2\/media\/1554"}],"wp:attachment":[{"href":"https:\/\/extranet.infocpam.fr\/partenaires\/wp-json\/wp\/v2\/media?parent=1553"}],"wp:term":[{"taxonomy":"product_brand","embeddable":true,"href":"https:\/\/extranet.infocpam.fr\/partenaires\/wp-json\/wp\/v2\/product_brand?post=1553"},{"taxonomy":"product_cat","embeddable":true,"href":"https:\/\/extranet.infocpam.fr\/partenaires\/wp-json\/wp\/v2\/product_cat?post=1553"},{"taxonomy":"product_tag","embeddable":true,"href":"https:\/\/extranet.infocpam.fr\/partenaires\/wp-json\/wp\/v2\/product_tag?post=1553"}],"curies":[{"name":"wp","href":"https:\/\/api.w.org\/{rel}","templated":true}]}}